{"id":6546,"date":"2026-02-03T16:05:52","date_gmt":"2026-02-03T14:05:52","guid":{"rendered":"https:\/\/demo8.izveide.id.lv\/?post_type=product&#038;p=6546"},"modified":"2026-02-18T11:05:08","modified_gmt":"2026-02-18T09:05:08","slug":"florin-s-limette","status":"publish","type":"product","link":"https:\/\/e-flore.store\/de\/produkt\/florin-s-limette\/","title":{"rendered":"Florin S Limette"},"content":{"rendered":"<p><img decoding=\"async\" style=\"width: 100%; height: auto; display: block;\" src=\"\/wp-content\/uploads\/2026\/01\/0624-PARENT_desc.jpg\" \/><\/p>\n<div id=\"eflore-spacer-v55\" style=\"height: 0px; clear: both; width: 100%; display: block;\"><\/div>\n<p style=\"margin-bottom: 8px; margin-top: 0px; line-height: 1.6;\"><strong>KALK- UND EIWEI\u00dfL\u00d6SENDER UNTERHALTSREINIGER F\u00dcR DEN GESAMTEN SANIT\u00c4RBEREICH <\/strong><\/p>\n<p style=\"margin-bottom: 8px; margin-top: 0px; line-height: 1.6;\"><strong>FLORIN\u00ae S LIMETTE<\/strong><\/p>\n<p style=\"margin-bottom: 8px; margin-top: 0px; line-height: 1.6;\">l\u00f6st streifenfrei kombinierte Kalk-, Fett- und Eiwei\u00dfr\u00fcckst\u00e4nde, hinterl\u00e4sst keine Wasserr\u00e4nder und verbreitet einen angenehmen Limettenduft. FLORIN\u00ae S LIMETTE entfernt Mineral- und Urinsteinablagerungen, greift bei bestimmungsgem\u00e4\u00dfer Anwendung Metalle, Chrom, Edelstahl, Gummi und Dichtungsmassen nicht an und ist eine echte Alternative zu schwefelund salzs\u00e4urehaltigen Reinigern. FLORIN\u00ae S LIMETTE enth\u00e4lt einen Desinfektionszusatz, der das Wachstum von Fu\u00dfpilzen und Bakterien verhindert und diese abt\u00f6tet; es verl\u00e4ngert bei regelm\u00e4\u00dfiger Anwendung die Lebensdauer von Anlagen und Apparaten und ist frei von AOX, EDTA und NTA. Als Grundreiniger empfehlen wir FLORIN\u00ae S PLUS (Prod.-Nr. 0014) und zur Entfernung extremer Verkalkungen und Urinstein eignet sich SANOX (Prod.-Nr. 0018).<\/p>\n<p style=\"margin-bottom: 10px; margin-top: 30px;\"><strong>ANWENDUNGSBEREICHE<\/strong><\/p>\n<p style=\"margin-bottom: 8px; margin-top: 0px; line-height: 1.6;\">Sanit\u00e4rbereiche im Hotel- und Gastst\u00e4ttengewerbe, in Schwimmb\u00e4dern, Krankenh\u00e4usern etc. (z.B. Waschbecken, Verglasungen von Duschkabinen, sanit\u00e4re Einrichtungen); Kl\u00e4ranlagen, Wasserwerke etc.<\/p>\n<p style=\"margin-bottom: 10px; margin-top: 30px;\"><strong>VERARBEITUNGSHINWEISE<\/strong><\/p>\n<p style=\"margin-bottom: 8px; margin-top: 0px; line-height: 1.6;\">Die Verd\u00fcnnung des Konzentrates richtet sich nach Einsatzbereich und Verschmutzungsgrad. Die Verarbeitung sollte 1:1, 1:10 oder h\u00f6her verd\u00fcnnt im Tauch- und Wischverfahren oder mittels Druckspr\u00fcher (konzentrierten Strahl verwenden!) bzw. Schaumkanone erfolgen.<\/p>\n<p style=\"margin-bottom: 10px; margin-top: 30px;\"><strong>WEITERER HINWEIS<\/strong><\/p>\n<p style=\"margin-bottom: 8px; margin-top: 0px; line-height: 1.6;\">Zum Erhalt der Produkteigenschaften FLORIN\u00ae S LIMETTE frostfrei lagern. Ab einer Anwendungskonzentration von 1:10 ist FLORIN\u00ae S LIMETTE nicht mehr kennzeichnungspflichtig!<\/p>\n<p style=\"margin-bottom: 10px; margin-top: 30px;\"><strong>TECHNISCHE DATEN<\/strong><\/p>\n<p style=\"margin-bottom: 8px; margin-top: 0px; line-height: 1.6;\"><strong>Form<\/strong>: fl\u00fcssig<\/p>\n<p style=\"margin-bottom: 8px; margin-top: 0px; line-height: 1.6;\"><strong>Dichte (20 \u00b0C)<\/strong>: 1,03 g\/ml<\/p>\n<p style=\"margin-bottom: 8px; margin-top: 0px; line-height: 1.6;\"><strong>pH-Wert (Konzentrat)<\/strong>: 1-2<\/p>\n<p style=\"margin-bottom: 8px; margin-top: 0px; line-height: 1.6;\"><strong>pH-Wert (2%)<\/strong>: 2-3<\/p>\n<p style=\"margin-bottom: 8px; margin-top: 0px; line-height: 1.6;\"><strong>INHALTSSTOFFE<\/strong>: &lt; nichtionische Tenside, Amidosulfons\u00e4ure, Phosphors\u00e4ure, quart\u00e4re Ammoniumverbindungen, Farb- und Duftstoffe<\/p>\n","protected":false},"excerpt":{"rendered":"<p>KALK- UND EIWEI\u00dfL\u00d6SENDER UNTERHALTSREINIGER F\u00dcR DEN GESAMTEN SANIT\u00c4RBEREICH FLORIN\u00ae S LIMETTE l\u00f6st streifenfrei kombinierte Kalk-, Fett- und Eiwei\u00dfr\u00fcckst\u00e4nde, hinterl\u00e4sst keine Wasserr\u00e4nder und verbreitet einen angenehmen Limettenduft. FLORIN\u00ae S LIMETTE entfernt Mineral- und Urinsteinablagerungen, greift bei bestimmungsgem\u00e4\u00dfer Anwendung Metalle, Chrom, Edelstahl, Gummi und Dichtungsmassen nicht an und ist eine echte Alternative zu schwefelund salzs\u00e4urehaltigen Reinigern. FLORIN\u00ae&#8230;<\/p>\n","protected":false},"featured_media":6547,"template":"","meta":[],"product_brand":[337],"product_cat":[354,357,360],"product_tag":[],"class_list":{"0":"post-6546","1":"product","2":"type-product","3":"status-publish","4":"has-post-thumbnail","6":"product_brand-flore-chemie","7":"product_cat-flore-chemie-produkte","8":"product_cat-hotel-und-gastronomiegewerbe","9":"product_cat-allzweckreiniger-vollwaschmittel-wartungsmittel","11":"first","12":"instock","13":"shipping-taxable","14":"purchasable","15":"product-type-variable","16":"has-default-attributes"},"_links":{"self":[{"href":"https:\/\/e-flore.store\/de\/wp-json\/wp\/v2\/product\/6546","targetHints":{"allow":["GET"]}}],"collection":[{"href":"https:\/\/e-flore.store\/de\/wp-json\/wp\/v2\/product"}],"about":[{"href":"https:\/\/e-flore.store\/de\/wp-json\/wp\/v2\/types\/product"}],"wp:featuredmedia":[{"embeddable":true,"href":"https:\/\/e-flore.store\/de\/wp-json\/wp\/v2\/media\/6547"}],"wp:attachment":[{"href":"https:\/\/e-flore.store\/de\/wp-json\/wp\/v2\/media?parent=6546"}],"wp:term":[{"taxonomy":"product_brand","embeddable":true,"href":"https:\/\/e-flore.store\/de\/wp-json\/wp\/v2\/product_brand?post=6546"},{"taxonomy":"product_cat","embeddable":true,"href":"https:\/\/e-flore.store\/de\/wp-json\/wp\/v2\/product_cat?post=6546"},{"taxonomy":"product_tag","embeddable":true,"href":"https:\/\/e-flore.store\/de\/wp-json\/wp\/v2\/product_tag?post=6546"}],"curies":[{"name":"wp","href":"https:\/\/api.w.org\/{rel}","templated":true}]}}