{"id":6561,"date":"2026-02-03T16:05:57","date_gmt":"2026-02-03T14:05:57","guid":{"rendered":"https:\/\/demo8.izveide.id.lv\/?post_type=product&#038;p=6561"},"modified":"2026-03-26T14:55:39","modified_gmt":"2026-03-26T12:55:39","slug":"florin-sv-rapid","status":"publish","type":"product","link":"https:\/\/e-flore.store\/de\/produkt\/florin-sv-rapid\/","title":{"rendered":"Florin SV Rapid"},"content":{"rendered":"<p><img decoding=\"async\" style=\"width: 100%; height: auto; display: block;\" src=\"\/wp-content\/uploads\/2026\/01\/0747-PARENT_desc.jpg\" alt=\"Description\" \/><\/p>\n<div id=\"eflore-spacer-v55\" style=\"height: 0px; clear: both; width: 100%; display: block;\"><\/div>\n<p style=\"margin-bottom: 10px; margin-top: 30px;\"><strong>HOCHLEISTUNGSENTKALKER SALZS\u00c4UREFREI<\/strong><\/p>\n<p style=\"margin-bottom: 8px; margin-top: 0px; line-height: 1.6;\"><strong>FLORIN\u00ae SV RAPID<\/strong><\/p>\n<p style=\"margin-bottom: 8px; margin-top: 0px; line-height: 1.6;\">ist ein fl\u00fcssiges, saures Reinigungsmittel zur Entfernung von H\u00e4rtebildnerausf\u00e4llungen, Milchstein sowie Eiwei\u00df- und Fettverschmutzungen in lebensmittelverarbeitenden Bereichen. FLORIN\u00ae SV RAPID basiert auf der Wirkung von oberfl\u00e4chenaktiven Substanzen und Phosphors\u00e4ure. Die Verwendung von Phosphors\u00e4ure macht FLORIN\u00ae SV RAPID sehr viel vertr\u00e4glicher f\u00fcr jegliche Arten von Oberfl\u00e4chen als salzs\u00e4urehaltige Produkte. Fliesen, Sanit\u00e4rkeramik, Glas, Edelst\u00e4hle und s\u00e4urebest\u00e4ndige Kunststoffe werden durch FLORIN\u00ae SV RAPID nicht angegriffen. FLORIN\u00ae SV RAPID ist schaumarm und eignet sich dadurch auch zum dis-\/kontinuierlichen Einsatz in CIP-Anlagen. (Anlagenparameter und Angaben des Maschinenherstellers beachten!)<\/p>\n<p>&nbsp;<\/p>\n<p style=\"margin-bottom: 8px; margin-top: 0px; line-height: 1.6;\"><strong>ANWENDUNGSBEREICHE \/ VERARBEITUNGSHINWEISE<\/strong><\/p>\n<p style=\"margin-bottom: 8px; margin-top: 0px; line-height: 1.6;\">F\u00fcr die Behandlung von Aluminium und Aluminiumlegierungen ist FLORIN\u00ae SV RAPID nur bedingt und f\u00fcr Marmoroberfl\u00e4chen nicht geeignet. Lebensmittelf\u00fchrende Oberfl\u00e4chen m\u00fcssen nach der Reinigung bzw. vor Wiederaufnahme der Arbeit hinreichend mit Trinkwasser gesp\u00fclt werden. Wie bei allen sauren Reinigungsmitteln sollte hinsichtlich der Korrosionsbest\u00e4ndigkeit von Aluminium und Edelstahl der Chloridgehalt der Anwendungsl\u00f6sung ca. 50 mg\/l nicht \u00fcbersteigen. FLORIN\u00ae SV RAPID darf nicht zusammen mit aktivchlorhaltigen Produkten zum Einsatz kommen. Aus wirtschaftlichen Gr\u00fcnden und um den Belastungsgrad der Reinigungsl\u00f6sung so niedrig wie m\u00f6glich zu halten, empfiehlt es sich, die Anlagen und Ger\u00e4te vor Einsatz von FLORIN\u00ae SV RAPID gr\u00fcndlich mit Wasser auszusp\u00fclen.<\/p>\n<p style=\"margin-bottom: 8px; margin-top: 0px; line-height: 1.6;\">Milchwirtschaft: Reinigung von Rohrleitungen, Butterfertigern, Lager- und Transporttanks; FLORIN\u00ae SV RAPID wird zur Grundreinigung neben den verwendeten alkalischen Reinigungsmitteln eingesetzt. Die Anwendungskonzentration betr\u00e4gt ca. 0,5 &#8211; 1,0 %. Je nach Verschmutzungsgrad wird die L\u00f6sung kalt oder warm angewandt. Eine Reinigungstemperatur von 60\u00b0C sollte nicht \u00fcberschritten werden. Die Reinigungszeiten richten sich nach den betrieblichen Erfahrungen. Anschlie\u00dfend ist mit Wasser gr\u00fcndlich zu sp\u00fclen.<\/p>\n<p style=\"margin-bottom: 8px; margin-top: 0px; line-height: 1.6;\">Brauwirtschaft: Zur Reinigung des L\u00e4uterbottichs sowie zur sauren Fa\u00dfreinigung (Edelstahlanlagen) kann FLORIN\u00ae SV RAPID eingesetzt werden:<\/p>\n<p style=\"margin-bottom: 8px; margin-top: 0px; line-height: 1.6;\">&#8211; L\u00e4uterbottich: 0,1 &#8211; 1,5 %, kalt<\/p>\n<p style=\"margin-bottom: 8px; margin-top: 0px; line-height: 1.6;\">&#8211; Fa\u00dfreinigung: 1,0 &#8211; 2,0 %, kalt bis +70 \u00b0C<\/p>\n<p style=\"margin-bottom: 8px; margin-top: 0px; line-height: 1.6;\">FLORIN\u00ae SV RAPID wird au\u00dferdem in der Einsatzkonzentration von ca. 0,5 &#8211; 1,0 % f\u00fcr nachstehend aufgef\u00fchrte Aufgaben eingesetzt: Beseitigung von Steinbel\u00e4gen in Apparaten jeglicher Art, Au\u00dfenreinigung von Edelstahlanlagen, Fliesenreinigung, kalte Gl\u00e4serreinigung in Gl\u00e4sersp\u00fclmaschinen (z.B. Bier- und Cocktailgl\u00e4ser), Reinigung von Kisten in Kistenwaschanlagen in Fleischwarenfabriken und Fleischereien (Verd\u00fcnnung 1:1000 bis 1:2000).<\/p>\n<p style=\"margin-bottom: 10px; margin-top: 30px;\"><strong>WEITERER HINWEIS<\/strong><\/p>\n<p style=\"margin-bottom: 8px; margin-top: 0px; line-height: 1.6;\">Zum Erhalt der Produkteigenschaften FLORIN\u00ae SV RAPID bitte frostfrei lagern. Ab einer Anwendungskonzentration von 1:100 ist FLORIN\u00ae SV RAPID nicht mehr kennzeichnungspflichtig.<\/p>\n<p style=\"margin-bottom: 10px; margin-top: 30px;\"><strong>TECHNISCHE DATEN<\/strong><\/p>\n<p style=\"margin-bottom: 8px; margin-top: 0px; line-height: 1.6;\"><strong>Form<\/strong>: fl\u00fcssig<\/p>\n<p style=\"margin-bottom: 8px; margin-top: 0px; line-height: 1.6;\"><strong>Dichte<\/strong>: 1,44 g\/ml<\/p>\n<p style=\"margin-bottom: 8px; margin-top: 0px; line-height: 1.6;\"><strong>pH-Wert (1%)<\/strong>: 1-2<\/p>\n<p style=\"margin-bottom: 8px; margin-top: 0px; line-height: 1.6;\"><strong>k\u00e4lteempfindlich ab<\/strong>: -10 \u00b0C<\/p>\n<p style=\"margin-bottom: 8px; margin-top: 0px; line-height: 1.6;\"><strong>INHALTSSTOFFE<\/strong>: nichtionische Tenside, Inhibitoren, Hilfsmittel, Phosphors\u00e4ure<\/p>\n","protected":false},"excerpt":{"rendered":"<p>HOCHLEISTUNGSENTKALKER SALZS\u00c4UREFREI FLORIN\u00ae SV RAPID ist ein fl\u00fcssiges, saures Reinigungsmittel zur Entfernung von H\u00e4rtebildnerausf\u00e4llungen, Milchstein sowie Eiwei\u00df- und Fettverschmutzungen in lebensmittelverarbeitenden Bereichen. FLORIN\u00ae SV RAPID basiert auf der Wirkung von oberfl\u00e4chenaktiven Substanzen und Phosphors\u00e4ure. Die Verwendung von Phosphors\u00e4ure macht FLORIN\u00ae SV RAPID sehr viel vertr\u00e4glicher f\u00fcr jegliche Arten von Oberfl\u00e4chen als salzs\u00e4urehaltige Produkte. Fliesen, Sanit\u00e4rkeramik,&#8230;<\/p>\n","protected":false},"featured_media":6562,"template":"","meta":[],"product_brand":[337],"product_cat":[354,357,375],"product_tag":[],"class_list":{"0":"post-6561","1":"product","2":"type-product","3":"status-publish","4":"has-post-thumbnail","6":"product_brand-flore-chemie","7":"product_cat-flore-chemie-produkte","8":"product_cat-hotel-und-gastronomiegewerbe","9":"product_cat-spezialprodukte-fuer-lebensmittelindustrie-kuechen-baeckereien-raeuchereien-tiefkuehlraeume-u-a","11":"first","12":"instock","13":"shipping-taxable","14":"purchasable","15":"product-type-variable","16":"has-default-attributes"},"_links":{"self":[{"href":"https:\/\/e-flore.store\/de\/wp-json\/wp\/v2\/product\/6561","targetHints":{"allow":["GET"]}}],"collection":[{"href":"https:\/\/e-flore.store\/de\/wp-json\/wp\/v2\/product"}],"about":[{"href":"https:\/\/e-flore.store\/de\/wp-json\/wp\/v2\/types\/product"}],"wp:featuredmedia":[{"embeddable":true,"href":"https:\/\/e-flore.store\/de\/wp-json\/wp\/v2\/media\/6562"}],"wp:attachment":[{"href":"https:\/\/e-flore.store\/de\/wp-json\/wp\/v2\/media?parent=6561"}],"wp:term":[{"taxonomy":"product_brand","embeddable":true,"href":"https:\/\/e-flore.store\/de\/wp-json\/wp\/v2\/product_brand?post=6561"},{"taxonomy":"product_cat","embeddable":true,"href":"https:\/\/e-flore.store\/de\/wp-json\/wp\/v2\/product_cat?post=6561"},{"taxonomy":"product_tag","embeddable":true,"href":"https:\/\/e-flore.store\/de\/wp-json\/wp\/v2\/product_tag?post=6561"}],"curies":[{"name":"wp","href":"https:\/\/api.w.org\/{rel}","templated":true}]}}