{"id":6576,"date":"2026-02-03T16:06:01","date_gmt":"2026-02-03T14:06:01","guid":{"rendered":"https:\/\/demo8.izveide.id.lv\/?post_type=product&#038;p=6576"},"modified":"2026-03-26T14:55:32","modified_gmt":"2026-03-26T12:55:32","slug":"flamil-oke","status":"publish","type":"product","link":"https:\/\/e-flore.store\/de\/produkt\/flamil-oke\/","title":{"rendered":"Flamil OKE"},"content":{"rendered":"<p><img decoding=\"async\" style=\"width: 100%; height: auto; display: block;\" src=\"\/wp-content\/uploads\/2026\/01\/0907-PARENT_desc.jpg\" alt=\"Description\" \/><\/p>\n<p style=\"margin-bottom: 10px; margin-top: 30px;\"><strong>\u00d6LKOHLEENTFERNER<\/strong><\/p>\n<p style=\"margin-bottom: 8px; margin-top: 0px; line-height: 1.6;\"><strong>FLAMIL\u00ae OKE<\/strong><\/p>\n<p style=\"margin-bottom: 8px; margin-top: 0px; line-height: 1.6;\">eignet sich zur Reinigung von Stahl- und Leichtmetallteilen die mit eingebrannten und verkohlten \u00d6l- und Fettr\u00fcckst\u00e4nden verunreinigt sind. Das Produkt FLAMIL\u00ae OKE ist leicht mit Wasser abwaschbar und frei von Phenol, Kresol und Chromsalzen.<\/p>\n<p style=\"margin-bottom: 10px; margin-top: 30px;\"><strong>ANWENDUNGSBEREICHE<\/strong><\/p>\n<p style=\"margin-bottom: 8px; margin-top: 0px; line-height: 1.6;\">FLAMIL\u00ae OKE hat eine sehr hohe L\u00f6sekraft durch einen hohen Gehalt an organischen S\u00e4uren. Neben eingebrannten und verkohlten \u00d6l- und Fettr\u00fcckst\u00e4nden werden auch Wachse, Ru\u00df u.\u00e4. m\u00fchelos entfernt.<\/p>\n<p style=\"margin-bottom: 10px; margin-top: 30px;\"><strong>VERARBEITUNGSHINWEISE<\/strong><\/p>\n<p style=\"margin-bottom: 8px; margin-top: 0px; line-height: 1.6;\">FLAMIL\u00ae OKE wird vornehmlich im Tauchverfahren angewendet. Desweiteren ist eine Verarbeitung durch Fluten und Spr\u00fchen ebenfalls m\u00f6glich. Nach der Reinigung mit FLAMIL\u00ae OKE sollte m\u00f6glichst mit Wasser nachgesp\u00fclt werden.<\/p>\n<p style=\"margin-bottom: 10px; margin-top: 30px;\"><strong>TECHNISCHE DATEN<\/strong><\/p>\n<p style=\"margin-bottom: 8px; margin-top: 0px; line-height: 1.6;\"><strong>Dichte (20 \u00b0C)<\/strong>: ca. 0,913 g\/ml<\/p>\n<p style=\"margin-bottom: 8px; margin-top: 0px; line-height: 1.6;\"><strong>pH-Wert (Konz.)<\/strong>: ca.1-2<\/p>\n<p style=\"margin-bottom: 8px; margin-top: 0px; line-height: 1.6;\"><strong>Flammpunkt<\/strong>: 50 \u00b0C<\/p>\n<p style=\"margin-bottom: 8px; margin-top: 0px; line-height: 1.6;\"><strong>INHALTSSTOFFE<\/strong>: Organische L\u00f6sungsmittel, Additive<\/p>\n","protected":false},"excerpt":{"rendered":"<p>\u00d6LKOHLEENTFERNER FLAMIL\u00ae OKE eignet sich zur Reinigung von Stahl- und Leichtmetallteilen die mit eingebrannten und verkohlten \u00d6l- und Fettr\u00fcckst\u00e4nden verunreinigt sind. Das Produkt FLAMIL\u00ae OKE ist leicht mit Wasser abwaschbar und frei von Phenol, Kresol und Chromsalzen. ANWENDUNGSBEREICHE FLAMIL\u00ae OKE hat eine sehr hohe L\u00f6sekraft durch einen hohen Gehalt an organischen S\u00e4uren. Neben eingebrannten und&#8230;<\/p>\n","protected":false},"featured_media":6577,"template":"","meta":[],"product_brand":[337],"product_cat":[354,378,387],"product_tag":[],"class_list":{"0":"post-6576","1":"product","2":"type-product","3":"status-publish","4":"has-post-thumbnail","6":"product_brand-flore-chemie","7":"product_cat-flore-chemie-produkte","8":"product_cat-industrie-technik-maschinenbau-elektroanlagen","9":"product_cat-spezialprodukte-fuer-reinigung-und-pflege","11":"first","12":"instock","13":"shipping-taxable","14":"purchasable","15":"product-type-variable","16":"has-default-attributes"},"_links":{"self":[{"href":"https:\/\/e-flore.store\/de\/wp-json\/wp\/v2\/product\/6576","targetHints":{"allow":["GET"]}}],"collection":[{"href":"https:\/\/e-flore.store\/de\/wp-json\/wp\/v2\/product"}],"about":[{"href":"https:\/\/e-flore.store\/de\/wp-json\/wp\/v2\/types\/product"}],"wp:featuredmedia":[{"embeddable":true,"href":"https:\/\/e-flore.store\/de\/wp-json\/wp\/v2\/media\/6577"}],"wp:attachment":[{"href":"https:\/\/e-flore.store\/de\/wp-json\/wp\/v2\/media?parent=6576"}],"wp:term":[{"taxonomy":"product_brand","embeddable":true,"href":"https:\/\/e-flore.store\/de\/wp-json\/wp\/v2\/product_brand?post=6576"},{"taxonomy":"product_cat","embeddable":true,"href":"https:\/\/e-flore.store\/de\/wp-json\/wp\/v2\/product_cat?post=6576"},{"taxonomy":"product_tag","embeddable":true,"href":"https:\/\/e-flore.store\/de\/wp-json\/wp\/v2\/product_tag?post=6576"}],"curies":[{"name":"wp","href":"https:\/\/api.w.org\/{rel}","templated":true}]}}