{"id":6869,"date":"2016-10-06T10:30:10","date_gmt":"2016-10-06T07:30:10","guid":{"rendered":"https:\/\/e-flore.store\/en\/?page_id=6869"},"modified":"2026-02-10T18:22:42","modified_gmt":"2026-02-10T16:22:42","slug":"products","status":"publish","type":"page","link":"https:\/\/e-flore.store\/lv\/","title":{"rendered":"PRODUKTI"},"content":{"rendered":"<section class=\"l-section wpb_row height_custom\"><div class=\"l-section-h i-cf\"><div class=\"g-cols vc_row via_flex valign_top type_default stacking_default\"><div class=\"vc_col-sm-12 wpb_column vc_column_container\"><div class=\"vc_column-inner\"><div class=\"wpb_wrapper\"><div class=\"w-separator size_small with_line width_default thick_3 style_solid color_primary align_center\"><div class=\"w-separator-h\"><\/div><\/div><div class=\"g-cols wpb_row via_flex valign_top type_default stacking_default\"><div class=\"vc_col-sm-3 wpb_column vc_column_container\"><div class=\"vc_column-inner\"><div class=\"wpb_wrapper\"><div class=\"wpb_widgetised_column wpb_content_element us_custom_1b04de86\"><div class=\"wpb_wrapper\"><div id=\"woocommerce_product_categories-3\" class=\"widget woocommerce widget_product_categories\"><ul class=\"product-categories\"><li class=\"cat-item cat-item-353 cat-parent\"><a href=\"https:\/\/e-flore.store\/lv\/produkta-kategorija\/flore-chemie-produkti\/\">FLORE CHEMIE PRODUKTI<\/a><\/li>\n<li class=\"cat-item cat-item-414 cat-parent\"><a href=\"https:\/\/e-flore.store\/lv\/produkta-kategorija\/chemie-spezial-produkti\/\">CHEMIE-SPEZIAL PRODUKTI<\/a><\/li>\n<\/ul><\/div><\/div><\/div><div class=\"w-separator size_small with_line width_default thick_3 style_solid color_primary align_center\"><div class=\"w-separator-h\"><\/div><\/div><div class=\"wpb_text_column\"><div class=\"wpb_wrapper\"><h3><span>Kvalit\u0101te<\/span><\/h3>\n<\/div><\/div><div class=\"w-separator size_small\"><\/div><div class=\"w-image align_none\"><div class=\"w-image-h\"><img decoding=\"async\" width=\"502\" height=\"197\" src=\"https:\/\/e-flore.store\/wp-content\/uploads\/2026\/02\/Screen-Shot-2012-01-30-at-15.21.01.png\" class=\"attachment-large size-large\" alt=\"\" loading=\"lazy\" srcset=\"https:\/\/e-flore.store\/wp-content\/uploads\/2026\/02\/Screen-Shot-2012-01-30-at-15.21.01.png 502w, https:\/\/e-flore.store\/wp-content\/uploads\/2026\/02\/Screen-Shot-2012-01-30-at-15.21.01-300x118.png 300w\" sizes=\"auto, (max-width: 502px) 100vw, 502px\" \/><\/div><\/div><div class=\"w-separator size_small\"><\/div><div class=\"w-image align_none\"><div class=\"w-image-h\"><img decoding=\"async\" width=\"300\" height=\"127\" src=\"https:\/\/e-flore.store\/wp-content\/uploads\/2026\/02\/dekra-vaike-7.jpg\" class=\"attachment-large size-large\" alt=\"\" loading=\"lazy\" \/><\/div><\/div><div class=\"w-separator size_small\"><\/div><div class=\"w-image align_none\"><div class=\"w-image-h\"><img decoding=\"async\" width=\"200\" height=\"79\" src=\"https:\/\/e-flore.store\/wp-content\/uploads\/2026\/02\/Made-in-Germany-200-222.jpg\" class=\"attachment-large size-large\" alt=\"\" loading=\"lazy\" \/><\/div><\/div><div class=\"w-separator size_small with_line width_default thick_3 style_solid color_primary align_center\"><div class=\"w-separator-h\"><\/div><\/div><div class=\"wpb_text_column\"><div class=\"wpb_wrapper\"><h3><span>Lo\u0123istika<\/span><\/h3>\n<\/div><\/div><div class=\"w-separator size_small\"><\/div><div class=\"w-image align_none\"><div class=\"w-image-h\"><img decoding=\"async\" width=\"270\" height=\"40\" src=\"https:\/\/e-flore.store\/wp-content\/uploads\/2026\/02\/logo-cargomax.png\" class=\"attachment-large size-large\" alt=\"\" loading=\"lazy\" \/><\/div><\/div><div class=\"w-separator size_small\"><\/div><div class=\"w-image align_none\"><div class=\"w-image-h\"><img decoding=\"async\" width=\"980\" height=\"468\" src=\"https:\/\/e-flore.store\/wp-content\/uploads\/2026\/02\/pickup_logo-1024x489.jpg\" class=\"attachment-large size-large\" alt=\"\" loading=\"lazy\" srcset=\"https:\/\/e-flore.store\/wp-content\/uploads\/2026\/02\/pickup_logo-1024x489.jpg 1024w, https:\/\/e-flore.store\/wp-content\/uploads\/2026\/02\/pickup_logo-scaled-600x287.jpg 600w, https:\/\/e-flore.store\/wp-content\/uploads\/2026\/02\/pickup_logo-300x143.jpg 300w\" sizes=\"auto, (max-width: 980px) 100vw, 980px\" \/><\/div><\/div><\/div><\/div><\/div><div class=\"vc_col-sm-9 wpb_column vc_column_container\"><div class=\"vc_column-inner\"><div class=\"wpb_wrapper\"><div class=\"wpb_text_column\"><div class=\"wpb_wrapper\"><h3><span>Inform\u0101cija klientiem<\/span><\/h3>\n<div class=\"innerin txt\">\n<p>&nbsp;<\/p>\n<p><b>Pre\u010du pas\u016bt\u012b\u0161ana:<\/b><\/p>\n<p>Visas cenas pre\u010du katalog\u0101 ir nor\u0101d\u012btas bez Pievienot\u0101s V\u0113rt\u012bbas Nodok\u013ca. Pre\u010du pieg\u0101des izmaksas nav iek\u013cautas cen\u0101.<\/p>\n<p>1.Izv\u0113lieties pre\u010du katalog\u0101 v\u0113lamo preci un nospiediet pogu &#8220;Pirkt&#8221;.<\/p>\n<p>2.Kad Jums v\u0113lam\u0101s preces ir ievietotas iepirkuma groz\u0101, lapas aug\u0161da\u013c\u0101 nospiediet uz izv\u0113lnes &#8220;Apskat\u012bt grozu&#8221;.<\/p>\n<p>3.Ja nepiecie\u0161ams, tad veiciet izmai\u0146as iepirkuma groz\u0101.<\/p>\n<p>4.L\u016bdzu, aizpildiet inform\u0101ciju par sevi, nor\u0101dot savu v\u0101rdu, e-pastu, t\u0101lruni, pieg\u0101des adresi (ja preci jums vajadz\u0113s pieg\u0101d\u0101t). Pie papildus koment\u0101riem J\u016bs nor\u0101diet vai pirkumu veiks fiziska vai juridiska persona, nor\u0101diet v\u0101rdu, uzv\u0101rdu un personas kodu, vai ar\u012b uz\u0146\u0113muma nosaukumu, re\u0123istr\u0101cijas numuru un juridisko adresi. Nor\u0101diet, k\u0101ds b\u016bs apmaksas veids. Pas\u016bt\u012bjuma apmaksa iesp\u0113jama veicot bankas p\u0101rskait\u012bjumu.<\/p>\n<p>5.Apstipriniet pas\u016bt\u012bjumu nospie\u017eot pogu &#8220;Pas\u016bt\u012bt&#8221;.<\/p>\n<p>6.P\u0113c pas\u016bt\u012bjuma nos\u016bt\u012b\u0161anas J\u016bs sa\u0146emsiet apstiprin\u0101juma e-pastu un ar Jums sazin\u0101sies m\u016bsu tirdzniec\u012bbas konsultants, atk\u0101rtoti apstiprin\u0101s pas\u016bt\u012bjuma pie\u0146em\u0161anu, k\u0101 ar\u012b inform\u0113s par apmaksas veidu un pieg\u0101des laiku.<\/p>\n<p>7.Pas\u016bt\u012bjuma pieg\u0101des maksa tiek nor\u0101d\u012bta katram pas\u016bt\u012bjumam individu\u0101li atkar\u012bb\u0101 no pas\u016bt\u012bjuma lieluma un pieg\u0101des vietas.<\/p>\n<p>8.M\u016bsu kurjerdienests pieg\u0101d\u0101s Jums pas\u016bt\u012bjumu.<\/p>\n<p>&nbsp;<\/p>\n<p><b>Nor\u0113\u0137ina veidi:<\/b><\/p>\n<p>Ar bankas p\u0101rskait\u012bjumu.<\/p>\n<p>J\u016bs maks\u0101siet ar bankas p\u0101rskait\u012bjumu veicot priek\u0161apmaksu. P\u0113c pas\u016bt\u012bjuma nos\u016bt\u012b\u0161anas J\u016bs sa\u0146emsiet apstiprin\u0101juma e-pastu un ar Jums sazin\u0101sies m\u016bsu tirdzniec\u012bbas konsultants, atk\u0101rtoti apstiprin\u0101s pas\u016bt\u012bjuma pie\u0146em\u0161anu, inform\u0113s par pieg\u0101des laiku un izs\u016bt\u012bs Jums r\u0113\u0137inu par pas\u016bt\u012bto preci. P\u0113c apmaksas ien\u0101k\u0161anas m\u016bsu kont\u0101 nor\u0101d\u012btaj\u0101 laik\u0101 tiks veikta pre\u010du pieg\u0101de. J\u016bs varat veikt apmaksu izmantojot jebkuru Latvijas internetbanku. Preces sa\u0146em\u0161anas br\u012bd\u012b J\u016bs sa\u0146emsiet r\u0113\u0137ina ori\u0123in\u0101lu un pre\u010du pavadz\u012bmi.<\/p>\n<p>&nbsp;<\/p>\n<p><b>Pre\u010du pieg\u0101de:<\/b><\/p>\n<p>Pas\u016bt\u012bjuma pieg\u0101des maksa tiek noteikta katram pas\u016bt\u012bjumam individu\u0101li.<\/p>\n<p>Pas\u016bt\u012bjuma pieg\u0101de notiek l\u012bdz m\u0101jas\/dz\u012bvok\u013ca durv\u012bm.<\/p>\n<p>Pieg\u0101de C\u0113su pils\u0113tas robe\u017e\u0101s \u2013 bez maksas.<\/p>\n<p>Pieg\u0101de pa Latviju (\u0101rpus C\u0113s\u012bm) \u2013 saska\u0146\u0101 ar kurjerdienesta noteiktajiem tarifiem.<\/p>\n<p>Pieg\u0101de pa Latviju pirkuma summai p\u0101rsniedzot EUR 500.00 \u2013 bez maksas.<\/p>\n<p>Pieg\u0101di veicam ar kurjerpastu un samaksa atkar\u012bga no J\u016bsu pieg\u0101des adreses un pas\u016bt\u012bjuma svara (jaut\u0101jiet m\u016bsu konsultantiem).<\/p>\n<p>Pas\u016bt\u012bjuma pieg\u0101de notiek 3 &#8211; 14 darba dienu laik\u0101 kop\u0161 pas\u016bt\u012bjuma apmaksas sa\u0146em\u0161anas.<\/p>\n<p>&nbsp;<\/p>\n<p><b>Citi noteikumi:<\/b><\/p>\n<p>Interneta veikal\u0101 www.e-flore.lv apskat\u0101majiem pre\u010du att\u0113liem un cen\u0101m ir informat\u012bvs raksturs. www.e-flore.lv sniegt\u0101s inform\u0101cijas izmanto\u0161ana nerada juridiskas saist\u012bbas starp interneta veikala apmekl\u0113t\u0101jiem un t\u0101 veidot\u0101jiem. T\u0101 k\u0101 pre\u010du ra\u017eot\u0101js nemit\u012bgi str\u0101d\u0101 pie to uzlabo\u0161anas m\u0113s nevaram garant\u0113t inform\u0101cijas piln\u012bgu precizit\u0101ti konkr\u0113taj\u0101 interneta veikala apmekl\u0113juma br\u012bd\u012b.<\/p>\n<p>Produkta apraksts un lieto\u0161anas instrukcija ir izstr\u0101d\u0101ta uz m\u016bsu pa\u0161reiz\u0113jo zin\u0101\u0161anu un pieredzes b\u0101zes. T\u0101 k\u0101 produkts netiek lietots m\u016bsu uzraudz\u012bb\u0101 un visas situ\u0101cijas nav paredzamas, tad negarant\u0113jam lietot\u0101jam pl\u0101noto rezult\u0101tu un neuz\u0146emamies atbild\u012bbu par iesp\u0113jamiem boj\u0101jumiem, kas rodas izmanto\u0161anas laik\u0101. Iz\u0146\u0113mums ir produkta izrais\u012btie boj\u0101jumi, ja ir pier\u0101d\u0101ms, ka produkta st\u0101voklis vai sast\u0101vs ir neatbilsto\u0161s.<\/p>\n<p>Nepiecie\u0161am\u012bbas gad\u012bjumos uzr\u0101d\u0101m preces atbilst\u012bbas sertifik\u0101tu kopijas.<\/p>\n<p>Jaut\u0101jumu vai neskaidr\u012bbu gad\u012bjum\u0101 zvaniet +371 27157749 vai rakstiet uz<span>\u00a0<\/span><a href=\"mailto:info@e-flore.lv\">info@e-flore.lv<\/a>.<\/p>\n<\/div>\n<\/div><\/div><\/div><\/div><\/div><\/div><\/div><\/div><\/div><\/div><\/div><\/section>\n","protected":false},"excerpt":{"rendered":"FLORE CHEMIE PRODUKTI CHEMIE-SPEZIAL PRODUKTI Kvalit\u0101te Lo\u0123istika Inform\u0101cija klientiem &nbsp; Pre\u010du pas\u016bt\u012b\u0161ana: Visas cenas pre\u010du katalog\u0101 ir nor\u0101d\u012btas bez Pievienot\u0101s V\u0113rt\u012bbas Nodok\u013ca. Pre\u010du pieg\u0101des izmaksas nav iek\u013cautas cen\u0101. 1.Izv\u0113lieties pre\u010du katalog\u0101 v\u0113lamo preci un nospiediet pogu &#8220;Pirkt&#8221;. 2.Kad Jums v\u0113lam\u0101s preces ir ievietotas iepirkuma groz\u0101, lapas aug\u0161da\u013c\u0101 nospiediet uz izv\u0113lnes &#8220;Apskat\u012bt grozu&#8221;. 3.Ja nepiecie\u0161ams, tad...","protected":false},"author":1,"featured_media":0,"parent":0,"menu_order":0,"comment_status":"closed","ping_status":"closed","template":"","meta":{"footnotes":""},"class_list":["post-6869","page","type-page","status-publish","hentry"],"_links":{"self":[{"href":"https:\/\/e-flore.store\/lv\/wp-json\/wp\/v2\/pages\/6869","targetHints":{"allow":["GET"]}}],"collection":[{"href":"https:\/\/e-flore.store\/lv\/wp-json\/wp\/v2\/pages"}],"about":[{"href":"https:\/\/e-flore.store\/lv\/wp-json\/wp\/v2\/types\/page"}],"author":[{"embeddable":true,"href":"https:\/\/e-flore.store\/lv\/wp-json\/wp\/v2\/users\/1"}],"replies":[{"embeddable":true,"href":"https:\/\/e-flore.store\/lv\/wp-json\/wp\/v2\/comments?post=6869"}],"version-history":[{"count":14,"href":"https:\/\/e-flore.store\/lv\/wp-json\/wp\/v2\/pages\/6869\/revisions"}],"predecessor-version":[{"id":7200,"href":"https:\/\/e-flore.store\/lv\/wp-json\/wp\/v2\/pages\/6869\/revisions\/7200"}],"wp:attachment":[{"href":"https:\/\/e-flore.store\/lv\/wp-json\/wp\/v2\/media?parent=6869"}],"curies":[{"name":"wp","href":"https:\/\/api.w.org\/{rel}","templated":true}]}}