{"id":6888,"date":"2026-02-06T06:34:23","date_gmt":"2026-02-06T04:34:23","guid":{"rendered":"https:\/\/e-flore.store\/en\/?page_id=6888"},"modified":"2026-02-10T15:44:47","modified_gmt":"2026-02-10T13:44:47","slug":"karjera","status":"publish","type":"page","link":"https:\/\/e-flore.store\/lv\/karjera\/","title":{"rendered":"KARJERA"},"content":{"rendered":"<section class=\"l-section wpb_row height_custom\"><div class=\"l-section-h i-cf\"><div class=\"g-cols vc_row via_flex valign_top type_default stacking_default\"><div class=\"vc_col-sm-12 wpb_column vc_column_container\"><div class=\"vc_column-inner\"><div class=\"wpb_wrapper\"><div class=\"w-separator size_small with_line width_default thick_3 style_solid color_primary align_center\"><div class=\"w-separator-h\"><\/div><\/div><div class=\"g-cols wpb_row via_flex valign_top type_default stacking_default\"><div class=\"vc_col-sm-6 wpb_column vc_column_container\"><div class=\"vc_column-inner\"><div class=\"wpb_wrapper\"><div class=\"wpb_text_column\"><div class=\"wpb_wrapper\"><h3><span>Karjera<\/span><\/h3>\n<\/div><\/div><div class=\"w-separator size_small\"><\/div><div class=\"wpb_text_column\"><div class=\"wpb_wrapper\"><p>SIA CHEMIE SPEZIAL ir firmas FLORE-CHEMIE GmbH ofici\u0101lais p\u0101rst\u0101vis Latvij\u0101. M\u016bsu uz\u0146\u0113mums ir viens no V\u0101cijas-Baltijas Tirdzniec\u012bbas kameras (Deutsch-Baltische Handelskammer in Estland, Lettland, Litauen) biedriem.<\/p>\n<div class=\"innerin txt\">\n<p>Ar m\u0113r\u0137i atbalst\u012bt jau eso\u0161o un papla\u0161in\u0101t potenci\u0101lo klientu loku Latvij\u0101, m\u0113s mekl\u0113jam augsti motiv\u0113tus un dinamiskus tirdzniec\u012bbas a\u0123entus: &#8211; a\u0123entus ar attiec\u012bgu pieredzi uz\u0146\u0113muma pied\u0101v\u0101to produktu p\u0101rzin\u0101\u0161anai un p\u0101rdo\u0161anai re\u0123ionos un R\u012bgas pils\u0113t\u0101, &#8211; uz\u0146\u0113mumu atbild\u012bg\u0101s personas par konkr\u0113tu produktu ieg\u0101di uz\u0146\u0113muma vajadz\u012bb\u0101m<\/p>\n<p>J\u016bs var\u0113siet str\u0101d\u0101t p\u0113c saviem noteikumiem un ieskatiem: \u2022 no m\u0101j\u0101m ar datoru kl\u0113p\u012b vai tiekoties ar potenci\u0101lajiem klientiem dz\u012bv\u0113, \u2022 uz pilnu slodzi, pusslodzi vai bez noteikta darba laika, \u2022 no r\u012bta, pa dienu vai vakar\u0101.<\/p>\n<p>Viss ir sak\u0101rtots t\u0101, lai J\u016bs var\u0113tu veikt savu darbu un veidot savu biznesu no jebkuras vietas pasaul\u0113 &#8211; viegli un bez aiz\u0137er\u0161an\u0101s. Pas\u016bt\u012bjumus m\u016bsu klienti veic internet\u0101 piepras\u012bjumu nos\u016btot uz a\u0123enta nor\u0101d\u012bto e-pastu. P\u0113c tam kurjers produktus pieg\u0101d\u0101 katra klienta nor\u0101d\u012bt\u0101 adres\u0113. Katru reizi, kad k\u0101ds ar J\u016bsu ieteikumu (a\u0123enta ID numuru) izdar\u012bs pirkumu, J\u016bs sa\u0146emsiet atl\u012bdz\u012bbu saska\u0146\u0101 ar komp\u0101nijas noteiktajiem standartiem \u201315%, 20% un 25% apjom\u0101 no kop\u0113j\u0101s p\u0101rdot\u0101s pre\u010du summas.<\/p>\n<p>Komp\u0101nija nodro\u0161ina piln\u012bb\u0101 visu, lai Jums ne par ko neb\u016btu j\u0101uztraucas: \u2022 regul\u0101ru produktu ra\u017eo\u0161anu un pieg\u0101di, \u2022 jaunu produktu izstr\u0101di, \u2022 gr\u0101matved\u012bbu, \u2022 visa starptautisk\u0101 tirgus juridisko dokumentu noform\u0113\u0161anu, \u2022 attiec\u012bgos sertifik\u0101tus, \u2022 kl\u012bniskos p\u0113t\u012bjumus, \u2022 lo\u0123istiku, utt.<\/p>\n<p>J\u016bs v\u0113laties mums pievienoties, lai ar sav\u0101m zin\u0101\u0161an\u0101m un darbu kalpotu m\u016bsu eso\u0161ajiem un potenci\u0101lajiem klientiem &#8211; m\u0113s pied\u0101v\u0101jam kvalific\u0113tu profesion\u0101lo atbalstu un atbilsto\u0161u atalgojumu J\u016bsu sp\u0113j\u0101m.<\/p>\n<p>Izr\u0101diet iniciat\u012bvu! M\u0113s ceram sa\u0146emt J\u016bsu pieteikumu!<\/p>\n<p>J\u016bsu dz\u012bve &#8211; J\u016bsu darbs &#8211; J\u016bsu bizness &#8211; J\u016bsu br\u012bv\u012bba!<\/p>\n<\/div>\n<\/div><\/div><\/div><\/div><\/div><div class=\"vc_col-sm-6 wpb_column vc_column_container\"><div class=\"vc_column-inner\"><div class=\"wpb_wrapper\"><div class=\"w-image align_none\"><div class=\"w-image-h\"><img decoding=\"async\" width=\"475\" height=\"468\" src=\"https:\/\/e-flore.store\/wp-content\/uploads\/2026\/02\/Career-4.jpg\" class=\"attachment-large size-large\" alt=\"\" loading=\"lazy\" srcset=\"https:\/\/e-flore.store\/wp-content\/uploads\/2026\/02\/Career-4.jpg 475w, https:\/\/e-flore.store\/wp-content\/uploads\/2026\/02\/Career-4-300x296.jpg 300w\" sizes=\"auto, (max-width: 475px) 100vw, 475px\" \/><\/div><\/div><\/div><\/div><\/div><\/div><div class=\"w-separator size_small with_line width_default thick_3 style_solid color_primary align_center\"><div class=\"w-separator-h\"><\/div><\/div><\/div><\/div><\/div><\/div><\/div><\/section>\n","protected":false},"excerpt":{"rendered":"Karjera SIA CHEMIE SPEZIAL ir firmas FLORE-CHEMIE GmbH ofici\u0101lais p\u0101rst\u0101vis Latvij\u0101. M\u016bsu uz\u0146\u0113mums ir viens no V\u0101cijas-Baltijas Tirdzniec\u012bbas kameras (Deutsch-Baltische Handelskammer in Estland, Lettland, Litauen) biedriem. Ar m\u0113r\u0137i atbalst\u012bt jau eso\u0161o un papla\u0161in\u0101t potenci\u0101lo klientu loku Latvij\u0101, m\u0113s mekl\u0113jam augsti motiv\u0113tus un dinamiskus tirdzniec\u012bbas a\u0123entus: &#8211; a\u0123entus ar attiec\u012bgu pieredzi uz\u0146\u0113muma pied\u0101v\u0101to produktu p\u0101rzin\u0101\u0161anai un...","protected":false},"author":1,"featured_media":0,"parent":0,"menu_order":0,"comment_status":"closed","ping_status":"closed","template":"","meta":{"footnotes":""},"class_list":["post-6888","page","type-page","status-publish","hentry"],"_links":{"self":[{"href":"https:\/\/e-flore.store\/lv\/wp-json\/wp\/v2\/pages\/6888","targetHints":{"allow":["GET"]}}],"collection":[{"href":"https:\/\/e-flore.store\/lv\/wp-json\/wp\/v2\/pages"}],"about":[{"href":"https:\/\/e-flore.store\/lv\/wp-json\/wp\/v2\/types\/page"}],"author":[{"embeddable":true,"href":"https:\/\/e-flore.store\/lv\/wp-json\/wp\/v2\/users\/1"}],"replies":[{"embeddable":true,"href":"https:\/\/e-flore.store\/lv\/wp-json\/wp\/v2\/comments?post=6888"}],"version-history":[{"count":4,"href":"https:\/\/e-flore.store\/lv\/wp-json\/wp\/v2\/pages\/6888\/revisions"}],"predecessor-version":[{"id":7143,"href":"https:\/\/e-flore.store\/lv\/wp-json\/wp\/v2\/pages\/6888\/revisions\/7143"}],"wp:attachment":[{"href":"https:\/\/e-flore.store\/lv\/wp-json\/wp\/v2\/media?parent=6888"}],"curies":[{"name":"wp","href":"https:\/\/api.w.org\/{rel}","templated":true}]}}