{"id":6933,"date":"2016-08-31T12:38:04","date_gmt":"2016-08-31T09:38:04","guid":{"rendered":"https:\/\/e-flore.store\/?page_id=6933"},"modified":"2026-02-10T15:34:48","modified_gmt":"2026-02-10T13:34:48","slug":"par-mums","status":"publish","type":"page","link":"https:\/\/e-flore.store\/lv\/par-mums\/","title":{"rendered":"PAR MUMS"},"content":{"rendered":"<section class=\"l-section wpb_row height_custom\"><div class=\"l-section-h i-cf\"><div class=\"g-cols vc_row via_flex valign_top type_default stacking_default\"><div class=\"vc_col-sm-12 wpb_column vc_column_container\"><div class=\"vc_column-inner\"><div class=\"wpb_wrapper\"><div class=\"w-separator size_small with_line width_default thick_3 style_solid color_primary align_center\"><div class=\"w-separator-h\"><\/div><\/div><div class=\"wpb_text_column\"><div class=\"wpb_wrapper\"><h3><span>Par mums<\/span><\/h3>\n<\/div><\/div><div class=\"w-separator size_small\"><\/div><div class=\"wpb_text_column\"><div class=\"wpb_wrapper\"><p><b><span>FLORE-CHEMIE specializ\u0113tie koncentr\u0101ti samazina t\u012br\u012b\u0161anas izdevumus 2,5 reizes!<\/span><\/b><\/p>\n<p><b>T\u0101da ekonomija ir iesp\u0113jama, jo, jau kop\u0161 1976. gada, v\u0101cu komp\u0101nija-ra\u017eot\u0101js FLORE-CHEMIE p\u0113ta lielo uz\u0146\u0113mumu specifisk\u0101s vajadz\u012bbas un rada tiem inovat\u012bvus produktus.<\/b><\/p>\n<p>FLORE-CHEMIE ir viens no Eiropas vado\u0161ajiem specializ\u0113to \u0137\u012bmiski-tehnisko produktu ra\u017eot\u0101jiem t\u012br\u012b\u0161anas, kop\u0161anas un uztur\u0113\u0161anas jom\u0101 ar 30 gadu pieredzi. Uz\u0146\u0113mums jau daudzus gadus ierindojas vado\u0161o uz\u0146\u0113mumu sarakst\u0101 un var uzr\u0101d\u012bt atsauksmju sarakstu, kur\u0101 atrodami daudzi starptautiski paz\u012bstami z\u012bmoli.<\/p>\n<\/div><\/div><div class=\"w-separator size_small\"><\/div><div class=\"wpb_text_column\"><div class=\"wpb_wrapper\"><div class=\"innerin txt\">\n<p><img loading=\"lazy\" decoding=\"async\" class=\"alignnone size-full wp-image-6775\" src=\"https:\/\/e-flore.store\/wp-content\/uploads\/2026\/02\/about-us-1.jpg\" alt=\"\" width=\"160\" height=\"55\" \/><img loading=\"lazy\" decoding=\"async\" class=\"alignnone size-medium wp-image-6776\" src=\"https:\/\/e-flore.store\/wp-content\/uploads\/2026\/02\/about-us-2.jpg\" alt=\"\" width=\"160\" height=\"55\" \/><img loading=\"lazy\" decoding=\"async\" class=\"alignnone size-medium wp-image-6777\" src=\"https:\/\/e-flore.store\/wp-content\/uploads\/2026\/02\/about-us-3.jpg\" alt=\"\" width=\"160\" height=\"55\" \/><img loading=\"lazy\" decoding=\"async\" class=\"alignnone size-medium wp-image-6778\" src=\"https:\/\/e-flore.store\/wp-content\/uploads\/2026\/02\/about-us-4.jpg\" alt=\"\" width=\"160\" height=\"55\" \/><img loading=\"lazy\" decoding=\"async\" class=\"alignnone size-medium wp-image-6779\" src=\"https:\/\/e-flore.store\/wp-content\/uploads\/2026\/02\/about-us-5.jpg\" alt=\"\" width=\"160\" height=\"55\" \/><img loading=\"lazy\" decoding=\"async\" class=\"alignnone size-medium wp-image-6780\" src=\"https:\/\/e-flore.store\/wp-content\/uploads\/2026\/02\/about-us-6.jpg\" alt=\"\" width=\"160\" height=\"55\" \/><img loading=\"lazy\" decoding=\"async\" class=\"alignnone size-medium wp-image-6781\" src=\"https:\/\/e-flore.store\/wp-content\/uploads\/2026\/02\/about-us-7.jpg\" alt=\"\" width=\"160\" height=\"55\" \/><img loading=\"lazy\" decoding=\"async\" class=\"alignnone size-medium wp-image-6782\" src=\"https:\/\/e-flore.store\/wp-content\/uploads\/2026\/02\/about-us-8.jpg\" alt=\"\" width=\"160\" height=\"55\" \/><img loading=\"lazy\" decoding=\"async\" class=\"alignnone size-medium wp-image-6783\" src=\"https:\/\/e-flore.store\/wp-content\/uploads\/2026\/02\/about-us-9.jpg\" alt=\"\" width=\"160\" height=\"55\" \/><img loading=\"lazy\" decoding=\"async\" class=\"alignnone size-medium wp-image-6784\" src=\"https:\/\/e-flore.store\/wp-content\/uploads\/2026\/02\/about-us-10.jpg\" alt=\"\" width=\"160\" height=\"55\" \/><img loading=\"lazy\" decoding=\"async\" class=\"alignnone size-medium wp-image-6785\" src=\"https:\/\/e-flore.store\/wp-content\/uploads\/2026\/02\/about-us-11.jpg\" alt=\"\" width=\"160\" height=\"55\" \/><img loading=\"lazy\" decoding=\"async\" class=\"alignnone size-medium wp-image-6786\" src=\"https:\/\/e-flore.store\/wp-content\/uploads\/2026\/02\/about-us-12.jpg\" alt=\"\" width=\"160\" height=\"55\" \/><img loading=\"lazy\" decoding=\"async\" class=\"alignnone size-full wp-image-6787\" src=\"https:\/\/e-flore.store\/wp-content\/uploads\/2026\/02\/about-us-13.jpg\" alt=\"\" width=\"160\" height=\"55\" \/><\/p>\n<\/div>\n<\/div><\/div><div class=\"w-separator size_small\"><\/div><div class=\"wpb_text_column\"><div class=\"wpb_wrapper\"><p>Apm\u0113ram 850 FLORE-CHEMIE produktu katru dienu vis\u0101 pasaul\u0113 tiek izmantoti telpu, ma\u0161\u012bnu un to agreg\u0101tu, darbagaldu, iek\u0101rtu un da\u017e\u0101du materi\u0101lu t\u012br\u012b\u0161anai, apstr\u0101dei un kop\u0161anai. FLORE-CHEMIE l\u012bdzek\u013ci pied\u0101v\u0101 \u0101tru un praktisku probl\u0113mu risin\u0101jumu. High-tech inovat\u012bvie un ekolo\u0123iski nekait\u012bgie produkti ir piem\u0113roti visiem darba diapazoniem un nozar\u0113m. Augstv\u0113rt\u012bgie koncentr\u0101ti ar teicamaj\u0101m \u0161\u0137aid\u012b\u0161anas iesp\u0113j\u0101m pied\u0101v\u0101 \u012bpa\u0161i ekonomisku, k\u0101 ar\u012b laiku un izmaksas taupo\u0161u pielietojumu. Visi FLORE-CHEMIE produkti atbilst visaugst\u0101kajiem dro\u0161\u012bbas standartiem.<\/p>\n<p>Produktu ra\u017eo\u0161an\u0101 FLORE-CHEMIE veic visr\u016bp\u012bg\u0101ko izejmateri\u0101lu izv\u0113li un anal\u012bzi, stingri iev\u0113ro recept\u016bru un seko l\u012bdz nevainojamai produktu kvalit\u0101tei. Viss ra\u017eo\u0161anas process tiek r\u016bp\u012bgi kontrol\u0113ts izmantojot laboratorijas p\u0113t\u012bjumu un testu rezult\u0101tus. FLORE-CHEMIE produkti &#8211;\u00a0videi\u00a0draudz\u012bgi produkti un tiem ir ISO 9001-2008 sertifik\u0101ts akcept\u0113jo\u0161s speci\u0101lo \u0137\u012bmiski &#8211; tehnisko produktu realiz\u0113\u0161anu un t\u012br\u012b\u0161anas komplekso risin\u0101jumu izstr\u0101d\u0101\u0161anu un ievie\u0161anu. Turkl\u0101t viel\u0101m ir izsniegtas starptautiskaj\u0101m norm\u0101m atbilsto\u0161as produktu dro\u0161\u012bbas instrukcijas, k\u0101 ar\u012b neatkar\u012bgo V\u0101cijas izp\u0113tes laboratoriju izdotas starptautisk\u0101m norm\u0101m atbilsto\u0161as produktu atbilst\u012bbas apliec\u012bbas.<\/p>\n<\/div><\/div><div class=\"w-separator size_small with_line width_default thick_3 style_solid color_primary align_center\"><div class=\"w-separator-h\"><\/div><\/div><\/div><\/div><\/div><\/div><\/div><\/section>\n","protected":false},"excerpt":{"rendered":"Par mums FLORE-CHEMIE specializ\u0113tie koncentr\u0101ti samazina t\u012br\u012b\u0161anas izdevumus 2,5 reizes! T\u0101da ekonomija ir iesp\u0113jama, jo, jau kop\u0161 1976. gada, v\u0101cu komp\u0101nija-ra\u017eot\u0101js FLORE-CHEMIE p\u0113ta lielo uz\u0146\u0113mumu specifisk\u0101s vajadz\u012bbas un rada tiem inovat\u012bvus produktus. FLORE-CHEMIE ir viens no Eiropas vado\u0161ajiem specializ\u0113to \u0137\u012bmiski-tehnisko produktu ra\u017eot\u0101jiem t\u012br\u012b\u0161anas, kop\u0161anas un uztur\u0113\u0161anas jom\u0101 ar 30 gadu pieredzi. Uz\u0146\u0113mums jau daudzus gadus...","protected":false},"author":1,"featured_media":0,"parent":0,"menu_order":0,"comment_status":"closed","ping_status":"closed","template":"","meta":{"footnotes":""},"class_list":["post-6933","page","type-page","status-publish","hentry"],"_links":{"self":[{"href":"https:\/\/e-flore.store\/lv\/wp-json\/wp\/v2\/pages\/6933","targetHints":{"allow":["GET"]}}],"collection":[{"href":"https:\/\/e-flore.store\/lv\/wp-json\/wp\/v2\/pages"}],"about":[{"href":"https:\/\/e-flore.store\/lv\/wp-json\/wp\/v2\/types\/page"}],"author":[{"embeddable":true,"href":"https:\/\/e-flore.store\/lv\/wp-json\/wp\/v2\/users\/1"}],"replies":[{"embeddable":true,"href":"https:\/\/e-flore.store\/lv\/wp-json\/wp\/v2\/comments?post=6933"}],"version-history":[{"count":4,"href":"https:\/\/e-flore.store\/lv\/wp-json\/wp\/v2\/pages\/6933\/revisions"}],"predecessor-version":[{"id":7128,"href":"https:\/\/e-flore.store\/lv\/wp-json\/wp\/v2\/pages\/6933\/revisions\/7128"}],"wp:attachment":[{"href":"https:\/\/e-flore.store\/lv\/wp-json\/wp\/v2\/media?parent=6933"}],"curies":[{"name":"wp","href":"https:\/\/api.w.org\/{rel}","templated":true}]}}