{"id":6952,"date":"2026-02-06T06:29:36","date_gmt":"2026-02-06T04:29:36","guid":{"rendered":"https:\/\/e-flore.store\/?page_id=6952"},"modified":"2026-02-20T12:15:08","modified_gmt":"2026-02-20T10:15:08","slug":"sadarbiba","status":"publish","type":"page","link":"https:\/\/e-flore.store\/lv\/sadarbiba\/","title":{"rendered":"SADARB\u012aBA"},"content":{"rendered":"<section class=\"l-section wpb_row height_custom\"><div class=\"l-section-h i-cf\"><div class=\"g-cols vc_row via_flex valign_top type_default stacking_default\"><div class=\"vc_col-sm-12 wpb_column vc_column_container\"><div class=\"vc_column-inner\"><div class=\"wpb_wrapper\"><div class=\"w-separator size_small with_line width_default thick_3 style_solid color_primary align_center\"><div class=\"w-separator-h\"><\/div><\/div><div class=\"g-cols wpb_row via_flex valign_top type_default stacking_default\"><div class=\"vc_col-sm-6 wpb_column vc_column_container\"><div class=\"vc_column-inner\"><div class=\"wpb_wrapper\"><div class=\"wpb_text_column\"><div class=\"wpb_wrapper\"><h3><span>Sadarb\u012bba<\/span><\/h3>\n<\/div><\/div><div class=\"w-separator size_small\"><\/div><div class=\"wpb_text_column\"><div class=\"wpb_wrapper\"><p>M\u0113s esam p\u0101rliecin\u0101ti, ka uz\u0146\u0113mumi sadarbojoties sp\u0113j saviem klientiem pied\u0101v\u0101t visaugst\u0101kas v\u0113rt\u012bbas pakalpojumus un produktus, k\u0101 rezult\u0101t\u0101 sadarb\u012bbas partneri ir sp\u0113j\u012bgi v\u0113l vair\u0101k nostiprin\u0101t savas poz\u012bcijas tirg\u016b, b\u016btiski at\u0161\u0137iroties no konkurentiem ar egocentriskiem risin\u0101jumiem un pozit\u012bvi izce\u013coties starp konkurentiem.<\/p>\n<p>Ja Jums ir radusies ideja ieg\u0101d\u0101ties un realiz\u0113t kvalitat\u012bvus t\u012br\u012b\u0161anas l\u012bdzek\u013cus vai citus specializ\u0113tos \u0137\u012bmiski-tehniskos produktus un v\u0113laties b\u016bt p\u0101rliecin\u0101ti par savu izv\u0113li, tad FLORE-CHEMIE Jums pal\u012bdz\u0113s noorient\u0113ties pla\u0161aj\u0101 \u0137\u012bmisko produktu pied\u0101v\u0101jum\u0101 un gan teor\u0113tiski, gan ar\u012b praktiski pier\u0101d\u012bs, k\u0101p\u0113c izdev\u012bg\u0101k b\u016btu ieg\u0101d\u0101ties p\u0101rbaud\u012btas v\u0113rt\u012bbas. FLORE-CHEMIE aicina J\u016bs nepak\u013cauties vilin\u0101jumam ietaup\u012bt l\u012bdzek\u013cus uz l\u0113tu pied\u0101v\u0101jumu r\u0113\u0137ina, ja ar\u012b domin\u0113 kolekt\u012bvais viedoklis, ka nepiecie\u0161ams ekonom\u0113t l\u012bdzek\u013cus, jo bud\u017eet\u0101 nav paredz\u0113ts finans\u0113jums utt. Pateicoties \u0161\u0137ietami l\u0113to pied\u0101v\u0101jumu vilin\u0101jumam, re\u0101laj\u0101 darba proces\u0101 ietaup\u012btie l\u012bdzek\u013ci tiks izt\u0113r\u0113ti sal\u012bdzino\u0161i \u012bs\u0101 ekspluat\u0101cijas laik\u0101 un j\u016bs p\u0101rmaks\u0101siet par ieg\u0101d\u0101tajiem l\u012bdzek\u013ciem vis\u0101 l\u012bdzek\u013cu ekspluat\u0101cijas laik\u0101 tostarp iev\u0113rojami zaud\u0113jot kvalit\u0101t\u0113 vai pat neieg\u016bstot to visp\u0101r.<\/p>\n<p>Nostiprinot savas poz\u012bcijas Latvijas tirg\u016b, pied\u0101v\u0101jam sadarb\u012bbu juridiskajiem partneriem &#8211; m\u016bsu ra\u017eoto produktu realiz\u0101cijai gan vairumtirdzniec\u012bb\u0101, gan mazumtirdzniec\u012bb\u0101. M\u016bsu uz\u0146\u0113mums pied\u0101v\u0101 vienas no visdraudz\u012bg\u0101kaj\u0101m cen\u0101m Latvij\u0101, kas iet kopsol\u012b ar \u0101trumu un kvalit\u0101ti. Pateicoties jebkura pas\u016bt\u012bjuma izpildes kvalitat\u012bvai un rado\u0161ai pieejai, k\u0101 ar\u012b pre\u010du sortimenta past\u0101v\u012bgai atjauno\u0161anai, ko veic m\u016bsu komp\u0101nija, m\u0113s esam sp\u0113j\u012bgi apmierin\u0101t vispras\u012bg\u0101k\u0101 klienta jebkuras v\u0113lmes. Sniedzot savus pakalpojumus, mums ir svar\u012bgi izveidot ilgtsp\u0113j\u012bgu sadarb\u012bbu, kur\u0101 partnera uzticam\u012bba un godpr\u0101t\u012bba tiek augsti v\u0113rt\u0113ta. Pateicoties starpnieku neesam\u012bbai varam pied\u0101v\u0101t produkciju par pa\u0161\u0101m zem\u0101kaj\u0101m cen\u0101m.<\/p>\n<p>Konsult\u0101cijas sadarb\u012bbas procesa gait\u0101, tehnolo\u0123isko risin\u0101jumu un pareiz\u0101ko produktu ieteikumi, atv\u0113rta komunik\u0101cija, minimums birokr\u0101tijas attiec\u012bb\u0101s, reput\u0101cija, kas ieg\u016bta sekm\u012bgi realiz\u0113jot visda\u017e\u0101d\u0101kos pas\u016bt\u012bjumus \u2013 m\u016bsupr\u0101t veiksm\u012bgas sadarb\u012bbas atsl\u0113ga ar partneri.<\/p>\n<p>P\u0101rliecinieties, ka m\u016bsu pied\u0101v\u0101t\u0101 kvalit\u0101te kopsakar\u012bb\u0101 ar cenu ir \u0101rpus konkurences!<\/p>\n<p>M\u0113s ceram uz ilgu un izdev\u012bgu sadarb\u012bbu!<\/p>\n<\/div><\/div><\/div><\/div><\/div><div class=\"vc_col-sm-6 wpb_column vc_column_container\"><div class=\"vc_column-inner\"><div class=\"wpb_wrapper\"><div class=\"w-image align_right\"><div class=\"w-image-h\"><img decoding=\"async\" width=\"447\" height=\"692\" src=\"https:\/\/e-flore.store\/wp-content\/uploads\/2026\/02\/Cooperation-1.jpg\" class=\"attachment-full size-full\" alt=\"\" loading=\"lazy\" srcset=\"https:\/\/e-flore.store\/wp-content\/uploads\/2026\/02\/Cooperation-1.jpg 447w, https:\/\/e-flore.store\/wp-content\/uploads\/2026\/02\/Cooperation-1-194x300.jpg 194w\" sizes=\"auto, (max-width: 447px) 100vw, 447px\" \/><\/div><\/div><\/div><\/div><\/div><\/div><div class=\"w-separator size_small with_line width_default thick_3 style_solid color_primary align_center\"><div class=\"w-separator-h\"><\/div><\/div><\/div><\/div><\/div><\/div><\/div><\/section>\n","protected":false},"excerpt":{"rendered":"Sadarb\u012bba M\u0113s esam p\u0101rliecin\u0101ti, ka uz\u0146\u0113mumi sadarbojoties sp\u0113j saviem klientiem pied\u0101v\u0101t visaugst\u0101kas v\u0113rt\u012bbas pakalpojumus un produktus, k\u0101 rezult\u0101t\u0101 sadarb\u012bbas partneri ir sp\u0113j\u012bgi v\u0113l vair\u0101k nostiprin\u0101t savas poz\u012bcijas tirg\u016b, b\u016btiski at\u0161\u0137iroties no konkurentiem ar egocentriskiem risin\u0101jumiem un pozit\u012bvi izce\u013coties starp konkurentiem. Ja Jums ir radusies ideja ieg\u0101d\u0101ties un realiz\u0113t kvalitat\u012bvus t\u012br\u012b\u0161anas l\u012bdzek\u013cus vai citus specializ\u0113tos \u0137\u012bmiski-tehniskos...","protected":false},"author":1,"featured_media":0,"parent":0,"menu_order":0,"comment_status":"closed","ping_status":"closed","template":"","meta":{"footnotes":""},"class_list":["post-6952","page","type-page","status-publish","hentry"],"_links":{"self":[{"href":"https:\/\/e-flore.store\/lv\/wp-json\/wp\/v2\/pages\/6952","targetHints":{"allow":["GET"]}}],"collection":[{"href":"https:\/\/e-flore.store\/lv\/wp-json\/wp\/v2\/pages"}],"about":[{"href":"https:\/\/e-flore.store\/lv\/wp-json\/wp\/v2\/types\/page"}],"author":[{"embeddable":true,"href":"https:\/\/e-flore.store\/lv\/wp-json\/wp\/v2\/users\/1"}],"replies":[{"embeddable":true,"href":"https:\/\/e-flore.store\/lv\/wp-json\/wp\/v2\/comments?post=6952"}],"version-history":[{"count":10,"href":"https:\/\/e-flore.store\/lv\/wp-json\/wp\/v2\/pages\/6952\/revisions"}],"predecessor-version":[{"id":8067,"href":"https:\/\/e-flore.store\/lv\/wp-json\/wp\/v2\/pages\/6952\/revisions\/8067"}],"wp:attachment":[{"href":"https:\/\/e-flore.store\/lv\/wp-json\/wp\/v2\/media?parent=6952"}],"curies":[{"name":"wp","href":"https:\/\/api.w.org\/{rel}","templated":true}]}}