{"id":6971,"date":"2026-02-06T06:30:04","date_gmt":"2026-02-06T04:30:04","guid":{"rendered":"https:\/\/e-flore.store\/?page_id=6971"},"modified":"2026-02-10T16:05:49","modified_gmt":"2026-02-10T14:05:49","slug":"izplatisana","status":"publish","type":"page","link":"https:\/\/e-flore.store\/lv\/izplatisana\/","title":{"rendered":"IZPLAT\u012a\u0160ANA"},"content":{"rendered":"<section class=\"l-section wpb_row height_custom\"><div class=\"l-section-h i-cf\"><div class=\"g-cols vc_row via_flex valign_top type_default stacking_default\"><div class=\"vc_col-sm-12 wpb_column vc_column_container\"><div class=\"vc_column-inner\"><div class=\"wpb_wrapper\"><div class=\"w-separator size_small with_line width_default thick_3 style_solid color_primary align_center\"><div class=\"w-separator-h\"><\/div><\/div><div class=\"g-cols wpb_row via_flex valign_top type_default stacking_default\"><div class=\"vc_col-sm-3 wpb_column vc_column_container\"><div class=\"vc_column-inner\"><div class=\"wpb_wrapper\"><div class=\"w-image align_none\"><div class=\"w-image-h\"><img decoding=\"async\" width=\"200\" height=\"150\" src=\"https:\/\/e-flore.store\/wp-content\/uploads\/2026\/02\/Career-1-1.jpg\" class=\"attachment-large size-large\" alt=\"\" loading=\"lazy\" \/><\/div><\/div><div class=\"w-image align_none\"><div class=\"w-image-h\"><img decoding=\"async\" width=\"199\" height=\"149\" src=\"https:\/\/e-flore.store\/wp-content\/uploads\/2026\/02\/Career-2-1.jpg\" class=\"attachment-large size-large\" alt=\"\" loading=\"lazy\" \/><\/div><\/div><div class=\"w-image align_none\"><div class=\"w-image-h\"><img decoding=\"async\" width=\"200\" height=\"150\" src=\"https:\/\/e-flore.store\/wp-content\/uploads\/2026\/02\/Career-3-1.jpg\" class=\"attachment-large size-large\" alt=\"\" loading=\"lazy\" \/><\/div><\/div><\/div><\/div><\/div><div class=\"vc_col-sm-9 wpb_column vc_column_container\"><div class=\"vc_column-inner\"><div class=\"wpb_wrapper\"><div class=\"wpb_text_column\"><div class=\"wpb_wrapper\"><h3><span>Izplat\u012b\u0161ana<\/span><\/h3>\n<\/div><\/div><div class=\"w-separator size_small\"><\/div><div class=\"wpb_text_column\"><div class=\"wpb_wrapper\"><p>FLORE-CHEMIE m\u0113r\u0137tiec\u012bga produktu pielieto\u0161ana nosaka augstus pielieto\u0161anas tehnikas standartus. T\u0101d\u0113\u013c produktus p\u0101rdod tikai speci\u0101li apm\u0101c\u012bti \u0101r\u0161tata darbinieki. \u0160ie klientu konsultanti Jums pied\u0101v\u0101s vispiem\u0113rot\u0101kos risin\u0101jumus ar augstu pievienoto v\u0113rt\u012bbu.<\/p>\n<p>V\u0101cij\u0101 produktu paleti un klientu apkalpo\u0161anu nodro\u0161ina aptuveni 80 fili\u0101les, kur\u0101m ir ekskluz\u012bvi l\u012bgumi ar uz\u0146\u0113mumu.<\/p>\n<p>\u0100rvalst\u012bs Eirop\u0101 izplat\u012b\u0161anas koncepcija ir izstr\u0101d\u0101ta t\u0101, lai ekskluz\u012bv\u0101s p\u0101rdo\u0161anas ties\u012bbas pieder\u0113tu vienam l\u012bgumpartnerim. Attiec\u012bgais l\u012bgumpartneris sav\u0101 valst\u012b uztur \u0101r\u0113jo izplat\u012bt\u0101ju t\u012bklu, kuri ir ieguvu\u0161i atbilsto\u0161u apm\u0101c\u012bbu un zin\u0101\u0161anas par FLORE-CHEMIE produktiem un pilda pielieto\u0161anas konsultantu pien\u0101kumus.<\/p>\n<p>Pa\u0161laik FLORE-CHEMIE produkti tiek izplat\u012bti \u0161\u0101d\u0101s valst\u012bs: Latvij\u0101, V\u0101cij\u0101, Austrij\u0101, Sp\u0101nij\u0101, \u010cehij\u0101, Polij\u0101, Lietuv\u0101, Krievij\u0101, \u0160veic\u0113, Lielbrit\u0101nij\u0101, Horv\u0101tij\u0101, Slov\u0113nij\u0101, Igaunij\u0101, Francij\u0101, N\u012bderland\u0113, Be\u013c\u0123ij\u0101 un Luksemburg\u0101.<\/p>\n<p>Bez tam daudzus gadus past\u0101v uz l\u012bgumu pamata nodro\u0161in\u0101tas dar\u012bjumu partnerattiec\u012bbas ar Eirop\u0101 disloc\u0113to ASV karasp\u0113ku.<\/p>\n<p>B\u0101z\u0113ta uz uz\u0146\u0113muma \u201esistem\u0101tiskas v\u0113rt\u012bbu saglab\u0101\u0161anas\u201d koncepciju, jau no pirms\u0101kumiem produktu programma sast\u0101v\u0113ja no \u0137\u012bmiski tehniskiem specializ\u0113tiem produktiem industrijai, amatniec\u012bbai, gastronomijai, komun\u0101laj\u0101m iest\u0101d\u0113m un uz\u0146\u0113mumiem, pie kam FLORE-CHEMIE specializ\u0113j\u0101s, lai \u0161aj\u0101s nozar\u0113s pied\u0101v\u0101tu atbilsto\u0161us risin\u0101jumus \u012bpa\u0161\u0101m t\u012br\u012b\u0161anas probl\u0113m\u0101m. Ar pieaugo\u0161iem un da\u017e\u0101du veidu uzdevumu formul\u0113jumiem, pa\u0161laik produktu palete ir palielin\u0101jusies l\u012bdz aptuveni 850 produktiem. FLORE-CHEMIE produktu palete tiek komplekt\u0113ta ar pla\u0161u aksesu\u0101ru pied\u0101v\u0101jumu un prec\u012bzi iestat\u0101m\u0101m doz\u0113\u0161anas iek\u0101rt\u0101m.<\/p>\n<\/div><\/div><\/div><\/div><\/div><\/div><div class=\"w-separator size_small with_line width_default thick_3 style_solid color_primary align_center\"><div class=\"w-separator-h\"><\/div><\/div><div class=\"wpb_text_column\"><div class=\"wpb_wrapper\"><h3><span>Atsauksmes<\/span><\/h3>\n<\/div><\/div><div class=\"w-separator size_small\"><\/div><div class=\"g-cols wpb_row via_flex valign_top type_default stacking_default\"><div class=\"vc_col-sm-6 wpb_column vc_column_container\"><div class=\"vc_column-inner\"><div class=\"wpb_wrapper\"><div class=\"wpb_text_column\"><div class=\"wpb_wrapper\"><p><strong>Aisma Z\u012bberga<\/strong><br \/>\nSaimniec\u012bbas da\u013cas vad\u012bt\u0101ja<br \/>\n<strong>Europa Royale Riga<\/strong><br \/>\n<strong>JSC Europa Group<\/strong><br \/>\nKr. Barona iela 12, R\u012bga, LV1050<br \/>\nwww.europaroyale.com<\/p>\n<div><\/div>\n<div class=\"innerin txt\"><span><\/span>M\u016bsu s\u0101p\u012bgais jaut\u0101jums, k\u0101 rezult\u0101t\u0101 atd\u016br\u0101mies uz FLORE-CHEMIE, bija fl\u012b\u017eu \u0161uves, kuras nek\u0101di un ne ar k\u0101diem l\u012bdzek\u013ciem nebija izt\u012br\u0101mas. Kad redz\u0113j\u0101m, ka \u0161o, it k\u0101, probl\u0113mu var atrisin\u0101t da\u017eu sekun\u017eu laik\u0101 un pie tam p\u0101r\u0101k nesaspringstot, t\u0101l\u0101kie jaut\u0101jumi par p\u0101r\u0113jiem produktiem un to iesp\u0113j\u0101m atkrita autom\u0101tiski.Gribat kuriozu atgad\u012bjumu no pel\u0113c\u012bg\u0101s ikdienas? L\u016bdzu! M\u016bsu viesn\u012bcas restor\u0101na virtuv\u0113 pa s\u0113tas durv\u012bm iekl\u012bda viet\u0113jas noz\u012bmes ka\u0137is un, kaut k\u0101d\u0101 nenosak\u0101m\u0101 veid\u0101 un laik\u0101, iel\u012bda tvertn\u0113, kur pav\u0101ri lej izstr\u0101d\u0101to cepamo e\u013c\u013cu. Kad \u0161is fakts tika konstat\u0113ts un nel\u016bgtais viesis izvilkts no \u201ctelp\u0101m\u201d, vi\u0146am labpatik\u0101s izrauties no gl\u0101b\u0113ju rok\u0101m un e\u013c\u013caini pilo\u0161am veikt nelielu haotisku pastaigu pa viesn\u012bcas sl\u0113gt\u0101s teritorijas betona bru\u0123i rezult\u0101t\u0101 aiz sevis atst\u0101jot neizdz\u0113\u0161amas p\u0113das par savu restor\u0101na apmekl\u0113jumu.Cik bija zin\u0101ms, tad \u0161\u0101diem gad\u012bjumiem nav risin\u0101juma \u2013 ir j\u0101maina konkr\u0113t\u0101s saboj\u0101t\u0101s bru\u0123a da\u013cas, kas ir slikts risin\u0101jums, jo jebkur\u0101 br\u012bd\u012b viesn\u012bcas pagalm\u0101 var ieripot k\u0101rt\u0113j\u0101 klienta automa\u0161\u012bna, kura p\u0113c aizbrauk\u0161anas uz bru\u0123a var b\u016bt aiz sevis atst\u0101jusi n\u0101ko\u0161o e\u013c\u013cas traipu. Protams, FLORE-CHEMIE risin\u0101jums atrad\u0101s \u2013 l\u012bdzeklis ar kuru apstr\u0101d\u0101jot e\u013c\u013cainos bru\u0123a fragmentus, tie jau p\u0113c stundas k\u013cuva t\u012br\u0101ki nek\u0101 pirms \u201ciee\u013c\u013co\u0161anas\u201d!<\/div>\n<\/div><\/div><\/div><\/div><\/div><div class=\"vc_col-sm-6 wpb_column vc_column_container\"><div class=\"vc_column-inner\"><div class=\"wpb_wrapper\"><div class=\"wpb_text_column\"><div class=\"wpb_wrapper\"><p><strong>Juris Br\u012bk\u0161is<\/strong><br \/>\n<strong>SIA Briks-F<\/strong>, valdes loceklis<br \/>\nE. Veidenbauma iela 3, C\u0113sis, LV4101<br \/>\nwww.autonet.lv\/briksf<\/p>\n<div><\/div>\n<div class=\"innerin txt\"><span><\/span>Net\u012bras gr\u012bdas vienm\u0113r un visur ir probl\u0113ma, bet autosalon\u0101, kur\u0161 atrodas nep\u0101rtraukt\u0101 kontakt\u0101 ar servisa telp\u0101m, tas ir jo \u012bpa\u0161i, jo nep\u0101rtraukti notiek klientu un darbinieku staig\u0101\u0161ana abos virzienos t\u0101d\u0113j\u0101di \u201cpiestaig\u0101jot\u201d no vien\u0101m telp\u0101m otr\u0101s visus iesp\u0113jamos net\u012brumus t.sk. e\u013c\u013cainus net\u012brumus, kas ar parastiem t\u012br\u012b\u0161anas l\u012bdzek\u013ciem nav not\u012br\u0101mi.Atverot jaun\u0101s servisa telpas un redzot jau eso\u0161o telpu t\u012br\u012b\u0161anas ilglaic\u012bgo \u201cb\u0113d\u012bgo pieredzi\u201d rad\u0101s domas par efekt\u012bga un tai pat laik\u0101 ne d\u0101rga t\u012br\u012b\u0161anas l\u012bdzek\u013ca atra\u0161anu. \u0160is ir tas gad\u012bjums, kad ilgi un t\u0101lu nebija j\u0101mekl\u0113 \u2013 FLORE-CHEMIE bija tas, kas mums salika punktus uz \u201ci\u201d un ar\u012b atrad\u0101s rokas stiepiena att\u0101lum\u0101. M\u016bsu gad\u012bjum\u0101 tas noz\u012bm\u0113ja nevis konsult\u0101cijas pa telefonu ar sekojo\u0161iem nekonkr\u0113tiem pieg\u0101des termi\u0146iem, bet konsult\u0101cijas uz vietas salon\u0101 un pieg\u0101di p\u0113c 10 min\u016bt\u0113m. Redzot atrisin\u0101to probl\u0113mu s\u0101k\u0101m izmantot ar\u012b daudzus citus FLORE-CHEMIE produktus. K\u0101 jau servis\u0101, mums bija svar\u012bgi, lai izmantojamie produkti \u201cdraudz\u012bgi sadz\u012bvotu\u201d ar dabu un t\u0101d\u0113j\u0101di tos izmantojot mums atkristu daudzas blakus probl\u0113mas.T\u0101tad \u2013 gr\u012bdas ir t\u012bras un sp\u012bd, ma\u0161\u012bnas ir t\u012bras un sp\u012bd, atliek tikai pa\u0161iem sp\u012bd\u0113t un smaid\u012bt! \u012apa\u0161i grib\u0113tu nov\u0113rt\u0113t produktu Flamil Futur \u2013 \u013coti interesants l\u012bdzeklis automa\u0161\u012bnu mazg\u0101\u0161anai. Automa\u0161\u012bna tiek apsmidzin\u0101ta ar min\u0113to l\u012bdzekli, p\u0113c p\u0101ris min\u016bt\u0113m noskalota ar \u016bdeni un ir t\u012bra ne reizi tai pat nepieskaroties ar rok\u0101m!<\/div>\n<\/div><\/div><\/div><\/div><\/div><\/div><div class=\"w-separator size_small with_line width_default thick_3 style_solid color_primary align_center\"><div class=\"w-separator-h\"><\/div><\/div><\/div><\/div><\/div><\/div><\/div><\/section>\n","protected":false},"excerpt":{"rendered":"Izplat\u012b\u0161ana FLORE-CHEMIE m\u0113r\u0137tiec\u012bga produktu pielieto\u0161ana nosaka augstus pielieto\u0161anas tehnikas standartus. T\u0101d\u0113\u013c produktus p\u0101rdod tikai speci\u0101li apm\u0101c\u012bti \u0101r\u0161tata darbinieki. \u0160ie klientu konsultanti Jums pied\u0101v\u0101s vispiem\u0113rot\u0101kos risin\u0101jumus ar augstu pievienoto v\u0113rt\u012bbu. V\u0101cij\u0101 produktu paleti un klientu apkalpo\u0161anu nodro\u0161ina aptuveni 80 fili\u0101les, kur\u0101m ir ekskluz\u012bvi l\u012bgumi ar uz\u0146\u0113mumu. \u0100rvalst\u012bs Eirop\u0101 izplat\u012b\u0161anas koncepcija ir izstr\u0101d\u0101ta t\u0101, lai ekskluz\u012bv\u0101s p\u0101rdo\u0161anas...","protected":false},"author":1,"featured_media":0,"parent":0,"menu_order":0,"comment_status":"closed","ping_status":"closed","template":"","meta":{"footnotes":""},"class_list":["post-6971","page","type-page","status-publish","hentry"],"_links":{"self":[{"href":"https:\/\/e-flore.store\/lv\/wp-json\/wp\/v2\/pages\/6971","targetHints":{"allow":["GET"]}}],"collection":[{"href":"https:\/\/e-flore.store\/lv\/wp-json\/wp\/v2\/pages"}],"about":[{"href":"https:\/\/e-flore.store\/lv\/wp-json\/wp\/v2\/types\/page"}],"author":[{"embeddable":true,"href":"https:\/\/e-flore.store\/lv\/wp-json\/wp\/v2\/users\/1"}],"replies":[{"embeddable":true,"href":"https:\/\/e-flore.store\/lv\/wp-json\/wp\/v2\/comments?post=6971"}],"version-history":[{"count":24,"href":"https:\/\/e-flore.store\/lv\/wp-json\/wp\/v2\/pages\/6971\/revisions"}],"predecessor-version":[{"id":7160,"href":"https:\/\/e-flore.store\/lv\/wp-json\/wp\/v2\/pages\/6971\/revisions\/7160"}],"wp:attachment":[{"href":"https:\/\/e-flore.store\/lv\/wp-json\/wp\/v2\/media?parent=6971"}],"curies":[{"name":"wp","href":"https:\/\/api.w.org\/{rel}","templated":true}]}}