{"id":7016,"date":"2016-10-07T16:23:23","date_gmt":"2016-10-07T13:23:23","guid":{"rendered":"https:\/\/e-flore.store\/?page_id=7016"},"modified":"2026-02-09T20:25:34","modified_gmt":"2026-02-09T18:25:34","slug":"mans-konts-2","status":"publish","type":"page","link":"https:\/\/e-flore.store\/lv\/mans-konts-2\/","title":{"rendered":"Mans konts"},"content":{"rendered":"<section class=\"l-section wpb_row height_custom\"><div class=\"l-section-h i-cf\"><div class=\"g-cols vc_row via_flex valign_top type_default stacking_default\"><div class=\"vc_col-sm-12 wpb_column vc_column_container\"><div class=\"vc_column-inner\"><div class=\"wpb_wrapper\"><h1 class=\"w-post-elm post_title align_center entry-title color_link_inherit\">Mans konts<\/h1><div class=\"w-separator size_medium\"><\/div>\t<div class=\"w-account-login woocommerce style_default us-field-style_1\">\r\n\t\t<div class=\"woocommerce-notices-wrapper\"><\/div>\n\n\t\t<h2>Pieteik\u0161an\u0101s<\/h2>\n\n\t\t<form class=\"woocommerce-form woocommerce-form-login login\" method=\"post\" novalidate>\n\n\t\t\t\n\t\t\t<p class=\"woocommerce-form-row woocommerce-form-row--wide form-row form-row-wide\">\n\t\t\t\t<label for=\"username\">Lietot\u0101jv\u0101rds vai e-pasta adrese&nbsp;<span class=\"required\" aria-hidden=\"true\">*<\/span><span class=\"screen-reader-text\">Oblig\u0101ts<\/span><\/label>\n\t\t\t\t<input type=\"text\" class=\"woocommerce-Input woocommerce-Input--text input-text\" name=\"username\" id=\"username\" autocomplete=\"username\" value=\"\" required aria-required=\"true\" \/>\t\t\t<\/p>\n\t\t\t<p class=\"woocommerce-form-row woocommerce-form-row--wide form-row form-row-wide\">\n\t\t\t\t<label for=\"password\">Parole&nbsp;<span class=\"required\" aria-hidden=\"true\">*<\/span><span class=\"screen-reader-text\">Oblig\u0101ts<\/span><\/label>\n\t\t\t\t<input class=\"woocommerce-Input woocommerce-Input--text input-text\" type=\"password\" name=\"password\" id=\"password\" autocomplete=\"current-password\" required aria-required=\"true\" \/>\n\t\t\t<\/p>\n\n\t\t\t<input type=\"hidden\" name=\"rememberme\" value=\"forever\">\n\t\t\t<p class=\"form-row\">\n\t\t\t\t<label class=\"woocommerce-form__label woocommerce-form__label-for-checkbox woocommerce-form-login__rememberme\">\n\t\t\t\t\t<input class=\"woocommerce-form__input woocommerce-form__input-checkbox\" name=\"rememberme\" type=\"checkbox\" id=\"rememberme\" value=\"forever\" \/> <span>Atcer\u0113ties mani<\/span>\n\t\t\t\t<\/label>\n\t\t\t\t<input type=\"hidden\" id=\"woocommerce-login-nonce\" name=\"woocommerce-login-nonce\" value=\"460789f9f3\" \/><input type=\"hidden\" name=\"_wp_http_referer\" value=\"\/lv\/wp-json\/wp\/v2\/pages\/7016\" \/>\t\t\t\t<button type=\"submit\" class=\"woocommerce-button button woocommerce-form-login__submit\" name=\"login\" value=\"Piesl\u0113gties\">Piesl\u0113gties<\/button>\n\t\t\t<\/p>\n\t\t\t<p class=\"woocommerce-LostPassword lost_password\">\n\t\t\t\t<a href=\"https:\/\/e-flore.store\/lv\/mans-konts-2\/lost-password\/\">Aizmirs\u0101t paroli?<\/a>\n\t\t\t<\/p>\n\n\t\t\t\n\t\t<\/form>\n\n\n\t<\/div>\r\n\t<div class=\"g-cols wpb_row via_flex valign_top type_default stacking_default\"><div class=\"vc_col-sm-3 wpb_column vc_column_container\"><div class=\"vc_column-inner\"><div class=\"wpb_wrapper\"><\/div><\/div><\/div><div class=\"vc_col-sm-9 wpb_column vc_column_container\"><div class=\"vc_column-inner\"><div class=\"wpb_wrapper\"><\/div><\/div><\/div><\/div><\/div><\/div><\/div><\/div><\/div><\/section>\n","protected":false},"excerpt":{"rendered":"Mans konts Pieteik\u0161an\u0101s Lietot\u0101jv\u0101rds vai e-pasta adrese&nbsp;*Oblig\u0101ts Parole&nbsp;*Oblig\u0101ts Atcer\u0113ties mani Piesl\u0113gties Aizmirs\u0101t paroli?","protected":false},"author":1,"featured_media":0,"parent":0,"menu_order":0,"comment_status":"closed","ping_status":"closed","template":"","meta":{"footnotes":""},"class_list":["post-7016","page","type-page","status-publish","hentry"],"_links":{"self":[{"href":"https:\/\/e-flore.store\/lv\/wp-json\/wp\/v2\/pages\/7016","targetHints":{"allow":["GET"]}}],"collection":[{"href":"https:\/\/e-flore.store\/lv\/wp-json\/wp\/v2\/pages"}],"about":[{"href":"https:\/\/e-flore.store\/lv\/wp-json\/wp\/v2\/types\/page"}],"author":[{"embeddable":true,"href":"https:\/\/e-flore.store\/lv\/wp-json\/wp\/v2\/users\/1"}],"replies":[{"embeddable":true,"href":"https:\/\/e-flore.store\/lv\/wp-json\/wp\/v2\/comments?post=7016"}],"version-history":[{"count":2,"href":"https:\/\/e-flore.store\/lv\/wp-json\/wp\/v2\/pages\/7016\/revisions"}],"predecessor-version":[{"id":7051,"href":"https:\/\/e-flore.store\/lv\/wp-json\/wp\/v2\/pages\/7016\/revisions\/7051"}],"wp:attachment":[{"href":"https:\/\/e-flore.store\/lv\/wp-json\/wp\/v2\/media?parent=7016"}],"curies":[{"name":"wp","href":"https:\/\/api.w.org\/{rel}","templated":true}]}}