{"id":7173,"date":"2016-09-30T07:52:15","date_gmt":"2016-09-30T04:52:15","guid":{"rendered":"https:\/\/e-flore.store\/?page_id=7173"},"modified":"2026-03-30T11:52:31","modified_gmt":"2026-03-30T08:52:31","slug":"kontakti","status":"publish","type":"page","link":"https:\/\/e-flore.store\/lv\/kontakti\/","title":{"rendered":"KONTAKTI"},"content":{"rendered":"<section class=\"l-section wpb_row height_custom\"><div class=\"l-section-h i-cf\"><div class=\"g-cols vc_row via_flex valign_top type_default stacking_default\"><div class=\"vc_col-sm-12 wpb_column vc_column_container\"><div class=\"vc_column-inner\"><div class=\"wpb_wrapper\"><div class=\"w-separator size_small with_line width_default thick_3 style_solid color_primary align_center\"><div class=\"w-separator-h\"><\/div><\/div><\/div><\/div><\/div><\/div><\/div><\/section><section class=\"l-section wpb_row height_auto\"><div class=\"l-section-h i-cf\"><div class=\"g-cols vc_row via_flex valign_top type_default stacking_default\"><div class=\"vc_col-sm-6 wpb_column vc_column_container\"><div class=\"vc_column-inner\"><div class=\"wpb_wrapper\"><div class=\"wpb_text_column\"><div class=\"wpb_wrapper\"><h3><span>Kontakti<\/span><\/h3>\n<\/div><\/div><div class=\"g-cols wpb_row via_flex valign_middle type_default stacking_default\"><div class=\"vc_col-sm-6 wpb_column vc_column_container\"><div class=\"vc_column-inner\"><div class=\"wpb_wrapper\"><div class=\"wpb_text_column\"><div class=\"wpb_wrapper\"><div style=\"margin: 0 auto; width: 135px; text-align: left;\"><!-- Bilde ar fiks\u0113tu augstumu un noapa\u013cotiem st\u016briem --><br \/>\n<img decoding=\"async\" style=\"width: 135px; height: 180px; object-fit: cover; border-radius: 4px; margin-bottom: 12px; display: block; box-shadow: 0 2px 4px rgba(0,0,0,0.1);\" src=\"https:\/\/e-flore.store\/wp-content\/uploads\/2026\/02\/Contact-1-226x300.jpg\" \/><!-- Teksts ar izceltu v\u0101rdu --><\/p>\n<div style=\"line-height: 1.4; font-size: 13px;\"><strong style=\"color: #222; font-size: 14px;\">J\u0101nis Kravalis<\/strong><br \/>\n<span style=\"color: #555; white-space: nowrap;\">SIA CHEMIE SPEZIAL,<\/span><br \/>\n<span style=\"color: #888;\">valdes loceklis<\/span><\/div>\n<\/div>\n<\/div><\/div><\/div><\/div><\/div><div class=\"vc_col-sm-6 wpb_column vc_column_container\"><div class=\"vc_column-inner\"><div class=\"wpb_wrapper\"><div class=\"wpb_text_column\"><div class=\"wpb_wrapper\"><div style=\"margin: 0 auto; width: 135px; text-align: left;\"><!-- Bilde piel\u0101gota J\u0101\u0146a bildes augstumam (180px) --><br \/>\n<img decoding=\"async\" style=\"width: 135px; height: 180px; object-fit: cover; object-position: center; border-radius: 4px; margin-bottom: 12px; display: block; box-shadow: 0 2px 4px rgba(0,0,0,0.1);\" src=\"https:\/\/e-flore.store\/wp-content\/uploads\/2026\/02\/Contact-2-1-169x300.jpg\" \/><!-- Teksts ar izceltu v\u0101rdu --><\/p>\n<div style=\"line-height: 1.4; font-size: 13px;\"><strong style=\"color: #222; font-size: 14px;\">Jakudza Kravale<\/strong><br \/>\n<span style=\"color: #555; white-space: nowrap;\">SIA CHEMIE SPEZIAL,<\/span><br \/>\n<span style=\"color: #888;\">apsardzes dienests<\/span><\/div>\n<\/div>\n<\/div><\/div><\/div><\/div><\/div><\/div><div class=\"w-separator size_small with_line width_default thick_3 style_solid color_primary align_center\"><div class=\"w-separator-h\"><\/div><\/div><div class=\"g-cols wpb_row via_flex valign_top type_default stacking_default\"><div class=\"vc_col-sm-12 wpb_column vc_column_container\"><div class=\"vc_column-inner\"><div class=\"wpb_wrapper\"><div class=\"wpb_text_column\"><div class=\"wpb_wrapper\"><p>FLORE-CHEMIE speci\u0101listi \u2013 konsultanti b\u016bs J\u016bsu r\u012bc\u012bb\u0101 24 stundas diennakt\u012b un r\u016bp\u0113sies, lai atrisin\u0101tu ikvienu jaut\u0101jumu vai neskaidr\u012bbu sakar\u0101 ar radu\u0161os situ\u0101ciju, t\u0101s anal\u012bzi, pareiz\u0101 produkta izv\u0113li un t\u0101 pielieto\u0161anu. Ar vienu zvanu pa klientu servisa t\u0101lruni\u00a0<b>+371 27157749<\/b>\u00a0J\u016bs ieg\u016bsiet izsme\u013co\u0161u inform\u0101ciju un pal\u012bdz\u012bbu radu\u0161\u0101s probl\u0113mas risin\u0101\u0161an\u0101.<\/p>\n<p><b>FLORE-CHEMIE Latvija<\/b>:<br \/>\nAta Kronvalda iela 31B-9, C\u0113sis, LV4101<br \/>\nTel.: +371 27157749<br \/>\ne-mail: info@e-flore.lv\u00a0 \u00a0florechemie@inbox.lv<br \/>\nweb: www.e-flore.lv<\/p>\n<\/div><\/div><\/div><\/div><\/div><\/div><\/div><\/div><\/div><div class=\"vc_col-sm-6 wpb_column vc_column_container\"><div class=\"vc_column-inner\"><div class=\"wpb_wrapper\"><div class=\"wpb_text_column\"><div class=\"wpb_wrapper\"><h3><span>Rakstiet mums<\/span><\/h3>\n<\/div><\/div><div class=\"w-separator size_small\"><\/div><div class=\"w-image align_none\"><div class=\"w-image-h\"><img decoding=\"async\" width=\"513\" height=\"341\" src=\"https:\/\/e-flore.store\/wp-content\/uploads\/2026\/02\/Contact-3-1.jpg\" class=\"attachment-large size-large\" alt=\"\" loading=\"lazy\" srcset=\"https:\/\/e-flore.store\/wp-content\/uploads\/2026\/02\/Contact-3-1.jpg 513w, https:\/\/e-flore.store\/wp-content\/uploads\/2026\/02\/Contact-3-1-300x199.jpg 300w\" sizes=\"auto, (max-width: 513px) 100vw, 513px\" \/><\/div><\/div><div class=\"w-separator size_medium\"><\/div><form class=\"w-form  us-field-style_1 layout_ver show_message_after_sending for_cform us_form_1\" action=\"https:\/\/e-flore.store\/lv\/wp-json\/wp\/v2\/pages\/7173\" method=\"post\"><div class=\"w-form-h\"><div class=\"w-form-row for_text required cols_2\">\r\n\t\t<div class=\"w-form-row-field\">\r\n\t\t\t\t\t\t<input aria-label=\"V\u0101rds\" type=\"text\" name=\"us_form_1_text_1\" value placeholder=\"V\u0101rds *\" data-required=\"true\" aria-required=\"true\"\/>\r\n\t\t\t<\/div>\r\n\t\t<div class=\"w-form-row-state\">Fill out this field<\/div>\r\n<\/div>\r\n<div class=\"w-form-row for_text required with_icon cols_2\">\r\n\t\t<div class=\"w-form-row-field\">\r\n\t\t\t\t<i class=\"far fa-phone\"><\/i>\t\t<input aria-label=\"T\u0101lrunis \" inputmode=\"tel\" type=\"text\" name=\"us_form_1_text_2\" value placeholder=\"T\u0101lrunis  *\" data-required=\"true\" aria-required=\"true\"\/>\r\n\t\t\t<\/div>\r\n\t\t<div class=\"w-form-row-state\">Fill out this field<\/div>\r\n<\/div>\r\n<div class=\"w-form-row for_text required with_icon\">\r\n\t\t<div class=\"w-form-row-field\">\r\n\t\t\t\t<i class=\"far fa-envelope\"><\/i>\t\t<input aria-label=\"E-pasts\" type=\"text\" name=\"us_form_1_text_3\" value placeholder=\"E-pasts *\" data-required=\"true\" aria-required=\"true\"\/>\r\n\t\t\t<\/div>\r\n\t\t<div class=\"w-form-row-state\">Fill out this field<\/div>\r\n<\/div>\r\n<div class=\"w-form-row for_textarea required with_icon\">\r\n\t\t<div class=\"w-form-row-field\">\r\n\t\t\t\t<i class=\"far fa-pencil\"><\/i>\t\t<textarea aria-label=\"Zi\u0146ojums \" name=\"us_form_1_textarea_1\" placeholder=\"Zi\u0146ojums  *\" data-required=\"true\" aria-required=\"true\"><\/textarea>\r\n\t\t\t<\/div>\r\n\t\t<div class=\"w-form-row-state\">Fill out this field<\/div>\r\n<\/div>\r\n<input type=\"hidden\" name=\"action\" value=\"us_ajax_cform\" \/>\r\n<input type=\"hidden\" name=\"post_id\" value=\"0\" \/>\r\n<input type=\"hidden\" name=\"form_index\" value=\"1\" \/>\r\n<div class=\"w-form-row for_submit align_none\">\r\n\t<button class=\"w-btn  us-btn-style_1\" aria-label=\"Nos\u016bt\u012bt\" type=\"submit\">\r\n\t\t<span class=\"g-preloader type_1\"><\/span>\r\n\t\t\t\t<span class=\"w-btn-label\">Nos\u016bt\u012bt<\/span>\r\n\t\t\t<\/button>\r\n\t<\/div>\r\n<\/div><div class=\"w-form-message\"><\/div><div class=\"w-form-json hidden\" onclick='return {&quot;ajaxurl&quot;:&quot;https:\\\/\\\/e-flore.store\\\/wp-admin\\\/admin-ajax.php&quot;,&quot;messages&quot;:{&quot;err_empty&quot;:&quot;Fill out this field&quot;,&quot;err_size&quot;:&quot;File size cannot exceed %s MB&quot;,&quot;err_extension&quot;:&quot;%s file type is not allowed&quot;,&quot;err_recaptcha_keys&quot;:&quot;reCAPTCHA keys are incorrect&quot;}}'><\/div><\/form><div class=\"wpb_text_column\"><div class=\"wpb_wrapper\"><\/div><\/div><\/div><\/div><\/div><\/div><\/div><\/section><section class=\"l-section wpb_row height_custom\"><div class=\"l-section-h i-cf\"><div class=\"g-cols vc_row via_flex valign_top type_default stacking_default\"><div class=\"vc_col-sm-12 wpb_column vc_column_container\"><div class=\"vc_column-inner\"><div class=\"wpb_wrapper\"><div class=\"w-separator size_small with_line width_default thick_3 style_solid color_primary align_center\"><div class=\"w-separator-h\"><\/div><\/div><\/div><\/div><\/div><\/div><\/div><\/section>\n","protected":false},"excerpt":{"rendered":"Kontakti J\u0101nis Kravalis SIA CHEMIE SPEZIAL, valdes loceklis Jakudza Kravale SIA CHEMIE SPEZIAL, apsardzes dienests FLORE-CHEMIE speci\u0101listi \u2013 konsultanti b\u016bs J\u016bsu r\u012bc\u012bb\u0101 24 stundas diennakt\u012b un r\u016bp\u0113sies, lai atrisin\u0101tu ikvienu jaut\u0101jumu vai neskaidr\u012bbu sakar\u0101 ar radu\u0161os situ\u0101ciju, t\u0101s anal\u012bzi, pareiz\u0101 produkta izv\u0113li un t\u0101 pielieto\u0161anu. Ar vienu zvanu pa klientu servisa t\u0101lruni\u00a0+371 27157749\u00a0J\u016bs ieg\u016bsiet izsme\u013co\u0161u...","protected":false},"author":1,"featured_media":0,"parent":0,"menu_order":0,"comment_status":"closed","ping_status":"closed","template":"","meta":{"footnotes":""},"class_list":["post-7173","page","type-page","status-publish","hentry"],"_links":{"self":[{"href":"https:\/\/e-flore.store\/lv\/wp-json\/wp\/v2\/pages\/7173","targetHints":{"allow":["GET"]}}],"collection":[{"href":"https:\/\/e-flore.store\/lv\/wp-json\/wp\/v2\/pages"}],"about":[{"href":"https:\/\/e-flore.store\/lv\/wp-json\/wp\/v2\/types\/page"}],"author":[{"embeddable":true,"href":"https:\/\/e-flore.store\/lv\/wp-json\/wp\/v2\/users\/1"}],"replies":[{"embeddable":true,"href":"https:\/\/e-flore.store\/lv\/wp-json\/wp\/v2\/comments?post=7173"}],"version-history":[{"count":6,"href":"https:\/\/e-flore.store\/lv\/wp-json\/wp\/v2\/pages\/7173\/revisions"}],"predecessor-version":[{"id":8314,"href":"https:\/\/e-flore.store\/lv\/wp-json\/wp\/v2\/pages\/7173\/revisions\/8314"}],"wp:attachment":[{"href":"https:\/\/e-flore.store\/lv\/wp-json\/wp\/v2\/media?parent=7173"}],"curies":[{"name":"wp","href":"https:\/\/api.w.org\/{rel}","templated":true}]}}