{"id":3467,"date":"2026-02-03T16:00:44","date_gmt":"2026-02-03T14:00:44","guid":{"rendered":"https:\/\/demo8.izveide.id.lv\/?post_type=product&#038;p=3467"},"modified":"2026-03-26T15:13:41","modified_gmt":"2026-03-26T13:13:41","slug":"alk079-lk","status":"publish","type":"product","link":"https:\/\/e-flore.store\/lv\/produkts\/alk079-lk\/","title":{"rendered":"ALK079 LK"},"content":{"rendered":"<p><img decoding=\"async\" style=\"width: 100%; height: auto; display: block;\" src=\"\/wp-content\/uploads\/2026\/01\/ALK079-LK-PARENT_desc.jpg\" \/><\/p>\n<p style=\"margin-bottom: 10px; margin-top: 30px;\"><strong>SPEZIALGRUNDREINIGER F\u00dcR DIE BAUABSCHLUSS- UND PROBLEMREINIGUNG. SILIKONL\u00d6SER.<\/strong><\/p>\n<p style=\"margin-bottom: 10px; margin-top: 30px;\"><strong>Produkt beschreibung:<\/strong><\/p>\n<p style=\"margin-bottom: 8px; margin-top: 0px; line-height: 1.6;\">&#8220;ALK079 LK&#8221; l\u00f6st als Intensivreiniger \u00e4u\u00dferst starke, alte Verkrustungen und sogar Silikonfilme von Glas, Stein und Metallfl\u00e4chen.<\/p>\n<p style=\"margin-bottom: 8px; margin-top: 0px; line-height: 1.6;\">In diesen F\u00e4llen ist es empfehlenswert das Produkt unverd\u00fcnnt aufzutragen. Auf B\u00f6den k\u00f6nnen copolymere Kunststoffbeschichtungen und alte, verkrustete Wachsaufbauten gut ohne \u00fcberm\u00e4\u00dfigen Kraftaufwand entfernt werden.<\/p>\n<p style=\"margin-bottom: 8px; margin-top: 0px; line-height: 1.6;\">Unter Zuhilfenahme einer Einscheibenmaschine und unter Wasserzusatz, k\u00f6nnen die erweichten Schmutzschichten nach ca. 3 Minuten leicht entfernt werden. Anschlie\u00dfend mit klarem Wasser nachsp\u00fclen, bzw. wischen. Bei sehr alten und dick abgelagerten Schmutzschichten sollte der Vorgang bis zum gew\u00fcnschten Ergebnis wiederholt werden.<\/p>\n<p style=\"margin-bottom: 10px; margin-top: 30px;\"><strong> Verarbeitung:<\/strong><\/p>\n<p style=\"margin-bottom: 8px; margin-top: 0px; line-height: 1.6;\">&#8220;ALK079 LK&#8221;\u00a0kann nicht ohne gewisse Vorsichtsma\u00dfnahmen verarbeitet werden. Vor der Anwendung Fenster \u00f6ffnen und Probeauftrag vornehmen. Das Produkt nicht auf Linoleum, Vinylasbest, Aluminium, Lacken, Farben, rohem Holz und Parkettbel\u00e4gen verwenden.<\/p>\n<p style=\"margin-bottom: 10px; margin-top: 30px;\"><strong>Hinweise:<\/strong><\/p>\n<p style=\"margin-bottom: 8px; margin-top: 0px; line-height: 1.6;\">Bei der Verarbeitung sollte geeignete Schutzkleidung, wie z. B. Handschuhe und Schutzbrille, getragen werden. Spritzer auf der Haut oder in den Augen sofort mit klarem Wasser abwaschen.<\/p>\n<p style=\"margin-bottom: 10px; margin-top: 30px;\"><strong>pH (konz.):<\/strong>12 &#8211; 14<\/p>\n","protected":false},"excerpt":{"rendered":"<p>SPEZIALGRUNDREINIGER F\u00dcR DIE BAUABSCHLUSS- UND PROBLEMREINIGUNG. SILIKONL\u00d6SER. Produkt beschreibung: &#8220;ALK079 LK&#8221; l\u00f6st als Intensivreiniger \u00e4u\u00dferst starke, alte Verkrustungen und sogar Silikonfilme von Glas, Stein und Metallfl\u00e4chen. In diesen F\u00e4llen ist es empfehlenswert das Produkt unverd\u00fcnnt aufzutragen. Auf B\u00f6den k\u00f6nnen copolymere Kunststoffbeschichtungen und alte, verkrustete Wachsaufbauten gut ohne \u00fcberm\u00e4\u00dfigen Kraftaufwand entfernt werden. Unter Zuhilfenahme einer Einscheibenmaschine&#8230;<\/p>\n","protected":false},"featured_media":3468,"template":"","meta":[],"product_brand":[],"product_cat":[414,483,486,471],"product_tag":[],"class_list":{"0":"post-3467","1":"product","2":"type-product","3":"status-publish","4":"has-post-thumbnail","6":"product_cat-chemie-spezial-produkti","7":"product_cat-buvniecibas-nosleguma-tirisana","8":"product_cat-pamata-tirisanas-lidzekli","9":"product_cat-eku-tirisana","11":"first","12":"instock","13":"shipping-taxable","14":"purchasable","15":"product-type-variable","16":"has-default-attributes"},"_links":{"self":[{"href":"https:\/\/e-flore.store\/lv\/wp-json\/wp\/v2\/product\/3467","targetHints":{"allow":["GET"]}}],"collection":[{"href":"https:\/\/e-flore.store\/lv\/wp-json\/wp\/v2\/product"}],"about":[{"href":"https:\/\/e-flore.store\/lv\/wp-json\/wp\/v2\/types\/product"}],"wp:featuredmedia":[{"embeddable":true,"href":"https:\/\/e-flore.store\/lv\/wp-json\/wp\/v2\/media\/3468"}],"wp:attachment":[{"href":"https:\/\/e-flore.store\/lv\/wp-json\/wp\/v2\/media?parent=3467"}],"wp:term":[{"taxonomy":"product_brand","embeddable":true,"href":"https:\/\/e-flore.store\/lv\/wp-json\/wp\/v2\/product_brand?post=3467"},{"taxonomy":"product_cat","embeddable":true,"href":"https:\/\/e-flore.store\/lv\/wp-json\/wp\/v2\/product_cat?post=3467"},{"taxonomy":"product_tag","embeddable":true,"href":"https:\/\/e-flore.store\/lv\/wp-json\/wp\/v2\/product_tag?post=3467"}],"curies":[{"name":"wp","href":"https:\/\/api.w.org\/{rel}","templated":true}]}}