{"id":3473,"date":"2026-02-03T16:00:45","date_gmt":"2026-02-03T14:00:45","guid":{"rendered":"https:\/\/demo8.izveide.id.lv\/?post_type=product&#038;p=3473"},"modified":"2026-03-26T15:13:35","modified_gmt":"2026-03-26T13:13:35","slug":"acd038-lk","status":"publish","type":"product","link":"https:\/\/e-flore.store\/lv\/produkts\/acd038-lk\/","title":{"rendered":"ACD038 LK"},"content":{"rendered":"<p><img decoding=\"async\" style=\"width: 100%; height: auto; display: block;\" src=\"\/wp-content\/uploads\/2026\/01\/ACD038-LK-PARENT_desc.jpg\" \/><\/p>\n<p style=\"margin-bottom: 10px; margin-top: 30px;\"><strong>SANIT\u00c4R GRUNDREINIGER<\/strong><\/p>\n<p style=\"margin-bottom: 10px; margin-top: 30px;\"><strong>Produkt beschreibung:<\/strong><\/p>\n<p style=\"margin-bottom: 8px; margin-top: 0px; line-height: 1.6;\">&#8220;ACD038 LK&#8221; ist ein s\u00e4urehaltiger Grundreiniger, der dort verwendet werden soll, wo starke Verschmutzungen von z. B. Rost, Wasser- und Urinstein auftreten. Er ist f\u00fcr die Bauabschlussreinigung ebenfalls bestens geeignet, wobei Zementschleier, Verfugungsr\u00fcckst\u00e4nde und \u00e4hnliche Ablagerungen leicht entfernt werden k\u00f6nnen.\u00a0&#8220;ACD038 LK&#8221;\u00a0wirkt desinfizierend und durchdringt, aufgrund hochwertiger Netzmittel, Verkrustungen leicht und l\u00f6st diese ab oder \u00fcberf\u00fchrt sie in eine wasserl\u00f6sliche Form, welche dann leicht aufgenommen werden kann. Die Hauptanwendungsgebiete sind der Sanit\u00e4r- und Schwimmbadbereich sowie die Fassadenreinigung. Angewitterte Fassaden erhalten nach der Behandlung meist ihre urspr\u00fcngliches Aussehen wieder.\u00a0&#8220;ACD038 LK&#8221;\u00a0ist, da hoch konzentriert, sehr \u00f6konomisch und senkt somit in den meisten F\u00e4llen den Materialverbrauch.<\/p>\n<p style=\"margin-bottom: 10px; margin-top: 30px;\"><strong>Verarbeitung:<\/strong><\/p>\n<p style=\"margin-bottom: 8px; margin-top: 0px; line-height: 1.6;\">Bei Standardreinigungsarbeiten 1:20 bis 1:50, je nach Grad der Verschmutzung, mit Wasser verd\u00fcnnen. F\u00fcr die schnelle Beseitigung von hartn\u00e4ckigen Verkrustungen kann\u00a0&#8220;ACD038 LK&#8221;\u00a0auch konzentrierter eingesetzt werden, jedoch stets das zu behandelnde Material auf Vertr\u00e4glichkeit pr\u00fcfen. Bei der Fassadenreinigung ist die Konzentration von der Verwitterung des Objekts abh\u00e4ngig.<\/p>\n<p style=\"margin-bottom: 10px; margin-top: 30px;\"><strong>Hinweise:<\/strong><\/p>\n<p style=\"margin-bottom: 8px; margin-top: 0px; line-height: 1.6;\">Kalkstein, Aluminium, eloxiertes Aluminium, Zink, Emaille und Kunststein sind f\u00fcr die Behandlung mit\u00a0&#8220;ACD038 LK&#8221;\u00a0ungeeignet. Bei der Verd\u00fcnnung stets Wasser vorlegen. Die Sicherheitsbestimmungen f\u00fcr den Umgang mit S\u00e4uren sind bei der Verarbeitung zu beachten; ein Probeauftrag vor der Erstanwendung ist erforderlich.<\/p>\n<p style=\"margin-bottom: 8px; margin-top: 0px; line-height: 1.6;\">Achtung! D\u00e4mpfe wirken korrosiv gegen\u00fcber Metallen.<\/p>\n<p>&nbsp;<\/p>\n<p style=\"margin-bottom: 8px; margin-top: 0px; line-height: 1.6;\"><strong>pH (konz.)<\/strong>: 0 &#8211; 2<\/p>\n","protected":false},"excerpt":{"rendered":"<p>SANIT\u00c4R GRUNDREINIGER Produkt beschreibung: &#8220;ACD038 LK&#8221; ist ein s\u00e4urehaltiger Grundreiniger, der dort verwendet werden soll, wo starke Verschmutzungen von z. B. Rost, Wasser- und Urinstein auftreten. Er ist f\u00fcr die Bauabschlussreinigung ebenfalls bestens geeignet, wobei Zementschleier, Verfugungsr\u00fcckst\u00e4nde und \u00e4hnliche Ablagerungen leicht entfernt werden k\u00f6nnen.\u00a0&#8220;ACD038 LK&#8221;\u00a0wirkt desinfizierend und durchdringt, aufgrund hochwertiger Netzmittel, Verkrustungen leicht und l\u00f6st&#8230;<\/p>\n","protected":false},"featured_media":3474,"template":"","meta":[],"product_brand":[],"product_cat":[414,453,483,444,471],"product_tag":[],"class_list":{"0":"post-3473","1":"product","2":"type-product","3":"status-publish","4":"has-post-thumbnail","6":"product_cat-chemie-spezial-produkti","7":"product_cat-sanitarie-un-vannas-istabas-tirisanas-lidzekli","8":"product_cat-buvniecibas-nosleguma-tirisana","9":"product_cat-gastronomija-un-partikas-razosana","10":"product_cat-eku-tirisana","12":"first","13":"instock","14":"shipping-taxable","15":"purchasable","16":"product-type-variable","17":"has-default-attributes"},"_links":{"self":[{"href":"https:\/\/e-flore.store\/lv\/wp-json\/wp\/v2\/product\/3473","targetHints":{"allow":["GET"]}}],"collection":[{"href":"https:\/\/e-flore.store\/lv\/wp-json\/wp\/v2\/product"}],"about":[{"href":"https:\/\/e-flore.store\/lv\/wp-json\/wp\/v2\/types\/product"}],"wp:featuredmedia":[{"embeddable":true,"href":"https:\/\/e-flore.store\/lv\/wp-json\/wp\/v2\/media\/3474"}],"wp:attachment":[{"href":"https:\/\/e-flore.store\/lv\/wp-json\/wp\/v2\/media?parent=3473"}],"wp:term":[{"taxonomy":"product_brand","embeddable":true,"href":"https:\/\/e-flore.store\/lv\/wp-json\/wp\/v2\/product_brand?post=3473"},{"taxonomy":"product_cat","embeddable":true,"href":"https:\/\/e-flore.store\/lv\/wp-json\/wp\/v2\/product_cat?post=3473"},{"taxonomy":"product_tag","embeddable":true,"href":"https:\/\/e-flore.store\/lv\/wp-json\/wp\/v2\/product_tag?post=3473"}],"curies":[{"name":"wp","href":"https:\/\/api.w.org\/{rel}","templated":true}]}}