{"id":3491,"date":"2026-02-03T16:00:47","date_gmt":"2026-02-03T14:00:47","guid":{"rendered":"https:\/\/demo8.izveide.id.lv\/?post_type=product&#038;p=3491"},"modified":"2026-03-26T15:13:29","modified_gmt":"2026-03-26T13:13:29","slug":"acd1052-lk","status":"publish","type":"product","link":"https:\/\/e-flore.store\/lv\/produkts\/acd1052-lk\/","title":{"rendered":"ACD1052 LK"},"content":{"rendered":"<p><img decoding=\"async\" style=\"width: 100%; height: auto; display: block;\" src=\"\/wp-content\/uploads\/2026\/01\/ACD1052-LK-PARENT_desc.jpg\" \/><\/p>\n<p style=\"margin-bottom: 10px; margin-top: 30px;\"><strong>ZEMENTSCHLEIERENTFERNER F\u00dcR DIE BAUABSCHLUSSREINIGUNG ANFALLEN<\/strong><\/p>\n<p style=\"margin-bottom: 10px; margin-top: 30px;\"><strong>Anwendungsgebiete:<\/strong><\/p>\n<p style=\"margin-bottom: 8px; margin-top: 0px; line-height: 1.6;\">&#8220;ACD1052 LK&#8221; ist ein\u00a0phosphors\u00e4urehaltiger\u00a0Reiniger f\u00fcr die Entfernung von Zement, Beton, Gips und anderen mineralischen Verschmutzungen welche bei der Bauabschlussreinigung anfallen.<\/p>\n<p style=\"margin-bottom: 8px; margin-top: 0px; line-height: 1.6;\">&#8220;ACD1052 LK&#8221;\u00a0enth\u00e4lt keine korrosive Dampfphase und kann somit in bereits ausgestatteten Bereichen (z.B. Kantinen, Treppenh\u00e4usern und B\u00e4dern) problemlos verarbeitet werden, ohne die Gefahr von Flugrostbildung auf Metallen.<\/p>\n<p style=\"margin-bottom: 8px; margin-top: 0px; line-height: 1.6;\">&#8220;ACD1052 LK&#8221;\u00a0greift kein Chrom an und kann somit ebenfalls auf Armaturen eingesetzt werden.<\/p>\n<p style=\"margin-bottom: 10px; margin-top: 30px;\"><strong>Verarbeitung:<\/strong><\/p>\n<p style=\"margin-bottom: 2px; margin-top: 0px; line-height: 1.4;\">&#8220;ACD1052 LK&#8221;\u00a01:10 &#8211; 1:50 mit Wasser verd\u00fcnnt anwenden und Fl\u00e4chen gut vorw\u00e4ssern. Zur Rostentfernung 1:3 verd\u00fcnnen und Fl\u00e4che mehrfach behandeln. Gr\u00fcndlich mit klarem Wasser nachsp\u00fclen und gegebenenfalls neutralisieren.<\/p>\n<p style=\"margin-bottom: 10px; margin-top: 30px;\"><strong>Hinweise:<\/strong><\/p>\n<p style=\"margin-bottom: 8px; margin-top: 0px; line-height: 1.6;\">&#8220;ACD1052 LK&#8221;\u00a0nur mit geeigneter Schutzkleidung (Handschuhe, Schutzbrille) anwenden und Haut-\/ Mundkontakt vermeiden. Bei Unwohlsein sofort Arzt aufsuchen. Nicht geeignet f\u00fcr s\u00e4ureempfindliche Bel\u00e4ge.<\/p>\n<p style=\"margin-bottom: 8px; margin-top: 0px; line-height: 1.6;\">Vor der Erstanwendung Probeauftrag vornehmen.<\/p>\n<p style=\"margin-bottom: 8px; margin-top: 0px; line-height: 1.6;\">Enth\u00e4lt gem\u00e4\u00df 648\/2004\/EG: nichtionogene Tenside 1-5 %, Minerals\u00e4uren, Korrosionsinhibitoren und Duftstoffe.<\/p>\n<p style=\"margin-bottom: 10px; margin-top: 30px;\"><strong>pH:<\/strong>1,0 (Konz.)<\/p>\n","protected":false},"excerpt":{"rendered":"<p>ZEMENTSCHLEIERENTFERNER F\u00dcR DIE BAUABSCHLUSSREINIGUNG ANFALLEN Anwendungsgebiete: &#8220;ACD1052 LK&#8221; ist ein\u00a0phosphors\u00e4urehaltiger\u00a0Reiniger f\u00fcr die Entfernung von Zement, Beton, Gips und anderen mineralischen Verschmutzungen welche bei der Bauabschlussreinigung anfallen. &#8220;ACD1052 LK&#8221;\u00a0enth\u00e4lt keine korrosive Dampfphase und kann somit in bereits ausgestatteten Bereichen (z.B. Kantinen, Treppenh\u00e4usern und B\u00e4dern) problemlos verarbeitet werden, ohne die Gefahr von Flugrostbildung auf Metallen. &#8220;ACD1052 LK&#8221;\u00a0greift&#8230;<\/p>\n","protected":false},"featured_media":3492,"template":"","meta":[],"product_brand":[319],"product_cat":[414,483,471],"product_tag":[],"class_list":{"0":"post-3491","1":"product","2":"type-product","3":"status-publish","4":"has-post-thumbnail","6":"product_brand-chemie-spezial","7":"product_cat-chemie-spezial-produkti","8":"product_cat-buvniecibas-nosleguma-tirisana","9":"product_cat-eku-tirisana","11":"first","12":"instock","13":"shipping-taxable","14":"purchasable","15":"product-type-variable","16":"has-default-attributes"},"_links":{"self":[{"href":"https:\/\/e-flore.store\/lv\/wp-json\/wp\/v2\/product\/3491","targetHints":{"allow":["GET"]}}],"collection":[{"href":"https:\/\/e-flore.store\/lv\/wp-json\/wp\/v2\/product"}],"about":[{"href":"https:\/\/e-flore.store\/lv\/wp-json\/wp\/v2\/types\/product"}],"wp:featuredmedia":[{"embeddable":true,"href":"https:\/\/e-flore.store\/lv\/wp-json\/wp\/v2\/media\/3492"}],"wp:attachment":[{"href":"https:\/\/e-flore.store\/lv\/wp-json\/wp\/v2\/media?parent=3491"}],"wp:term":[{"taxonomy":"product_brand","embeddable":true,"href":"https:\/\/e-flore.store\/lv\/wp-json\/wp\/v2\/product_brand?post=3491"},{"taxonomy":"product_cat","embeddable":true,"href":"https:\/\/e-flore.store\/lv\/wp-json\/wp\/v2\/product_cat?post=3491"},{"taxonomy":"product_tag","embeddable":true,"href":"https:\/\/e-flore.store\/lv\/wp-json\/wp\/v2\/product_tag?post=3491"}],"curies":[{"name":"wp","href":"https:\/\/api.w.org\/{rel}","templated":true}]}}