{"id":3503,"date":"2026-02-03T16:00:51","date_gmt":"2026-02-03T14:00:51","guid":{"rendered":"https:\/\/demo8.izveide.id.lv\/?post_type=product&#038;p=3503"},"modified":"2026-03-26T15:13:21","modified_gmt":"2026-03-26T13:13:21","slug":"alk058-lk","status":"publish","type":"product","link":"https:\/\/e-flore.store\/lv\/produkts\/alk058-lk\/","title":{"rendered":"ALK058 LK"},"content":{"rendered":"<p><img decoding=\"async\" style=\"width: 100%; height: auto; display: block;\" src=\"\/wp-content\/uploads\/2026\/01\/ALK058-LK-PARENT_desc.jpg\" \/><\/p>\n<p><img decoding=\"async\" style=\"width: 719px; height: 260.621px;\" src=\"https:\/\/anazana.com\/site-files\/e-flore.lv\/f\/uploads\/\/losox_blau_3.jpg\" \/><\/p>\n<p style=\"margin-bottom: 10px; margin-top: 30px;\"><strong>PRODUKT MIT FAST UNBEGRENZTEN VERWENDUNGSM\u00d6GLICHKEITEN<\/strong><\/p>\n<p style=\"margin-bottom: 10px; margin-top: 30px;\"><strong>Anwendungsgebiete:<\/strong><\/p>\n<p style=\"margin-bottom: 8px; margin-top: 0px; line-height: 1.6;\">&#8220;ALK058 LK&#8221; ist ein universell einsetzbares Produkt zur Entfernung der verschiedenartigsten Schmutzablagerungen und zum L\u00f6sen von Wachs- und Kunststoffschichten.<\/p>\n<p style=\"margin-bottom: 8px; margin-top: 0px; line-height: 1.6;\">&#8220;ALK058 LK&#8221; zeigt hervorragende Reinigungseigenschaften auf den unterschiedlichsten Gebieten der Wirtschaft, die mit Reinigungsproblemen zu tun haben. Die hervorzuhebenden Eigenschaften dieses Reinigers sind: Er sch\u00e4umt nicht.<\/p>\n<p style=\"margin-bottom: 8px; margin-top: 0px; line-height: 1.6;\">Die bei der Arbeit st\u00f6rende Schaumwirkung entf\u00e4llt, wodurch eine gr\u00f6\u00dfere Fl\u00e4chenleistung pro Arbeitskraft erzielt wird. Er besitzt eine \u00fcberragende Reinigungskraft. Er kann ebensogut manuell wie maschinell, besonders in Hochdruckger\u00e4ten eingesetzt werden.<\/p>\n<p style=\"margin-bottom: 8px; margin-top: 0px; line-height: 1.6;\">&#8220;ALK058 LK&#8221; ist laut Detergeniengesetz abbauf\u00e4hig, da frei von Terpentin, Benzin, Petroleum, chlorierten Kohlenwasserstoffen oder \u00e4hnlichen L\u00f6sungsmitteln.<\/p>\n<p style=\"margin-bottom: 10px; margin-top: 30px;\"><strong>Verarbeitung:<\/strong><\/p>\n<p style=\"margin-bottom: 8px; margin-top: 0px; line-height: 1.6;\">&#8220;ALK058 LK&#8221; kann auf folgenden Gebieten eingesetzt werden: Tiefen- und Grundreinigung, allgemeine Reinigung von B\u00f6den, Kunststoffteilen, K\u00fccheneinrichtungen, Fensterrahmen, Kacheln, Sanit\u00e4r- und Badeanlagen, Schildern, Fassaden, Armaturen, Fahrzeugen, Werkstattb\u00f6den, Back\u00f6fen, zur Teppichreinigung, als Waschverst\u00e4rker, zur Metallentfettung, zur Hochdruck- und Maschinenreinigung sowie als Entkonservierer.<\/p>\n<p style=\"margin-bottom: 8px; margin-top: 0px; line-height: 1.6;\"><u>Dosierung<\/u>: Zur t\u00e4glichen Unterhaltsreinigung 50 &#8211; 100 ml (1\/2 Tasse) pro Eimer Wasser.<\/p>\n<p style=\"margin-bottom: 8px; margin-top: 0px; line-height: 1.6;\">1:10 verd\u00fcnnt zur Entfernung von fett- und \u00f6lhaltigen Ablagerungen, wie z.B. auf Motoren, Werkstattb\u00f6den, in R\u00e4uchereien u.a.<\/p>\n<p style=\"margin-bottom: 8px; margin-top: 0px; line-height: 1.6;\">Konzentriert zur Grundreinigung und Entfernung hartn\u00e4ckiger Verkrustungen. Das Produkt wird f\u00fcr die Grundreinigung aufgetragen und nach ca. 1 Minute unter hinzuf\u00fcgen von Wasser mit dem Schmutz aufgenommen.<\/p>\n<p style=\"margin-bottom: 10px; margin-top: 30px;\"><strong>Hinweise:<\/strong><\/p>\n<p style=\"margin-bottom: 8px; margin-top: 0px; line-height: 1.6;\">Aufgrund der unterschiedlichsten Materialien ist stets an verdeckter Stelle ein Probeauftrag vorzunehmen, um auf Vertr\u00e4glichkeit zu pr\u00fcfen.<\/p>\n<p style=\"margin-bottom: 10px; margin-top: 30px;\"><strong>pH:<\/strong> 9,5 (Konz.)<\/p>\n","protected":false},"excerpt":{"rendered":"<p>PRODUKT MIT FAST UNBEGRENZTEN VERWENDUNGSM\u00d6GLICHKEITEN Anwendungsgebiete: &#8220;ALK058 LK&#8221; ist ein universell einsetzbares Produkt zur Entfernung der verschiedenartigsten Schmutzablagerungen und zum L\u00f6sen von Wachs- und Kunststoffschichten. &#8220;ALK058 LK&#8221; zeigt hervorragende Reinigungseigenschaften auf den unterschiedlichsten Gebieten der Wirtschaft, die mit Reinigungsproblemen zu tun haben. Die hervorzuhebenden Eigenschaften dieses Reinigers sind: Er sch\u00e4umt nicht. Die bei der Arbeit&#8230;<\/p>\n","protected":false},"featured_media":3504,"template":"","meta":[],"product_brand":[319],"product_cat":[417,420,414,480,483,471],"product_tag":[],"class_list":{"0":"post-3503","1":"product","2":"type-product","3":"status-publish","4":"has-post-thumbnail","6":"product_brand-chemie-spezial","7":"product_cat-industrija","8":"product_cat-tirisana-un-attaukosana","9":"product_cat-chemie-spezial-produkti","10":"product_cat-stiklu-un-ramju-tiritajs","11":"product_cat-buvniecibas-nosleguma-tirisana","12":"product_cat-eku-tirisana","14":"first","15":"instock","16":"shipping-taxable","17":"purchasable","18":"product-type-variable","19":"has-default-attributes"},"_links":{"self":[{"href":"https:\/\/e-flore.store\/lv\/wp-json\/wp\/v2\/product\/3503","targetHints":{"allow":["GET"]}}],"collection":[{"href":"https:\/\/e-flore.store\/lv\/wp-json\/wp\/v2\/product"}],"about":[{"href":"https:\/\/e-flore.store\/lv\/wp-json\/wp\/v2\/types\/product"}],"wp:featuredmedia":[{"embeddable":true,"href":"https:\/\/e-flore.store\/lv\/wp-json\/wp\/v2\/media\/3504"}],"wp:attachment":[{"href":"https:\/\/e-flore.store\/lv\/wp-json\/wp\/v2\/media?parent=3503"}],"wp:term":[{"taxonomy":"product_brand","embeddable":true,"href":"https:\/\/e-flore.store\/lv\/wp-json\/wp\/v2\/product_brand?post=3503"},{"taxonomy":"product_cat","embeddable":true,"href":"https:\/\/e-flore.store\/lv\/wp-json\/wp\/v2\/product_cat?post=3503"},{"taxonomy":"product_tag","embeddable":true,"href":"https:\/\/e-flore.store\/lv\/wp-json\/wp\/v2\/product_tag?post=3503"}],"curies":[{"name":"wp","href":"https:\/\/api.w.org\/{rel}","templated":true}]}}