{"id":3521,"date":"2026-02-03T16:00:54","date_gmt":"2026-02-03T14:00:54","guid":{"rendered":"https:\/\/demo8.izveide.id.lv\/?post_type=product&#038;p=3521"},"modified":"2026-03-26T15:13:11","modified_gmt":"2026-03-26T13:13:11","slug":"alk1004-lk","status":"publish","type":"product","link":"https:\/\/e-flore.store\/lv\/produkts\/alk1004-lk\/","title":{"rendered":"ALK1004 LK"},"content":{"rendered":"<p><img decoding=\"async\" style=\"width: 100%; height: auto; display: block;\" src=\"\/wp-content\/uploads\/2026\/01\/ALK1004-LK-PARENT_desc.jpg\" \/><\/p>\n<p style=\"margin-bottom: 10px; margin-top: 30px;\"><strong>KRAFTVOLLER ALLZWECKREINIGER F\u00dcR ALLE BEREICHE<\/strong><\/p>\n<p style=\"margin-bottom: 10px; margin-top: 30px;\"><strong>Produkt beschreibung:<\/strong><\/p>\n<p style=\"margin-bottom: 8px; margin-top: 0px; line-height: 1.6;\">&#8220;ALK1004 LK&#8221; ist ein kraftvoller, salmiakverst\u00e4rkter Allzweckreiniger f\u00fcr alle alkali- und wasserfesten Materialien.<\/p>\n<p style=\"margin-bottom: 8px; margin-top: 0px; line-height: 1.6;\">&#8220;ALK1004 LK&#8221;\u00a0eignet sich besonders f\u00fcr die Reinigung von Glasscheiben, Fensterrahmen und allen glatten Hartfl\u00e4chen. Gummiwischer k\u00f6nnen leicht \u00fcber die mit\u00a0&#8220;ALK1004 LK&#8221;\u00a0gereinigten Scheiben gezogen werden.<\/p>\n<p style=\"margin-bottom: 8px; margin-top: 0px; line-height: 1.6;\">&#8220;ALK1004 LK&#8221;\u00a0eignet sich ebenfalls gut f\u00fcr die Grundreinigung von Linoleum, Kautschuk und Olefinbel\u00e4gen.<\/p>\n<p style=\"margin-bottom: 10px; margin-top: 30px;\"><strong>Anwendung:<\/strong><\/p>\n<p style=\"margin-bottom: 2px; margin-top: 0px; line-height: 1.4;\">&#8220;ALK1004 LK&#8221;\u00a0je nach Grad der Verschmutzung 1:20 &#8211; 1:100 mit Wasser verd\u00fcnnen. Die Fl\u00e4chen abwischen und anschlie\u00dfend trockenreiben.<\/p>\n<p style=\"margin-bottom: 2px; margin-top: 0px; line-height: 1.4;\">&#8220;ALK1004 LK&#8221;\u00a0trocknet schleierfrei auf. Bei der Verarbeitung des Konzentrates f\u00fcr Frischluftzufuhr sorgen.<\/p>\n<p style=\"margin-bottom: 10px; margin-top: 30px;\"><strong>Hinweise:<\/strong><\/p>\n<p style=\"margin-bottom: 8px; margin-top: 0px; line-height: 1.6;\">Bei starken, bzw. alten Ablagerungen ist die Dosis bis zum gew\u00fcnschten Reinigungsziel zu erh\u00f6hen.<\/p>\n<p style=\"margin-bottom: 8px; margin-top: 0px; line-height: 1.6;\">Bei unbekannten Materialien sollte an einer verdeckten Stelle ein Probeauftrag vorgenommen werden.<\/p>\n<p style=\"margin-bottom: 10px; margin-top: 30px;\"><strong>pH-Wert (konz.):<\/strong>9,6<\/p>\n","protected":false},"excerpt":{"rendered":"<p>KRAFTVOLLER ALLZWECKREINIGER F\u00dcR ALLE BEREICHE Produkt beschreibung: &#8220;ALK1004 LK&#8221; ist ein kraftvoller, salmiakverst\u00e4rkter Allzweckreiniger f\u00fcr alle alkali- und wasserfesten Materialien. &#8220;ALK1004 LK&#8221;\u00a0eignet sich besonders f\u00fcr die Reinigung von Glasscheiben, Fensterrahmen und allen glatten Hartfl\u00e4chen. Gummiwischer k\u00f6nnen leicht \u00fcber die mit\u00a0&#8220;ALK1004 LK&#8221;\u00a0gereinigten Scheiben gezogen werden. &#8220;ALK1004 LK&#8221;\u00a0eignet sich ebenfalls gut f\u00fcr die Grundreinigung von Linoleum, Kautschuk&#8230;<\/p>\n","protected":false},"featured_media":3522,"template":"","meta":[],"product_brand":[319],"product_cat":[480,414,471],"product_tag":[],"class_list":{"0":"post-3521","1":"product","2":"type-product","3":"status-publish","4":"has-post-thumbnail","6":"product_brand-chemie-spezial","7":"product_cat-stiklu-un-ramju-tiritajs","8":"product_cat-chemie-spezial-produkti","9":"product_cat-eku-tirisana","11":"first","12":"instock","13":"shipping-taxable","14":"purchasable","15":"product-type-variable","16":"has-default-attributes"},"_links":{"self":[{"href":"https:\/\/e-flore.store\/lv\/wp-json\/wp\/v2\/product\/3521","targetHints":{"allow":["GET"]}}],"collection":[{"href":"https:\/\/e-flore.store\/lv\/wp-json\/wp\/v2\/product"}],"about":[{"href":"https:\/\/e-flore.store\/lv\/wp-json\/wp\/v2\/types\/product"}],"wp:featuredmedia":[{"embeddable":true,"href":"https:\/\/e-flore.store\/lv\/wp-json\/wp\/v2\/media\/3522"}],"wp:attachment":[{"href":"https:\/\/e-flore.store\/lv\/wp-json\/wp\/v2\/media?parent=3521"}],"wp:term":[{"taxonomy":"product_brand","embeddable":true,"href":"https:\/\/e-flore.store\/lv\/wp-json\/wp\/v2\/product_brand?post=3521"},{"taxonomy":"product_cat","embeddable":true,"href":"https:\/\/e-flore.store\/lv\/wp-json\/wp\/v2\/product_cat?post=3521"},{"taxonomy":"product_tag","embeddable":true,"href":"https:\/\/e-flore.store\/lv\/wp-json\/wp\/v2\/product_tag?post=3521"}],"curies":[{"name":"wp","href":"https:\/\/api.w.org\/{rel}","templated":true}]}}