{"id":3538,"date":"2026-02-03T16:00:56","date_gmt":"2026-02-03T14:00:56","guid":{"rendered":"https:\/\/demo8.izveide.id.lv\/?post_type=product&#038;p=3538"},"modified":"2026-03-26T15:12:58","modified_gmt":"2026-03-26T13:12:58","slug":"alk22-lk","status":"publish","type":"product","link":"https:\/\/e-flore.store\/lv\/produkts\/alk22-lk\/","title":{"rendered":"ALK22 LK"},"content":{"rendered":"<p><img decoding=\"async\" style=\"width: 100%; height: auto; display: block;\" src=\"\/wp-content\/uploads\/2026\/01\/ALK22-LK-PARENT_desc.png\" \/><\/p>\n<p style=\"margin-bottom: 10px; margin-top: 30px;\"><strong>FL\u00dcSSIGER FARBENL\u00d6SER<\/strong><\/p>\n<p style=\"margin-bottom: 10px; margin-top: 30px;\"><strong>Produkt beschreibung:<\/strong><\/p>\n<p style=\"margin-bottom: 8px; margin-top: 0px; line-height: 1.6;\">&#8220;ALK22 LK&#8221; fl\u00fcssig ist ein umweltbewusster L\u00f6ser f\u00fcr Binder-, Acryl- und Wasserfarben, sowie Filzstiftverschmutzungen von Kunststoff-, Stein- und Glasfl\u00e4chen.<\/p>\n<p style=\"margin-bottom: 8px; margin-top: 0px; line-height: 1.6;\">Er enth\u00e4lt keine stark umweltbelastenden L\u00f6sungsmittel und ist ungiftig.<\/p>\n<p style=\"margin-bottom: 8px; margin-top: 0px; line-height: 1.6;\">Problemlose Farb- und Lackentfernung wurde bisher auf den unterschiedlichsten Untergr\u00fcnden erzielt.<\/p>\n<p style=\"margin-bottom: 10px; margin-top: 30px;\"><strong>Verarbeitung:<\/strong><\/p>\n<p style=\"margin-bottom: 8px; margin-top: 0px; line-height: 1.6;\">&#8220;ALK22 LK&#8221;\u00a0stets unverd\u00fcnnt auftragen. Konzentriert mit Schwamm oder Lappen auf die zu l\u00f6senden Verschmutzungen auftragen, einwirken lassen und mit Wasser aufnehmen. Vorgang bis zum gew\u00fcnschten Reinigungserfog wiederholen.<\/p>\n<p style=\"margin-bottom: 8px; margin-top: 0px; line-height: 1.6;\">Eventuell mit einer neutralen bis schwach alkalischen Waschl\u00f6sung aus\u00a0&#8220;NEU083 LK&#8221;, &#8220;NEU085 LK&#8221; oder &#8220;ALK105 LK&#8221;\u00a0nachwaschen, um die gel\u00f6sten Farbteilchen wegzuschwemmen.<\/p>\n<p style=\"margin-bottom: 10px; margin-top: 30px;\"><strong>Hinweise:<\/strong><\/p>\n<p style=\"margin-bottom: 8px; margin-top: 0px; line-height: 1.6;\">&#8220;ALK22 LK&#8221;\u00a0kann auch zur Beseitigung von Absatzstrichen und Staplerabrieb auf PVC- und Industriebel\u00e4gen verwendet werden.<\/p>\n<p style=\"margin-bottom: 8px; margin-top: 0px; line-height: 1.6;\">Zu empfehlen ist es, an verdeckter Stelle einen Probeauftrag vorzunehmen, um das Material auf Vertr\u00e4glichkeit zu testen.<\/p>\n<p style=\"margin-bottom: 10px; margin-top: 30px;\"><strong>pH (konz.):<\/strong>9<\/p>\n","protected":false},"excerpt":{"rendered":"<p>FL\u00dcSSIGER FARBENL\u00d6SER Produkt beschreibung: &#8220;ALK22 LK&#8221; fl\u00fcssig ist ein umweltbewusster L\u00f6ser f\u00fcr Binder-, Acryl- und Wasserfarben, sowie Filzstiftverschmutzungen von Kunststoff-, Stein- und Glasfl\u00e4chen. Er enth\u00e4lt keine stark umweltbelastenden L\u00f6sungsmittel und ist ungiftig. Problemlose Farb- und Lackentfernung wurde bisher auf den unterschiedlichsten Untergr\u00fcnden erzielt. Verarbeitung: &#8220;ALK22 LK&#8221;\u00a0stets unverd\u00fcnnt auftragen. Konzentriert mit Schwamm oder Lappen auf die&#8230;<\/p>\n","protected":false},"featured_media":3539,"template":"","meta":[],"product_brand":[319],"product_cat":[477,414,471],"product_tag":[],"class_list":{"0":"post-3538","1":"product","2":"type-product","3":"status-publish","4":"has-post-thumbnail","6":"product_brand-chemie-spezial","7":"product_cat-krasu-un-grafiti-nonemejs-aizsardziba","8":"product_cat-chemie-spezial-produkti","9":"product_cat-eku-tirisana","11":"first","12":"instock","13":"shipping-taxable","14":"purchasable","15":"product-type-variable","16":"has-default-attributes"},"_links":{"self":[{"href":"https:\/\/e-flore.store\/lv\/wp-json\/wp\/v2\/product\/3538","targetHints":{"allow":["GET"]}}],"collection":[{"href":"https:\/\/e-flore.store\/lv\/wp-json\/wp\/v2\/product"}],"about":[{"href":"https:\/\/e-flore.store\/lv\/wp-json\/wp\/v2\/types\/product"}],"wp:featuredmedia":[{"embeddable":true,"href":"https:\/\/e-flore.store\/lv\/wp-json\/wp\/v2\/media\/3539"}],"wp:attachment":[{"href":"https:\/\/e-flore.store\/lv\/wp-json\/wp\/v2\/media?parent=3538"}],"wp:term":[{"taxonomy":"product_brand","embeddable":true,"href":"https:\/\/e-flore.store\/lv\/wp-json\/wp\/v2\/product_brand?post=3538"},{"taxonomy":"product_cat","embeddable":true,"href":"https:\/\/e-flore.store\/lv\/wp-json\/wp\/v2\/product_cat?post=3538"},{"taxonomy":"product_tag","embeddable":true,"href":"https:\/\/e-flore.store\/lv\/wp-json\/wp\/v2\/product_tag?post=3538"}],"curies":[{"name":"wp","href":"https:\/\/api.w.org\/{rel}","templated":true}]}}