{"id":3544,"date":"2026-02-03T16:00:59","date_gmt":"2026-02-03T14:00:59","guid":{"rendered":"https:\/\/demo8.izveide.id.lv\/?post_type=product&#038;p=3544"},"modified":"2026-03-26T15:12:55","modified_gmt":"2026-03-26T13:12:55","slug":"neu1356-lk","status":"publish","type":"product","link":"https:\/\/e-flore.store\/lv\/produkts\/neu1356-lk\/","title":{"rendered":"NEU1356 LK"},"content":{"rendered":"<p><img decoding=\"async\" style=\"width: 100%; height: auto; display: block;\" src=\"\/wp-content\/uploads\/2026\/01\/NEU1356-LK-PARENT_desc.jpg\" \/><\/p>\n<p style=\"margin-bottom: 10px; margin-top: 30px;\"><strong>ANTI-GRAFFITI-EMULSION. GRAFFITISCHUTZ<\/strong><\/p>\n<p style=\"margin-bottom: 10px; margin-top: 30px;\"><strong>Anwendungsgebiete:<\/strong><\/p>\n<p style=\"margin-bottom: 8px; margin-top: 0px; line-height: 1.6;\">&#8220;NEU1356 LK&#8221; ist ein Beschichtungssystem auf Wachsbasis. Grobporige Wandputze, Beton-oberfl\u00e4chen und Naturstein-oberfl\u00e4chen k\u00f6nnen mit der Emulsion vor Graffiti-Farbverschmutzungen gesch\u00fctzt werden.<\/p>\n<p style=\"margin-bottom: 8px; margin-top: 0px; line-height: 1.6;\">Eine geringe Farbvertiefung nach der Beschichtung kann auftreten. Dieses ist vor der Anwendung an einer verdeckten Stelle zu \u00fcberpr\u00fcfen.<\/p>\n<p style=\"margin-bottom: 8px; margin-top: 0px; line-height: 1.6;\">&#8220;NEU1356 LK&#8221;\u00a0ist UV-stabil und kann sowohl im Innen- und Au\u00dfenbereichen eingesetzt werden.<\/p>\n<p style=\"margin-bottom: 8px; margin-top: 0px; line-height: 1.6;\">Das Produkt ist frei von gesundheitssch\u00e4digen L\u00f6sungsmitteln.<\/p>\n<p style=\"margin-bottom: 2px; margin-top: 20px; line-height: 1.4;\">\n<p style=\"margin-bottom: 10px; margin-top: 30px;\"><strong>Verarbeitung:<\/strong><\/p>\n<p style=\"margin-bottom: 8px; margin-top: 0px; line-height: 1.6;\">&#8220;NEU1356 LK&#8221;\u00a0wird als Konzentrat auf die vorgereinigten, trockenen Fl\u00e4chen aufgetragen.<\/p>\n<p style=\"margin-bottom: 8px; margin-top: 0px; line-height: 1.6;\">Der Auftrag der Emulsion erfolgt \u00fcber ein Spr\u00fchsystem oder manuell mit einem Quast. Die Trocknungszeit ist je nach Umgebungstemperatur 4 &#8211; 8 Stunden. Eine Verarbeitung der Emulsion bei einer Au\u00dfentemperatur &lt;10 \u00b0C sollte vermieden werden.<\/p>\n<p style=\"margin-bottom: 8px; margin-top: 0px; line-height: 1.6;\">Der Anti-Graffiti-Schutzfilm kann mit warmen Wasser und einem Hochdruckger\u00e4t von den Oberfl\u00e4chen abgel\u00f6st werden. Der Einsatz von leicht alkalischen Reinigungsmedien erleichtert das Abl\u00f6sen der Opferschicht.<\/p>\n<p style=\"margin-bottom: 8px; margin-top: 0px; line-height: 1.6;\">&#8220;NEU1356 LK&#8221; konzentriert auf die zu sch\u00fctzende Fl\u00e4che auftragen.<\/p>\n<p style=\"margin-bottom: 10px; margin-top: 30px;\"><strong>Hinweise:<\/strong><\/p>\n<p style=\"margin-bottom: 8px; margin-top: 0px; line-height: 1.6;\">Die Verarbeitung sollte nur auf senkrechten Fl\u00e4chen erfolgen. Bei der Beschichtung in Au\u00dfenbereichen sollte es 4 &#8211; 6 Stunden nicht regnen.<\/p>\n<p style=\"margin-bottom: 10px; margin-top: 30px;\"><strong>pH:<\/strong>7 (Konz.)<\/p>\n","protected":false},"excerpt":{"rendered":"<p>ANTI-GRAFFITI-EMULSION. GRAFFITISCHUTZ Anwendungsgebiete: &#8220;NEU1356 LK&#8221; ist ein Beschichtungssystem auf Wachsbasis. Grobporige Wandputze, Beton-oberfl\u00e4chen und Naturstein-oberfl\u00e4chen k\u00f6nnen mit der Emulsion vor Graffiti-Farbverschmutzungen gesch\u00fctzt werden. Eine geringe Farbvertiefung nach der Beschichtung kann auftreten. Dieses ist vor der Anwendung an einer verdeckten Stelle zu \u00fcberpr\u00fcfen. &#8220;NEU1356 LK&#8221;\u00a0ist UV-stabil und kann sowohl im Innen- und Au\u00dfenbereichen eingesetzt werden. Das&#8230;<\/p>\n","protected":false},"featured_media":3545,"template":"","meta":[],"product_brand":[319],"product_cat":[477,414,471],"product_tag":[],"class_list":{"0":"post-3544","1":"product","2":"type-product","3":"status-publish","4":"has-post-thumbnail","6":"product_brand-chemie-spezial","7":"product_cat-krasu-un-grafiti-nonemejs-aizsardziba","8":"product_cat-chemie-spezial-produkti","9":"product_cat-eku-tirisana","11":"first","12":"instock","13":"shipping-taxable","14":"purchasable","15":"product-type-variable","16":"has-default-attributes"},"_links":{"self":[{"href":"https:\/\/e-flore.store\/lv\/wp-json\/wp\/v2\/product\/3544","targetHints":{"allow":["GET"]}}],"collection":[{"href":"https:\/\/e-flore.store\/lv\/wp-json\/wp\/v2\/product"}],"about":[{"href":"https:\/\/e-flore.store\/lv\/wp-json\/wp\/v2\/types\/product"}],"wp:featuredmedia":[{"embeddable":true,"href":"https:\/\/e-flore.store\/lv\/wp-json\/wp\/v2\/media\/3545"}],"wp:attachment":[{"href":"https:\/\/e-flore.store\/lv\/wp-json\/wp\/v2\/media?parent=3544"}],"wp:term":[{"taxonomy":"product_brand","embeddable":true,"href":"https:\/\/e-flore.store\/lv\/wp-json\/wp\/v2\/product_brand?post=3544"},{"taxonomy":"product_cat","embeddable":true,"href":"https:\/\/e-flore.store\/lv\/wp-json\/wp\/v2\/product_cat?post=3544"},{"taxonomy":"product_tag","embeddable":true,"href":"https:\/\/e-flore.store\/lv\/wp-json\/wp\/v2\/product_tag?post=3544"}],"curies":[{"name":"wp","href":"https:\/\/api.w.org\/{rel}","templated":true}]}}