{"id":3562,"date":"2026-02-03T16:01:02","date_gmt":"2026-02-03T14:01:02","guid":{"rendered":"https:\/\/demo8.izveide.id.lv\/?post_type=product&#038;p=3562"},"modified":"2026-03-26T15:12:46","modified_gmt":"2026-03-26T13:12:46","slug":"neu308-lk","status":"publish","type":"product","link":"https:\/\/e-flore.store\/lv\/produkts\/neu308-lk\/","title":{"rendered":"NEU308 LK"},"content":{"rendered":"<p><img decoding=\"async\" src=\"\/wp-content\/uploads\/2026\/01\/NEU308-LK-PARENT_desc.jpg\" style=\"width: 100%; height: auto; display: block;\"><\/p>\n<div id=\"eflore-spacer-v55\" style=\"height: 0px; clear: both; width: 100%; display: block;\"><\/div>\n<p style=\"margin-bottom: 10px; margin-top: 30px;\"><strong>GERUCHLOSE SPEZIAL-HOLZIMPR\u00c4GNIERUNG<\/strong><\/p>\n<p style=\"margin-bottom: 10px; margin-top: 30px;\"><strong><\/p>\n<p style=\"margin-bottom: 2px; margin-top: 0px; line-height: 1.4;\"><\/strong><\/p>\n<p style=\"margin-bottom: 10px; margin-top: 30px;\"><strong>Anwendungsgebiete:<\/strong><\/p>\n<p style=\"margin-bottom: 2px; margin-top: 0px; line-height: 1.4;\">&#8211; verleiht Naturholzoberfl\u00e4chen ein nahezu neuwertiges aussehen<\/p>\n<p style=\"margin-bottom: 2px; margin-top: 0px; line-height: 1.4;\">&#8211; entfernt: Verwitterungsspuren kleine Kratzer, Wasserflecken<\/p>\n<p style=\"margin-bottom: 2px; margin-top: 0px; line-height: 1.4;\">&#8211; matte Stellen verschwinden im Nu<\/p>\n<p style=\"margin-bottom: 2px; margin-top: 0px; line-height: 1.4;\">&#8211; die urspr\u00fcngliche Farbe wird wieder hergestellt<\/p>\n<p style=\"margin-bottom: 2px; margin-top: 0px; line-height: 1.4;\">&#8211; ist ideal anwendbar auf unlackierten Holzoberfl\u00e4chen, wie: Naturholzm\u00f6bel, Naturholzt\u00fcren, Holzgartenm\u00f6bel, Z\u00e4une und Carports.<strong><\/p>\n<p style=\"margin-bottom: 2px; margin-top: 0px; line-height: 1.4;\"><\/strong><\/p>\n<p style=\"margin-bottom: 10px; margin-top: 30px;\"><strong>Verarbeitung:<\/strong><\/p>\n<p style=\"margin-bottom: 2px; margin-top: 0px; line-height: 1.4;\">&#8211; &#8220;NEU308 LK&#8221; bei glatten Oberfl\u00e4chen mit einem fusselfreien Tuch gleichm\u00e4\u00dfig d\u00fcnn auftragen<\/p>\n<p style=\"margin-bottom: 2px; margin-top: 0px; line-height: 1.4;\">&#8211; im Au\u00dfenbereich kann\u00a0&#8220;NEU308 LK&#8221;\u00a0auch mit einem Pinsel oder im Spr\u00fchverfahren verarbeitet werden<\/p>\n<p style=\"margin-bottom: 2px; margin-top: 0px; line-height: 1.4;\">&#8211; bei stark saugendem Untergrund kann ein zweiter Auftrag erfolgen<\/p>\n<p style=\"margin-bottom: 2px; margin-top: 0px; line-height: 1.4;\">&#8211;\u00a0\u00fcbersch\u00fcssiges Material mit einem sauberen Tuch aufnehmen.<\/p>\n<p style=\"margin-bottom: 10px; margin-top: 30px;\"><strong>Hinweise:<\/strong><\/p>\n<p style=\"margin-bottom: 8px; margin-top: 0px; line-height: 1.6;\">Vor der Erstanwendung Materialien an verdeckter Stelle auf Vertr\u00e4glichkeit pr\u00fcfen.<\/p>\n","protected":false},"excerpt":{"rendered":"<p>GERUCHLOSE SPEZIAL-HOLZIMPR\u00c4GNIERUNG Anwendungsgebiete: &#8211; verleiht Naturholzoberfl\u00e4chen ein nahezu neuwertiges aussehen &#8211; entfernt: Verwitterungsspuren kleine Kratzer, Wasserflecken &#8211; matte Stellen verschwinden im Nu &#8211; die urspr\u00fcngliche Farbe wird wieder hergestellt &#8211; ist ideal anwendbar auf unlackierten Holzoberfl\u00e4chen, wie: Naturholzm\u00f6bel, Naturholzt\u00fcren, Holzgartenm\u00f6bel, Z\u00e4une und Carports. Verarbeitung: &#8211; &#8220;NEU308 LK&#8221; bei glatten Oberfl\u00e4chen mit einem fusselfreien Tuch gleichm\u00e4\u00dfig&#8230;<\/p>\n","protected":false},"featured_media":3563,"template":"","meta":[],"product_brand":[319],"product_cat":[474,414,471],"product_tag":[],"class_list":{"0":"post-3562","1":"product","2":"type-product","3":"status-publish","4":"has-post-thumbnail","6":"product_brand-chemie-spezial","7":"product_cat-koka-virsmu-apstrade","8":"product_cat-chemie-spezial-produkti","9":"product_cat-eku-tirisana","11":"first","12":"instock","13":"shipping-taxable","14":"purchasable","15":"product-type-variable","16":"has-default-attributes"},"_links":{"self":[{"href":"https:\/\/e-flore.store\/lv\/wp-json\/wp\/v2\/product\/3562","targetHints":{"allow":["GET"]}}],"collection":[{"href":"https:\/\/e-flore.store\/lv\/wp-json\/wp\/v2\/product"}],"about":[{"href":"https:\/\/e-flore.store\/lv\/wp-json\/wp\/v2\/types\/product"}],"wp:featuredmedia":[{"embeddable":true,"href":"https:\/\/e-flore.store\/lv\/wp-json\/wp\/v2\/media\/3563"}],"wp:attachment":[{"href":"https:\/\/e-flore.store\/lv\/wp-json\/wp\/v2\/media?parent=3562"}],"wp:term":[{"taxonomy":"product_brand","embeddable":true,"href":"https:\/\/e-flore.store\/lv\/wp-json\/wp\/v2\/product_brand?post=3562"},{"taxonomy":"product_cat","embeddable":true,"href":"https:\/\/e-flore.store\/lv\/wp-json\/wp\/v2\/product_cat?post=3562"},{"taxonomy":"product_tag","embeddable":true,"href":"https:\/\/e-flore.store\/lv\/wp-json\/wp\/v2\/product_tag?post=3562"}],"curies":[{"name":"wp","href":"https:\/\/api.w.org\/{rel}","templated":true}]}}