{"id":3568,"date":"2026-02-03T16:01:03","date_gmt":"2026-02-03T14:01:03","guid":{"rendered":"https:\/\/demo8.izveide.id.lv\/?post_type=product&#038;p=3568"},"modified":"2026-03-26T15:12:43","modified_gmt":"2026-03-26T13:12:43","slug":"acd1419-lk","status":"publish","type":"product","link":"https:\/\/e-flore.store\/lv\/produkts\/acd1419-lk\/","title":{"rendered":"ACD1419 LK"},"content":{"rendered":"<p><img decoding=\"async\" style=\"width: 100%; height: auto; display: block;\" src=\"\/wp-content\/uploads\/2026\/01\/ACD1419-LK-PARENT_desc.jpg\" \/><\/p>\n<p style=\"margin-bottom: 10px; margin-top: 30px;\"><strong>HOCHWIRKSAMES SPEZIALPRODUKT ZUR HOLZAUFFRISCHUNG<\/strong><\/p>\n<p style=\"margin-bottom: 10px; margin-top: 30px;\"><strong>Anwendungsgebiete:<\/strong><\/p>\n<p style=\"margin-bottom: 8px; margin-top: 0px; line-height: 1.6;\">&#8220;ACD1419 LK&#8221; wird zur Auffrischung und Reinigung von ausgeblichenem und vergrautem Holz im Au\u00dfenbereich eingesetzt. Behandelte Holzoberfl\u00e4chen erhalten ihr nahezu neuwertiges Aussehen wieder. Der urspr\u00fcngliche Charakter wird wieder hergestellt.<\/p>\n<p style=\"margin-bottom: 10px; margin-top: 30px;\"><strong>Einsatzgebiete:<\/strong><\/p>\n<p style=\"margin-bottom: 8px; margin-top: 0px; line-height: 1.6;\">Gartenm\u00f6bel, Holzz\u00e4une, Palisaden, Ger\u00e4teh\u00e4user, Holzterassen, Carports und Pflanzkasten.<\/p>\n<p style=\"margin-bottom: 10px; margin-top: 30px;\"><strong>Verarbeitung:<\/strong><\/p>\n<p style=\"margin-bottom: 8px; margin-top: 0px; line-height: 1.6;\">Die zu behandelnden Fl\u00e4chen vorab mit Wasser anfeuchten.\u00a0&#8220;ACD1419 LK&#8221;\u00a0je nach Intensit\u00e4t der Vergrauung, pur oder bis 1:5 mit Wasser verd\u00fcnnt auftragen. Mit einer harten Wurzelb\u00fcrstein Faserrichtung in das Holz einb\u00fcrsten. Nach 10 &#8211; 15 Minuten Einwirkzeit die nun gel\u00f6ste Vergrauung mit einem harten Wasserstrahl entfernen. Nicht auf blanken Metallteilen verwenden. Nach Trocknung mit entsprechenden Pflege\u00f6len nachbehandeln.<\/p>\n<p style=\"margin-bottom: 10px; margin-top: 30px;\"><strong>Hinweise:<\/strong><\/p>\n<p style=\"margin-bottom: 2px; margin-top: 0px; line-height: 1.4;\">Vor Gebrauch sch\u00fctteln!<\/p>\n<p style=\"margin-bottom: 10px; margin-top: 30px;\"><strong>pH:<\/strong>1,0 (Konz.)<\/p>\n","protected":false},"excerpt":{"rendered":"<p>HOCHWIRKSAMES SPEZIALPRODUKT ZUR HOLZAUFFRISCHUNG Anwendungsgebiete: &#8220;ACD1419 LK&#8221; wird zur Auffrischung und Reinigung von ausgeblichenem und vergrautem Holz im Au\u00dfenbereich eingesetzt. Behandelte Holzoberfl\u00e4chen erhalten ihr nahezu neuwertiges Aussehen wieder. Der urspr\u00fcngliche Charakter wird wieder hergestellt. Einsatzgebiete: Gartenm\u00f6bel, Holzz\u00e4une, Palisaden, Ger\u00e4teh\u00e4user, Holzterassen, Carports und Pflanzkasten. Verarbeitung: Die zu behandelnden Fl\u00e4chen vorab mit Wasser anfeuchten.\u00a0&#8220;ACD1419 LK&#8221;\u00a0je nach Intensit\u00e4t&#8230;<\/p>\n","protected":false},"featured_media":3569,"template":"","meta":[],"product_brand":[319],"product_cat":[474,414,471],"product_tag":[],"class_list":{"0":"post-3568","1":"product","2":"type-product","3":"status-publish","4":"has-post-thumbnail","6":"product_brand-chemie-spezial","7":"product_cat-koka-virsmu-apstrade","8":"product_cat-chemie-spezial-produkti","9":"product_cat-eku-tirisana","11":"first","12":"instock","13":"shipping-taxable","14":"purchasable","15":"product-type-variable","16":"has-default-attributes"},"_links":{"self":[{"href":"https:\/\/e-flore.store\/lv\/wp-json\/wp\/v2\/product\/3568","targetHints":{"allow":["GET"]}}],"collection":[{"href":"https:\/\/e-flore.store\/lv\/wp-json\/wp\/v2\/product"}],"about":[{"href":"https:\/\/e-flore.store\/lv\/wp-json\/wp\/v2\/types\/product"}],"wp:featuredmedia":[{"embeddable":true,"href":"https:\/\/e-flore.store\/lv\/wp-json\/wp\/v2\/media\/3569"}],"wp:attachment":[{"href":"https:\/\/e-flore.store\/lv\/wp-json\/wp\/v2\/media?parent=3568"}],"wp:term":[{"taxonomy":"product_brand","embeddable":true,"href":"https:\/\/e-flore.store\/lv\/wp-json\/wp\/v2\/product_brand?post=3568"},{"taxonomy":"product_cat","embeddable":true,"href":"https:\/\/e-flore.store\/lv\/wp-json\/wp\/v2\/product_cat?post=3568"},{"taxonomy":"product_tag","embeddable":true,"href":"https:\/\/e-flore.store\/lv\/wp-json\/wp\/v2\/product_tag?post=3568"}],"curies":[{"name":"wp","href":"https:\/\/api.w.org\/{rel}","templated":true}]}}