{"id":3586,"date":"2026-02-03T16:01:09","date_gmt":"2026-02-03T14:01:09","guid":{"rendered":"https:\/\/demo8.izveide.id.lv\/?post_type=product&#038;p=3586"},"modified":"2026-03-26T15:12:34","modified_gmt":"2026-03-26T13:12:34","slug":"alk1465-lk","status":"publish","type":"product","link":"https:\/\/e-flore.store\/lv\/produkts\/alk1465-lk\/","title":{"rendered":"ALK1465 LK"},"content":{"rendered":"<p><img decoding=\"async\" style=\"width: 100%; height: auto; display: block;\" src=\"\/wp-content\/uploads\/2026\/01\/ALK1465-LK-PARENT_desc.jpg\" \/><\/p>\n<p style=\"margin-bottom: 10px; margin-top: 30px;\"><strong>EDELGLANZWACHS F\u00dcR HOLZOBERFL\u00c4CHEN<\/strong><\/p>\n<p style=\"margin-bottom: 10px; margin-top: 30px;\"><strong>Anwendungsgebiete:<\/strong><\/p>\n<p style=\"margin-bottom: 2px; margin-top: 0px; line-height: 1.4;\">&#8211; Nat\u00fcrliches Holzwachs aus dem Wachs der Carnaubapalme.<\/p>\n<p style=\"margin-bottom: 2px; margin-top: 0px; line-height: 1.4;\">&#8211; Glanzwachs ist eine aus Carnaubawachs aufgebaute Versiegelungsdispersion f\u00fcr alle wasserfesten Boden und speziell f\u00fcr Holzbel\u00e4ge.<\/p>\n<p style=\"margin-bottom: 2px; margin-top: 0px; line-height: 1.4;\">&#8211; Frei von L\u00f6sungsmitteln und somit einfach in der Verarbeitung.<\/p>\n<p style=\"margin-bottom: 2px; margin-top: 0px; line-height: 1.4;\">&#8211; Bildet nach dem Durchtrocknen einen dauerhaften und hochgl\u00e4nzenden Schutzfilm, der durch Polieren zus\u00e4tzlich verdichtet werden kann.<\/p>\n<p style=\"margin-bottom: 2px; margin-top: 0px; line-height: 1.4;\">\n<p style=\"margin-bottom: 10px; margin-top: 30px;\"><strong>Verarbeitung:<\/strong><\/p>\n<p style=\"margin-bottom: 2px; margin-top: 0px; line-height: 1.4;\">&#8211; Wird f\u00fcr die Erstbeschichtung Konzentriert auf die gut gereinigten Bel\u00e4ge aufgebracht. Der Auftrag sollte mittels eines Mopps erfolgen.<\/p>\n<p style=\"margin-bottom: 2px; margin-top: 0px; line-height: 1.4;\">&#8211; Je nach Saugf\u00e4higkeit des Holzes sollten bis zu drei Schichten aufgetragen werden. Zwischen den Auftr\u00e4gen eine Trockenzeit von ca. 4 Stunden einhalten und f\u00fcr gute Bel\u00fcftung sorgen.<\/p>\n<p style=\"margin-bottom: 2px; margin-top: 0px; line-height: 1.4;\">&#8211; Die Schutzschicht kann zus\u00e4tzlich auspoliert werden. Hierdurch wird eine bessere Optik und Haltbarkeit erzielt.<\/p>\n<p style=\"margin-bottom: 2px; margin-top: 0px; line-height: 1.4;\">&#8211; Verbrauch per qm und Schicht: 30-50 ml.<\/p>\n<p style=\"margin-bottom: 10px; margin-top: 30px;\"><strong>Hinweise:<\/strong><\/p>\n<p style=\"margin-bottom: 8px; margin-top: 0px; line-height: 1.6;\">Vor der Erstanwendung Materialien an verdeckter Stelle auf Vertr\u00e4glichkeit pr\u00fcfen. Bei der Verarbeitung Pf\u00fctzenbildung vermeiden und nicht zu nass auftragen. Holz auf Quelleigenschaften beobachten. Empfohlene Grundreiniger: &#8220;NEU1466 LK&#8221;,\u00a0&#8220;ALK1501 LK&#8221;.<\/p>\n<p style=\"margin-bottom: 10px; margin-top: 30px;\"><strong>pH:<\/strong>8,2 (Konz.)<\/p>\n","protected":false},"excerpt":{"rendered":"<p>EDELGLANZWACHS F\u00dcR HOLZOBERFL\u00c4CHEN Anwendungsgebiete: &#8211; Nat\u00fcrliches Holzwachs aus dem Wachs der Carnaubapalme. &#8211; Glanzwachs ist eine aus Carnaubawachs aufgebaute Versiegelungsdispersion f\u00fcr alle wasserfesten Boden und speziell f\u00fcr Holzbel\u00e4ge. &#8211; Frei von L\u00f6sungsmitteln und somit einfach in der Verarbeitung. &#8211; Bildet nach dem Durchtrocknen einen dauerhaften und hochgl\u00e4nzenden Schutzfilm, der durch Polieren zus\u00e4tzlich verdichtet werden kann&#8230;.<\/p>\n","protected":false},"featured_media":3587,"template":"","meta":[],"product_brand":[319],"product_cat":[474,414,471],"product_tag":[],"class_list":{"0":"post-3586","1":"product","2":"type-product","3":"status-publish","4":"has-post-thumbnail","6":"product_brand-chemie-spezial","7":"product_cat-koka-virsmu-apstrade","8":"product_cat-chemie-spezial-produkti","9":"product_cat-eku-tirisana","11":"first","12":"instock","13":"shipping-taxable","14":"purchasable","15":"product-type-variable","16":"has-default-attributes"},"_links":{"self":[{"href":"https:\/\/e-flore.store\/lv\/wp-json\/wp\/v2\/product\/3586","targetHints":{"allow":["GET"]}}],"collection":[{"href":"https:\/\/e-flore.store\/lv\/wp-json\/wp\/v2\/product"}],"about":[{"href":"https:\/\/e-flore.store\/lv\/wp-json\/wp\/v2\/types\/product"}],"wp:featuredmedia":[{"embeddable":true,"href":"https:\/\/e-flore.store\/lv\/wp-json\/wp\/v2\/media\/3587"}],"wp:attachment":[{"href":"https:\/\/e-flore.store\/lv\/wp-json\/wp\/v2\/media?parent=3586"}],"wp:term":[{"taxonomy":"product_brand","embeddable":true,"href":"https:\/\/e-flore.store\/lv\/wp-json\/wp\/v2\/product_brand?post=3586"},{"taxonomy":"product_cat","embeddable":true,"href":"https:\/\/e-flore.store\/lv\/wp-json\/wp\/v2\/product_cat?post=3586"},{"taxonomy":"product_tag","embeddable":true,"href":"https:\/\/e-flore.store\/lv\/wp-json\/wp\/v2\/product_tag?post=3586"}],"curies":[{"name":"wp","href":"https:\/\/api.w.org\/{rel}","templated":true}]}}