{"id":3598,"date":"2026-02-03T16:01:10","date_gmt":"2026-02-03T14:01:10","guid":{"rendered":"https:\/\/demo8.izveide.id.lv\/?post_type=product&#038;p=3598"},"modified":"2026-03-26T15:12:31","modified_gmt":"2026-03-26T13:12:31","slug":"neu1461-lk","status":"publish","type":"product","link":"https:\/\/e-flore.store\/lv\/produkts\/neu1461-lk\/","title":{"rendered":"NEU1461 LK"},"content":{"rendered":"<p><img decoding=\"async\" style=\"width: 100%; height: auto; display: block;\" src=\"\/wp-content\/uploads\/2026\/01\/NEU1461-LK-PARENT_desc.jpg\" \/><\/p>\n<p style=\"margin-bottom: 10px; margin-top: 30px;\"><strong>SEIDENMATTE, TRITTSICHERE HOLZVERSIEGELUNG<\/strong><\/p>\n<p style=\"margin-bottom: 10px; margin-top: 30px;\"><strong>Anwendungsgebiete:<\/strong><\/p>\n<p style=\"margin-bottom: 8px; margin-top: 0px; line-height: 1.6;\">&#8220;NEU1461 LK&#8221; ist eine \u00e4u\u00dferst wirkungsvolle Acrylatbeschichtung f\u00fcr nahezu alle Holz- und Laminatarten. Diese Versiegelung verleiht der Oberfl\u00e4che eine seidenmatte, schmutzabweisende und trittsichere Schutzschicht.<\/p>\n<p style=\"margin-bottom: 8px; margin-top: 0px; line-height: 1.6;\">&#8220;NEU1461 LK&#8221;\u00a0kann auf bereits beschichteten oder offenen Holzbel\u00e4gen problemlos angewendet werden.<\/p>\n<p style=\"margin-bottom: 10px; margin-top: 30px;\"><strong>Verarbeitung:<\/strong><\/p>\n<p style=\"margin-bottom: 8px; margin-top: 0px; line-height: 1.6;\">&#8220;NEU1461 LK&#8221;\u00a0in 2 bis 3 Schichten mit einem flusenfreien Mopp d\u00fcnn aufgetragen. Es muss immer mit der Holzmaserung angewendet werden.<\/p>\n<p style=\"margin-bottom: 8px; margin-top: 0px; line-height: 1.6;\">&#8220;NEU1461 LK&#8221;\u00a0sollte zwischen den einzelnen Schichten 1 bis 2 Stunden trocknen. Vor der Aufbringung einer neuen Schicht sollte diese nicht mehr kleben (Handtest).<\/p>\n<p style=\"margin-bottom: 8px; margin-top: 0px; line-height: 1.6;\">Verbrauch per qm und Schicht: 30 &#8211; 50 ml.<\/p>\n<p style=\"margin-bottom: 10px; margin-top: 30px;\"><strong>Hinweise:<\/strong><\/p>\n<p style=\"margin-bottom: 8px; margin-top: 0px; line-height: 1.6;\">Vor der Erstanwendung Materialien an verdeckter Stelle auf Vertr\u00e4glichkeit pr\u00fcfen.<\/p>\n<p style=\"margin-bottom: 8px; margin-top: 0px; line-height: 1.6;\">Nicht geeignet auf ge\u00f6lten oder gewachsten Oberfl\u00e4chen. Hierf\u00fcr muss der Belag zuerst mit &#8220;ALK1501 LK&#8221; grundgereinigt werden.<\/p>\n<p style=\"margin-bottom: 8px; margin-top: 0px; line-height: 1.6;\">Fu\u00dfbodenheizung ausschalten und Boden anschlie\u00dfend auf Normaltemperatur runter k\u00fchlen. F\u00fcr eine gute Bel\u00fcftung sorgen!<\/p>\n<p style=\"margin-bottom: 10px; margin-top: 30px;\"><strong>pH:<\/strong>7,4 (Konz.)<\/p>\n","protected":false},"excerpt":{"rendered":"<p>SEIDENMATTE, TRITTSICHERE HOLZVERSIEGELUNG Anwendungsgebiete: &#8220;NEU1461 LK&#8221; ist eine \u00e4u\u00dferst wirkungsvolle Acrylatbeschichtung f\u00fcr nahezu alle Holz- und Laminatarten. Diese Versiegelung verleiht der Oberfl\u00e4che eine seidenmatte, schmutzabweisende und trittsichere Schutzschicht. &#8220;NEU1461 LK&#8221;\u00a0kann auf bereits beschichteten oder offenen Holzbel\u00e4gen problemlos angewendet werden. Verarbeitung: &#8220;NEU1461 LK&#8221;\u00a0in 2 bis 3 Schichten mit einem flusenfreien Mopp d\u00fcnn aufgetragen. Es muss immer&#8230;<\/p>\n","protected":false},"featured_media":3599,"template":"","meta":[],"product_brand":[319],"product_cat":[474,414,471],"product_tag":[],"class_list":{"0":"post-3598","1":"product","2":"type-product","3":"status-publish","4":"has-post-thumbnail","6":"product_brand-chemie-spezial","7":"product_cat-koka-virsmu-apstrade","8":"product_cat-chemie-spezial-produkti","9":"product_cat-eku-tirisana","11":"first","12":"instock","13":"shipping-taxable","14":"purchasable","15":"product-type-variable","16":"has-default-attributes"},"_links":{"self":[{"href":"https:\/\/e-flore.store\/lv\/wp-json\/wp\/v2\/product\/3598","targetHints":{"allow":["GET"]}}],"collection":[{"href":"https:\/\/e-flore.store\/lv\/wp-json\/wp\/v2\/product"}],"about":[{"href":"https:\/\/e-flore.store\/lv\/wp-json\/wp\/v2\/types\/product"}],"wp:featuredmedia":[{"embeddable":true,"href":"https:\/\/e-flore.store\/lv\/wp-json\/wp\/v2\/media\/3599"}],"wp:attachment":[{"href":"https:\/\/e-flore.store\/lv\/wp-json\/wp\/v2\/media?parent=3598"}],"wp:term":[{"taxonomy":"product_brand","embeddable":true,"href":"https:\/\/e-flore.store\/lv\/wp-json\/wp\/v2\/product_brand?post=3598"},{"taxonomy":"product_cat","embeddable":true,"href":"https:\/\/e-flore.store\/lv\/wp-json\/wp\/v2\/product_cat?post=3598"},{"taxonomy":"product_tag","embeddable":true,"href":"https:\/\/e-flore.store\/lv\/wp-json\/wp\/v2\/product_tag?post=3598"}],"curies":[{"name":"wp","href":"https:\/\/api.w.org\/{rel}","templated":true}]}}