{"id":3620,"date":"2026-02-03T16:01:13","date_gmt":"2026-02-03T14:01:13","guid":{"rendered":"https:\/\/demo8.izveide.id.lv\/?post_type=product&#038;p=3620"},"modified":"2026-03-26T15:12:14","modified_gmt":"2026-03-26T13:12:14","slug":"clnw-88","status":"publish","type":"product","link":"https:\/\/e-flore.store\/lv\/produkts\/clnw-88\/","title":{"rendered":"CLNW 88"},"content":{"rendered":"<p><img decoding=\"async\" style=\"width: 100%; height: auto; display: block;\" src=\"\/wp-content\/uploads\/2026\/01\/CLNW-88-PARENT_desc.jpg\" \/><\/p>\n<div id=\"eflore-spacer-v55\" style=\"height: 0px; clear: both; width: 100%; display: block;\"><\/div>\n<p style=\"margin-bottom: 10px; margin-top: 30px;\"><strong>EDELSTAHLREINIGER- UND PFLEGE<\/strong><\/p>\n<p style=\"margin-bottom: 8px; margin-top: 0px; line-height: 1.6;\"><strong>&#8220;CLNW 88&#8221;<\/strong><\/p>\n<p style=\"margin-bottom: 8px; margin-top: 0px; line-height: 1.6;\">ist ein Pflege- und Reinigungsspray. Es reinigt, pflegt, konserviert, sch\u00fctzt und versiegelt alle glatten Edelstahloberfl\u00e4chen. Entfernt Schmierfilme und reinigt auch gro\u00dfe Fl\u00e4chen ohne Streifenbildung. Hinterl\u00e4sst einen langhaftenden Schutzfilm der Wasser abperlen l\u00e4sst und neues Anhaften von Schmutz verhindert. Erf\u00fcllt alle Reinheitsanforderungen der USDA\/NSF H1 und DAB 10 Zulassungen.<\/p>\n<p style=\"margin-bottom: 10px; margin-top: 30px;\"><strong>Eigenschaften:<\/strong><\/p>\n<p style=\"margin-bottom: 2px; margin-top: 0px; line-height: 1.4;\">&#8211; keine Streifenbildung<\/p>\n<p style=\"margin-bottom: 2px; margin-top: 0px; line-height: 1.4;\">&#8211; langhaftender Schutzfilm der Wasser abperlen l\u00e4sst<\/p>\n<p style=\"margin-bottom: 2px; margin-top: 0px; line-height: 1.4;\">&#8211; verhindert Anhaften von Schmutz<\/p>\n<p style=\"margin-bottom: 2px; margin-top: 0px; line-height: 1.4;\">&#8211; erf\u00fcllt alle Reinheitsanforderungen der USDA\/NSF H1 und DAB 10 Zulassungen.<\/p>\n<p style=\"margin-bottom: 10px; margin-top: 30px;\"><strong>Anwendung:<\/strong><\/p>\n<p style=\"margin-bottom: 8px; margin-top: 0px; line-height: 1.6;\">&#8220;CLNW 88&#8221;\u00a0ist in Hotels, Gastst\u00e4tten, Krankenh\u00e4usern und B\u00fcros einsetzbar. Auch im Bereich der Lebensmittelverarbeitung und im Gesundheitswesen.<\/p>\n<p style=\"margin-bottom: 10px; margin-top: 30px;\"><strong>Arbeitsvorbereitung:<\/strong><\/p>\n<p style=\"margin-bottom: 8px; margin-top: 0px; line-height: 1.6;\">Der Untergrund muss sauber, fett- und rostfrei sein. Dose bitte vor Gebrauch gr\u00fcndlich sch\u00fctteln und im Abstand von ca. 25 cm d\u00fcnn und gleichm\u00e4\u00dfig aufspr\u00fchen, anschlie\u00dfend mit einem trockenen, weichen Tuch leicht verreiben. Stark verschmutzte Fl\u00e4chen erfordern vor der Anwendung mit\u00a0&#8220;CLNW 88&#8221;\u00a0eine gr\u00fcndliche Reinigung.<\/p>\n<p style=\"margin-bottom: 10px; margin-top: 30px;\"><strong>Technische Daten:<\/strong><\/p>\n<p style=\"margin-bottom: 2px; margin-top: 0px; line-height: 1.4;\">Farbe: farblos<\/p>\n<p style=\"margin-bottom: 2px; margin-top: 0px; line-height: 1.4;\">Geruch: neutral<\/p>\n<p style=\"margin-bottom: 2px; margin-top: 0px; line-height: 1.4;\">Lagertemperatur: +5 \u00b0C bis max. +25 \u00b0C<\/p>\n","protected":false},"excerpt":{"rendered":"<p>EDELSTAHLREINIGER- UND PFLEGE &#8220;CLNW 88&#8221; ist ein Pflege- und Reinigungsspray. Es reinigt, pflegt, konserviert, sch\u00fctzt und versiegelt alle glatten Edelstahloberfl\u00e4chen. Entfernt Schmierfilme und reinigt auch gro\u00dfe Fl\u00e4chen ohne Streifenbildung. Hinterl\u00e4sst einen langhaftenden Schutzfilm der Wasser abperlen l\u00e4sst und neues Anhaften von Schmutz verhindert. Erf\u00fcllt alle Reinheitsanforderungen der USDA\/NSF H1 und DAB 10 Zulassungen. Eigenschaften: &#8211;&#8230;<\/p>\n","protected":false},"featured_media":3621,"template":"","meta":[],"product_brand":[319],"product_cat":[414,468,459],"product_tag":[],"class_list":{"0":"post-3620","1":"product","2":"type-product","3":"status-publish","4":"has-post-thumbnail","6":"product_brand-chemie-spezial","7":"product_cat-chemie-spezial-produkti","8":"product_cat-tirisana","9":"product_cat-tehniskie-aerosoli","11":"first","12":"instock","13":"shipping-taxable","14":"purchasable","15":"product-type-variable","16":"has-default-attributes"},"_links":{"self":[{"href":"https:\/\/e-flore.store\/lv\/wp-json\/wp\/v2\/product\/3620","targetHints":{"allow":["GET"]}}],"collection":[{"href":"https:\/\/e-flore.store\/lv\/wp-json\/wp\/v2\/product"}],"about":[{"href":"https:\/\/e-flore.store\/lv\/wp-json\/wp\/v2\/types\/product"}],"wp:featuredmedia":[{"embeddable":true,"href":"https:\/\/e-flore.store\/lv\/wp-json\/wp\/v2\/media\/3621"}],"wp:attachment":[{"href":"https:\/\/e-flore.store\/lv\/wp-json\/wp\/v2\/media?parent=3620"}],"wp:term":[{"taxonomy":"product_brand","embeddable":true,"href":"https:\/\/e-flore.store\/lv\/wp-json\/wp\/v2\/product_brand?post=3620"},{"taxonomy":"product_cat","embeddable":true,"href":"https:\/\/e-flore.store\/lv\/wp-json\/wp\/v2\/product_cat?post=3620"},{"taxonomy":"product_tag","embeddable":true,"href":"https:\/\/e-flore.store\/lv\/wp-json\/wp\/v2\/product_tag?post=3620"}],"curies":[{"name":"wp","href":"https:\/\/api.w.org\/{rel}","templated":true}]}}