{"id":3632,"date":"2026-02-03T16:01:17","date_gmt":"2026-02-03T14:01:17","guid":{"rendered":"https:\/\/demo8.izveide.id.lv\/?post_type=product&#038;p=3632"},"modified":"2026-03-26T15:12:04","modified_gmt":"2026-03-26T13:12:04","slug":"clnw-92","status":"publish","type":"product","link":"https:\/\/e-flore.store\/lv\/produkts\/clnw-92\/","title":{"rendered":"CLNW 92"},"content":{"rendered":"<p><img decoding=\"async\" style=\"width: 100%; height: auto; display: block;\" src=\"\/wp-content\/uploads\/2026\/01\/CLNW-92-PARENT_desc.jpg\" \/><\/p>\n<p style=\"margin-bottom: 10px; margin-top: 30px;\"><strong>EDELSTAHLPOLISH<\/strong><\/p>\n<p style=\"margin-bottom: 8px; margin-top: 0px; line-height: 1.6;\"><strong>&#8220;CLNW 92&#8221;<\/strong><\/p>\n<p style=\"margin-bottom: 8px; margin-top: 0px; line-height: 1.6;\">ist eine spezielle Hochleistungspflege f\u00fcr Metalle, Lacke, Kunststoffe. Chrom und Edelstahlfl\u00e4chen erstrahlen in neuem Glanz.\u00a0&#8220;CLNW 92&#8221;\u00a0ist fingerprint- und feuchtigkeitsabweisend. Durch moderne Wirkstoffkomponenten wird ein Schutzfilm gebildet, der die Oberfl\u00e4che langfristig versiegelt.<\/p>\n<p style=\"margin-bottom: 10px; margin-top: 30px;\"><strong>Eigenschaften:<\/strong><\/p>\n<p style=\"margin-bottom: 2px; margin-top: 0px; line-height: 1.4;\">&#8211; reinigt, pflegt und versiegelt<\/p>\n<p style=\"margin-bottom: 2px; margin-top: 0px; line-height: 1.4;\">&#8211; bildet einen dauerhaften Schutzfilm<\/p>\n<p style=\"margin-bottom: 2px; margin-top: 0px; line-height: 1.4;\">&#8211; verhinder Oxidation und Korrosion<\/p>\n<p style=\"margin-bottom: 2px; margin-top: 0px; line-height: 1.4;\">&#8211; gepflegte Fl\u00e4chen sind f\u00fcr Monate gesch\u00fctzt<\/p>\n<p style=\"margin-bottom: 2px; margin-top: 0px; line-height: 1.4;\">&#8211; wirkt antistatisch, staub- und schmutzabweisend<\/p>\n<p style=\"margin-bottom: 2px; margin-top: 0px; line-height: 1.4;\">&#8211; ideales Pflegemittel f\u00fcr den Einsatz im Sichtbereich<\/p>\n<p style=\"margin-bottom: 2px; margin-top: 0px; line-height: 1.4;\">&#8211; silikonfrei.<\/p>\n<p style=\"margin-bottom: 10px; margin-top: 30px;\"><strong>Arbeitsvorbereitung:<\/strong><\/p>\n<p style=\"margin-bottom: 8px; margin-top: 0px; line-height: 1.6;\">Der Untergrund muss sauber, fett- und rostfrei sein. Dose vor Gebrauch gr\u00fcndlich sch\u00fctteln und im Abstand von ca. 25 cm d\u00fcnn und gleichm\u00e4\u00dfig aufspr\u00fchen, anschlie\u00dfend mit einem trockenen, weichen Tuch polieren. Stark verschmutzte Fl\u00e4chen erfordern die Reinigung mit einem geeigneten Reinigungsmittel.<\/p>\n<p style=\"margin-bottom: 10px; margin-top: 30px;\"><strong>Technische Daten:<\/strong><\/p>\n<p style=\"margin-bottom: 2px; margin-top: 0px; line-height: 1.4;\">Farbe: wei\u00df<\/p>\n<p style=\"margin-bottom: 2px; margin-top: 0px; line-height: 1.4;\">Geruch: nach Wachsen<\/p>\n<p style=\"margin-bottom: 2px; margin-top: 0px; line-height: 1.4;\">Lagertemperatur: +5 \u00b0C bis max. +25 \u00b0C<\/p>\n","protected":false},"excerpt":{"rendered":"<p>EDELSTAHLPOLISH &#8220;CLNW 92&#8221; ist eine spezielle Hochleistungspflege f\u00fcr Metalle, Lacke, Kunststoffe. Chrom und Edelstahlfl\u00e4chen erstrahlen in neuem Glanz.\u00a0&#8220;CLNW 92&#8221;\u00a0ist fingerprint- und feuchtigkeitsabweisend. Durch moderne Wirkstoffkomponenten wird ein Schutzfilm gebildet, der die Oberfl\u00e4che langfristig versiegelt. Eigenschaften: &#8211; reinigt, pflegt und versiegelt &#8211; bildet einen dauerhaften Schutzfilm &#8211; verhinder Oxidation und Korrosion &#8211; gepflegte Fl\u00e4chen sind f\u00fcr&#8230;<\/p>\n","protected":false},"featured_media":3633,"template":"","meta":[],"product_brand":[319],"product_cat":[465,414,468,459],"product_tag":[],"class_list":{"0":"post-3632","1":"product","2":"type-product","3":"status-publish","4":"has-post-thumbnail","6":"product_brand-chemie-spezial","7":"product_cat-apkope-un-remonts-aizsardziba-pret-koroziju","8":"product_cat-chemie-spezial-produkti","9":"product_cat-tirisana","10":"product_cat-tehniskie-aerosoli","12":"first","13":"instock","14":"shipping-taxable","15":"purchasable","16":"product-type-variable","17":"has-default-attributes"},"_links":{"self":[{"href":"https:\/\/e-flore.store\/lv\/wp-json\/wp\/v2\/product\/3632","targetHints":{"allow":["GET"]}}],"collection":[{"href":"https:\/\/e-flore.store\/lv\/wp-json\/wp\/v2\/product"}],"about":[{"href":"https:\/\/e-flore.store\/lv\/wp-json\/wp\/v2\/types\/product"}],"wp:featuredmedia":[{"embeddable":true,"href":"https:\/\/e-flore.store\/lv\/wp-json\/wp\/v2\/media\/3633"}],"wp:attachment":[{"href":"https:\/\/e-flore.store\/lv\/wp-json\/wp\/v2\/media?parent=3632"}],"wp:term":[{"taxonomy":"product_brand","embeddable":true,"href":"https:\/\/e-flore.store\/lv\/wp-json\/wp\/v2\/product_brand?post=3632"},{"taxonomy":"product_cat","embeddable":true,"href":"https:\/\/e-flore.store\/lv\/wp-json\/wp\/v2\/product_cat?post=3632"},{"taxonomy":"product_tag","embeddable":true,"href":"https:\/\/e-flore.store\/lv\/wp-json\/wp\/v2\/product_tag?post=3632"}],"curies":[{"name":"wp","href":"https:\/\/api.w.org\/{rel}","templated":true}]}}