{"id":3640,"date":"2026-02-03T16:01:18","date_gmt":"2026-02-03T14:01:18","guid":{"rendered":"https:\/\/demo8.izveide.id.lv\/?post_type=product&#038;p=3640"},"modified":"2026-03-26T15:12:01","modified_gmt":"2026-03-26T13:12:01","slug":"clnw-2000","status":"publish","type":"product","link":"https:\/\/e-flore.store\/lv\/produkts\/clnw-2000\/","title":{"rendered":"CLNW 2000"},"content":{"rendered":"<p><img decoding=\"async\" style=\"width: 100%; height: auto; display: block;\" src=\"\/wp-content\/uploads\/2026\/01\/CLNW-2000-PARENT_desc.jpg\" \/><\/p>\n<p style=\"margin-bottom: 10px; margin-top: 30px;\"><strong>SPR\u00dcHREINIGER<\/strong><\/p>\n<p style=\"margin-bottom: 8px; margin-top: 0px; line-height: 1.6;\"><strong>&#8220;CLNW 2000&#8221;<\/strong><\/p>\n<p style=\"margin-bottom: 8px; margin-top: 0px; line-height: 1.6;\">ist spezialisiert f\u00fcr den professionellen Einsatz in Industrie und Montage. Entfernt porentief Fett, \u00d6l, Staub, Verkrustungen, Schmutzreste, Ru\u00df, etc. Ideal zur Vorbereitung von Klebefl\u00e4chen. Schnelle r\u00fcckstandsfreie Abl\u00fcftung durch Aktivformel. Sparsame Dosierung \u00fcber Spezialspr\u00fchkopf. Gummi- und Kunststoffteile vor der Anwendung auf Vertr\u00e4glichkeit pr\u00fcfen.<\/p>\n<p style=\"margin-bottom: 10px; margin-top: 30px;\"><strong>Eigenschaften:<\/strong><\/p>\n<p style=\"margin-bottom: 2px; margin-top: 0px; line-height: 1.4;\">&#8211; ideal zur Vorbereitung von Klebefl\u00e4chen<\/p>\n<p style=\"margin-bottom: 2px; margin-top: 0px; line-height: 1.4;\">&#8211; schnelle r\u00fcckstandsfreie Abl\u00fcftung<\/p>\n<p style=\"margin-bottom: 2px; margin-top: 0px; line-height: 1.4;\">&#8211; enfernt porentief Fett, \u00d6l, Staub, Verkrustungen, Schmutzreste, Ru\u00df, etc.<\/p>\n<p style=\"margin-bottom: 10px; margin-top: 30px;\"><strong>Anwendung:<\/strong><\/p>\n<p style=\"margin-bottom: 8px; margin-top: 0px; line-height: 1.6;\">Produkt aus einer Entfernung von ca. 20-30 cm auf die Oberfl\u00e4che aufspr\u00fchen, einwirken und abl\u00fcften lassen. Bei hartn\u00e4ckigen Verschmutzungen Anwendung wiederholen. Achtung! Thermoplaste wie Gummi, PVC, Plexiglas, Polystyrol und einfache Lackanstriche k\u00f6nnten angel\u00f6st werden. Vor der Anwendung, Oberfl\u00e4che auf Vertr\u00e4glichkeit testen!<\/p>\n<p style=\"margin-bottom: 10px; margin-top: 30px;\"><strong>Technische Daten:<\/strong><\/p>\n<p style=\"margin-bottom: 2px; margin-top: 0px; line-height: 1.4;\">Farbe: transparent<\/p>\n<p style=\"margin-bottom: 2px; margin-top: 0px; line-height: 1.4;\">Geruch: nach L\u00f6semittel<\/p>\n<p style=\"margin-bottom: 2px; margin-top: 0px; line-height: 1.4;\">Lagertemperatur: +5 \u00b0C bis max. +25 \u00b0C<\/p>\n<p style=\"margin-bottom: 10px; margin-top: 30px;\"><strong>Verpackung:<\/strong><\/p>\n<p style=\"margin-bottom: 8px; margin-top: 0px; line-height: 1.6;\">&#8220;CLNW 2000&#8221;\u00a0ist in 500 ml Aerosoldosen lieferbar. VPE = 12 St\u00fcck<\/p>\n<p style=\"margin-bottom: 8px; margin-top: 0px; line-height: 1.6;\">&#8220;CLNW 2000&#8221;\u00a0ist in 1 L, 5 L, 10 L Kanister lieferbar<\/p>\n","protected":false},"excerpt":{"rendered":"<p>SPR\u00dcHREINIGER &#8220;CLNW 2000&#8221; ist spezialisiert f\u00fcr den professionellen Einsatz in Industrie und Montage. Entfernt porentief Fett, \u00d6l, Staub, Verkrustungen, Schmutzreste, Ru\u00df, etc. Ideal zur Vorbereitung von Klebefl\u00e4chen. Schnelle r\u00fcckstandsfreie Abl\u00fcftung durch Aktivformel. Sparsame Dosierung \u00fcber Spezialspr\u00fchkopf. Gummi- und Kunststoffteile vor der Anwendung auf Vertr\u00e4glichkeit pr\u00fcfen. Eigenschaften: &#8211; ideal zur Vorbereitung von Klebefl\u00e4chen &#8211; schnelle r\u00fcckstandsfreie&#8230;<\/p>\n","protected":false},"featured_media":3641,"template":"","meta":[],"product_brand":[319],"product_cat":[468,414,459],"product_tag":[],"class_list":{"0":"post-3640","1":"product","2":"type-product","3":"status-publish","4":"has-post-thumbnail","6":"product_brand-chemie-spezial","7":"product_cat-tirisana","8":"product_cat-chemie-spezial-produkti","9":"product_cat-tehniskie-aerosoli","11":"first","12":"instock","13":"shipping-taxable","14":"purchasable","15":"product-type-variable","16":"has-default-attributes"},"_links":{"self":[{"href":"https:\/\/e-flore.store\/lv\/wp-json\/wp\/v2\/product\/3640","targetHints":{"allow":["GET"]}}],"collection":[{"href":"https:\/\/e-flore.store\/lv\/wp-json\/wp\/v2\/product"}],"about":[{"href":"https:\/\/e-flore.store\/lv\/wp-json\/wp\/v2\/types\/product"}],"wp:featuredmedia":[{"embeddable":true,"href":"https:\/\/e-flore.store\/lv\/wp-json\/wp\/v2\/media\/3641"}],"wp:attachment":[{"href":"https:\/\/e-flore.store\/lv\/wp-json\/wp\/v2\/media?parent=3640"}],"wp:term":[{"taxonomy":"product_brand","embeddable":true,"href":"https:\/\/e-flore.store\/lv\/wp-json\/wp\/v2\/product_brand?post=3640"},{"taxonomy":"product_cat","embeddable":true,"href":"https:\/\/e-flore.store\/lv\/wp-json\/wp\/v2\/product_cat?post=3640"},{"taxonomy":"product_tag","embeddable":true,"href":"https:\/\/e-flore.store\/lv\/wp-json\/wp\/v2\/product_tag?post=3640"}],"curies":[{"name":"wp","href":"https:\/\/api.w.org\/{rel}","templated":true}]}}