{"id":3663,"date":"2026-02-03T16:01:22","date_gmt":"2026-02-03T14:01:22","guid":{"rendered":"https:\/\/demo8.izveide.id.lv\/?post_type=product&#038;p=3663"},"modified":"2026-03-26T15:11:36","modified_gmt":"2026-03-26T13:11:36","slug":"grsw-167","status":"publish","type":"product","link":"https:\/\/e-flore.store\/lv\/produkts\/grsw-167\/","title":{"rendered":"GRSW 167"},"content":{"rendered":"<p><img decoding=\"async\" style=\"width: 100%; height: auto; display: block;\" src=\"\/wp-content\/uploads\/2026\/01\/GRSW-167-PARENT_desc.png\" \/><\/p>\n<p style=\"margin-bottom: 10px; margin-top: 30px;\"><strong>KETTEN- UND SEILSPRAY<\/strong><\/p>\n<p style=\"margin-bottom: 8px; margin-top: 0px; line-height: 1.6;\"><strong>&#8220;GRSW 167&#8221;<\/strong><\/p>\n<p style=\"margin-bottom: 8px; margin-top: 0px; line-height: 1.6;\">ist ein extrem haftender Schmierstoff mit Langzeitwirkung, salz- und spritzwasserfest. Temperaturbest\u00e4ndigkeit von -40 \u00b0C bis +200 \u00b0C. Widersteht allen Witterungseinfl\u00fcssen und sichert durch seine extreme Kriechf\u00e4higkeit eine Langzeitschmierung selbst in engsten Zwischenr\u00e4umen.<\/p>\n<p style=\"margin-bottom: 10px; margin-top: 30px;\"><strong>Eigenschaften:<\/strong><\/p>\n<p style=\"margin-bottom: 2px; margin-top: 0px; line-height: 1.4;\">&#8211; synthetisches Haftschmiermittel<\/p>\n<p style=\"margin-bottom: 2px; margin-top: 0px; line-height: 1.4;\">&#8211; hochdruck- sowie temperaturbest\u00e4ndig von -40 \u00b0C bis +200 \u00b0C<\/p>\n<p style=\"margin-bottom: 2px; margin-top: 0px; line-height: 1.4;\">&#8211; sehr hohe Haftung auch unter extremen Belastungen<\/p>\n<p style=\"margin-bottom: 2px; margin-top: 0px; line-height: 1.4;\">&#8211; schleuderfest, korrosionshemmend<\/p>\n<p style=\"margin-bottom: 2px; margin-top: 0px; line-height: 1.4;\">&#8211; best\u00e4ndig gegen Wasser, Salzwasser, schwache S\u00e4uren und Laugen<\/p>\n<p style=\"margin-bottom: 2px; margin-top: 0px; line-height: 1.4;\">&#8211; hohe Langzeitwirkung, sehr gute Kriechf\u00e4higkeit.<\/p>\n<p style=\"margin-bottom: 10px; margin-top: 30px;\"><strong>Anwendung:<\/strong><\/p>\n<p style=\"margin-bottom: 8px; margin-top: 0px; line-height: 1.6;\">&#8220;GRSW 167&#8221;\u00a0dient zur dauerhaften Schmierung von Ketten- und Drahtseilen aller Art.<\/p>\n<p style=\"margin-bottom: 10px; margin-top: 30px;\"><strong>Arbeitsvorbereitung:<\/strong><\/p>\n<p style=\"margin-bottom: 8px; margin-top: 0px; line-height: 1.6;\">Vor der Anwendung von\u00a0&#8220;GRSW 167&#8221;\u00a0jegliche Fettr\u00fcckst\u00e4nde entfernen, z.B. mit Profi Spr\u00fchreiniger &#8220;RNGW 2000&#8221; vorbehandeln. Dose vor Gebrauch intensiv sch\u00fctteln. Gleitfl\u00e4chen bzw. die nach au\u00dfen tretende Spalte aus einem Abstand von ca. 20 cm ausreichend bespr\u00fchen. Eindringen abwarten und evtl. nochmals bespr\u00fchen. Inbetriebnahme ca. 10 min. nach dem Aufspr\u00fchen bzw. Abl\u00fcften.<\/p>\n<p style=\"margin-bottom: 10px; margin-top: 30px;\"><strong>Technische Daten:<\/strong><\/p>\n<p style=\"margin-bottom: 2px; margin-top: 0px; line-height: 1.4;\">Farbe: farblos<\/p>\n<p style=\"margin-bottom: 2px; margin-top: 0px; line-height: 1.4;\">Temperaturbest\u00e4ndigkeit: -40 \u00b0C bis +200 \u00b0C<\/p>\n<p style=\"margin-bottom: 2px; margin-top: 0px; line-height: 1.4;\">Lagertemperatur: +5 \u00b0C bis max. +25 \u00b0C<\/p>\n","protected":false},"excerpt":{"rendered":"<p>KETTEN- UND SEILSPRAY &#8220;GRSW 167&#8221; ist ein extrem haftender Schmierstoff mit Langzeitwirkung, salz- und spritzwasserfest. Temperaturbest\u00e4ndigkeit von -40 \u00b0C bis +200 \u00b0C. Widersteht allen Witterungseinfl\u00fcssen und sichert durch seine extreme Kriechf\u00e4higkeit eine Langzeitschmierung selbst in engsten Zwischenr\u00e4umen. Eigenschaften: &#8211; synthetisches Haftschmiermittel &#8211; hochdruck- sowie temperaturbest\u00e4ndig von -40 \u00b0C bis +200 \u00b0C &#8211; sehr hohe Haftung&#8230;<\/p>\n","protected":false},"featured_media":3664,"template":"","meta":[],"product_brand":[319],"product_cat":[462,465,414,459],"product_tag":[],"class_list":{"0":"post-3663","1":"product","2":"type-product","3":"status-publish","4":"has-post-thumbnail","6":"product_brand-chemie-spezial","7":"product_cat-smervielas","8":"product_cat-apkope-un-remonts-aizsardziba-pret-koroziju","9":"product_cat-chemie-spezial-produkti","10":"product_cat-tehniskie-aerosoli","12":"first","13":"instock","14":"shipping-taxable","15":"purchasable","16":"product-type-variable","17":"has-default-attributes"},"_links":{"self":[{"href":"https:\/\/e-flore.store\/lv\/wp-json\/wp\/v2\/product\/3663","targetHints":{"allow":["GET"]}}],"collection":[{"href":"https:\/\/e-flore.store\/lv\/wp-json\/wp\/v2\/product"}],"about":[{"href":"https:\/\/e-flore.store\/lv\/wp-json\/wp\/v2\/types\/product"}],"wp:featuredmedia":[{"embeddable":true,"href":"https:\/\/e-flore.store\/lv\/wp-json\/wp\/v2\/media\/3664"}],"wp:attachment":[{"href":"https:\/\/e-flore.store\/lv\/wp-json\/wp\/v2\/media?parent=3663"}],"wp:term":[{"taxonomy":"product_brand","embeddable":true,"href":"https:\/\/e-flore.store\/lv\/wp-json\/wp\/v2\/product_brand?post=3663"},{"taxonomy":"product_cat","embeddable":true,"href":"https:\/\/e-flore.store\/lv\/wp-json\/wp\/v2\/product_cat?post=3663"},{"taxonomy":"product_tag","embeddable":true,"href":"https:\/\/e-flore.store\/lv\/wp-json\/wp\/v2\/product_tag?post=3663"}],"curies":[{"name":"wp","href":"https:\/\/api.w.org\/{rel}","templated":true}]}}