{"id":3685,"date":"2026-02-03T16:01:27","date_gmt":"2026-02-03T14:01:27","guid":{"rendered":"https:\/\/demo8.izveide.id.lv\/?post_type=product&#038;p=3685"},"modified":"2026-03-26T15:11:15","modified_gmt":"2026-03-26T13:11:15","slug":"grsw-267","status":"publish","type":"product","link":"https:\/\/e-flore.store\/lv\/produkts\/grsw-267\/","title":{"rendered":"GRSW 267"},"content":{"rendered":"<p><img decoding=\"async\" style=\"width: 100%; height: auto; display: block;\" src=\"\/wp-content\/uploads\/2026\/01\/GRSW-267-PARENT_desc.jpg\" \/><\/p>\n<p style=\"margin-bottom: 10px; margin-top: 30px;\"><strong>WEI\u00dfES FETTSPRAY<\/strong><\/p>\n<p style=\"margin-bottom: 10px; margin-top: 30px;\"><strong>&#8220;GRSW 267&#8221;<\/strong><\/p>\n<p style=\"margin-bottom: 8px; margin-top: 0px; line-height: 1.6;\">Ein dauerhaft schmierendes Hochleistungsfett f\u00fcr alle beweglichen Teile, Gleitstellen und Reibungsfl\u00e4chen. Als Haftschmierung f\u00fcr Ketten, Zahnr\u00e4der, Scharniere, Laufschienen, Kugellager sowie als Formentrennmittel bestens geeignet. Das wei\u00dfe Fettspray bildet einen extrem belastbaren, wasserbest\u00e4ndigen Schmier- und Gleitfilm. Korrosionsschutzadditive vermindern Rostbildung und damit Reibung und Abnutzung. Selbst bei extremer Belastung und erh\u00f6hten Temperaturen hervorragender Verschlei\u00dfschutz durch spezielle PTFE-Komponente.<\/p>\n<p style=\"margin-bottom: 10px; margin-top: 30px;\"><strong>Eigenschaften:<\/strong><\/p>\n<p style=\"margin-bottom: 2px; margin-top: 0px; line-height: 1.4;\">&#8211; bewirkt langanhaltende Schmierung und Schutz<\/p>\n<p style=\"margin-bottom: 2px; margin-top: 0px; line-height: 1.4;\">&#8211; langzeitbest\u00e4ndig gegen Salzwasser<\/p>\n<p style=\"margin-bottom: 2px; margin-top: 0px; line-height: 1.4;\">&#8211; Temperaturbest\u00e4ndigkeit von -30 \u00b0C bis +120 \u00b0C kurzzeitig +150 \u00b0C<\/p>\n<p style=\"margin-bottom: 2px; margin-top: 0px; line-height: 1.4;\">&#8211; verhindert Rostbildung<\/p>\n<p style=\"margin-bottom: 2px; margin-top: 0px; line-height: 1.4;\">&#8211; au\u00dferordentlich haftf\u00e4hig.<\/p>\n<p style=\"margin-bottom: 10px; margin-top: 30px;\"><strong>Anwendung:<\/strong><\/p>\n<p style=\"margin-bottom: 8px; margin-top: 0px; line-height: 1.6;\">&#8220;GRSW 267&#8221;\u00a0eignet sich zur Fettschmierung von hochbelasteten Gleit- und Gelenklagern, Spindeln und F\u00fchrungen an Maschinen in der Industrie, im Fahrzeugbau und in der Schifffahrt, sowie beim Betrieb von Bau- und Landmaschinen.<\/p>\n<p style=\"margin-bottom: 10px; margin-top: 30px;\"><strong>Arbeitsvorbereitung:<\/strong><\/p>\n<p style=\"margin-bottom: 8px; margin-top: 0px; line-height: 1.6;\">Die zu behandelnden Schmierstellen gr\u00fcndlich reinigen, alte Fettreste entfernen. Dose vor Gebrauch intensiv (ca. 2 Minuten) sch\u00fctteln.\u00a0&#8220;GRSW 267&#8221;\u00a0im Abstand von ca. 20 cm. d\u00fcnn und gleichm\u00e4\u00dfig aufspr\u00fchen.<\/p>\n<p style=\"margin-bottom: 10px; margin-top: 30px;\"><strong>Technische Daten:<\/strong><\/p>\n<p style=\"margin-bottom: 2px; margin-top: 0px; line-height: 1.4;\">Farbe: wei\u00df<\/p>\n<p style=\"margin-bottom: 2px; margin-top: 0px; line-height: 1.4;\">Temperaturbest\u00e4ndigkeit: -30 \u00b0C bis +120 \u00b0C kurzzeitig bis +150 \u00b0C<\/p>\n<p style=\"margin-bottom: 2px; margin-top: 0px; line-height: 1.4;\">Lagertemperatur: +5 \u00b0C bis max. +25 \u00b0C<\/p>\n","protected":false},"excerpt":{"rendered":"<p>WEI\u00dfES FETTSPRAY &#8220;GRSW 267&#8221; Ein dauerhaft schmierendes Hochleistungsfett f\u00fcr alle beweglichen Teile, Gleitstellen und Reibungsfl\u00e4chen. Als Haftschmierung f\u00fcr Ketten, Zahnr\u00e4der, Scharniere, Laufschienen, Kugellager sowie als Formentrennmittel bestens geeignet. Das wei\u00dfe Fettspray bildet einen extrem belastbaren, wasserbest\u00e4ndigen Schmier- und Gleitfilm. Korrosionsschutzadditive vermindern Rostbildung und damit Reibung und Abnutzung. Selbst bei extremer Belastung und erh\u00f6hten Temperaturen hervorragender&#8230;<\/p>\n","protected":false},"featured_media":3686,"template":"","meta":[],"product_brand":[319],"product_cat":[462,465,414,459],"product_tag":[],"class_list":{"0":"post-3685","1":"product","2":"type-product","3":"status-publish","4":"has-post-thumbnail","6":"product_brand-chemie-spezial","7":"product_cat-smervielas","8":"product_cat-apkope-un-remonts-aizsardziba-pret-koroziju","9":"product_cat-chemie-spezial-produkti","10":"product_cat-tehniskie-aerosoli","12":"first","13":"instock","14":"shipping-taxable","15":"purchasable","16":"product-type-variable","17":"has-default-attributes"},"_links":{"self":[{"href":"https:\/\/e-flore.store\/lv\/wp-json\/wp\/v2\/product\/3685","targetHints":{"allow":["GET"]}}],"collection":[{"href":"https:\/\/e-flore.store\/lv\/wp-json\/wp\/v2\/product"}],"about":[{"href":"https:\/\/e-flore.store\/lv\/wp-json\/wp\/v2\/types\/product"}],"wp:featuredmedia":[{"embeddable":true,"href":"https:\/\/e-flore.store\/lv\/wp-json\/wp\/v2\/media\/3686"}],"wp:attachment":[{"href":"https:\/\/e-flore.store\/lv\/wp-json\/wp\/v2\/media?parent=3685"}],"wp:term":[{"taxonomy":"product_brand","embeddable":true,"href":"https:\/\/e-flore.store\/lv\/wp-json\/wp\/v2\/product_brand?post=3685"},{"taxonomy":"product_cat","embeddable":true,"href":"https:\/\/e-flore.store\/lv\/wp-json\/wp\/v2\/product_cat?post=3685"},{"taxonomy":"product_tag","embeddable":true,"href":"https:\/\/e-flore.store\/lv\/wp-json\/wp\/v2\/product_tag?post=3685"}],"curies":[{"name":"wp","href":"https:\/\/api.w.org\/{rel}","templated":true}]}}