{"id":3689,"date":"2026-02-03T16:01:27","date_gmt":"2026-02-03T14:01:27","guid":{"rendered":"https:\/\/demo8.izveide.id.lv\/?post_type=product&#038;p=3689"},"modified":"2026-03-26T15:11:21","modified_gmt":"2026-03-26T13:11:21","slug":"grsw-130","status":"publish","type":"product","link":"https:\/\/e-flore.store\/lv\/produkts\/grsw-130\/","title":{"rendered":"GRSW 130"},"content":{"rendered":"<p><img decoding=\"async\" style=\"width: 100%; height: auto; display: block;\" src=\"\/wp-content\/uploads\/2026\/01\/GRSW-130-PARENT_desc.jpg\" \/><\/p>\n<p style=\"margin-bottom: 10px; margin-top: 30px;\"><strong>LECKSUCHSPRAY<\/strong><\/p>\n<p style=\"margin-bottom: 8px; margin-top: 0px; line-height: 1.6;\"><strong>&#8220;GRSW 130&#8221;<\/strong><\/p>\n<p style=\"margin-bottom: 8px; margin-top: 0px; line-height: 1.6;\">ist ein DVGW gepr\u00fcftes Dichtigkeitspr\u00fcfmittel f\u00fcr Druckgas-, Heizgas- und Druckluftanlagen aller Art. Findet schnell und zuverl\u00e4ssig undichte Stellen an Brems- und Rohrleitungen, Ventilen, Armaturen, L\u00f6t- und Schwei\u00dfverbindungen, Verschraubungen etc.<\/p>\n<p style=\"margin-bottom: 10px; margin-top: 30px;\"><strong>Eigenschaften:<\/strong><\/p>\n<p style=\"margin-bottom: 2px; margin-top: 0px; line-height: 1.4;\">&#8211; zeigt selbst kleinste Leckstellen an<\/p>\n<p style=\"margin-bottom: 2px; margin-top: 0px; line-height: 1.4;\">&#8211; auch in Gasanlagen einsetzbar<\/p>\n<p style=\"margin-bottom: 2px; margin-top: 0px; line-height: 1.4;\">&#8211; DVGW gepr\u00fcft<\/p>\n<p style=\"margin-bottom: 2px; margin-top: 0px; line-height: 1.4;\">&#8211; \u00dcberkopfventil.<\/p>\n<p style=\"margin-bottom: 10px; margin-top: 30px;\"><strong>Anwendung:<\/strong><\/p>\n<p style=\"margin-bottom: 8px; margin-top: 0px; line-height: 1.6;\">&#8220;GRSW 130&#8221;\u00a0ist gebrauchsfertig abgef\u00fcllt. Druckf\u00fchrende Systeme (drucklose Leitungen mit Gas oder Luft unter Druck setzen), aus ca. 30 bis 50 cm Abstand einspr\u00fchen. Alle Verbindungsstellen einschlie\u00dflich L\u00f6tstellen und Schwei\u00dfn\u00e4hte pr\u00fcfen. Jedes Leck wird durch Bildung von Schaumbl\u00e4schen angezeigt. Bei sehr kleinen Undichtigkeiten, diese einige Zeit beobachten. Anwendungsbereich: 0 \u00b0C bis +50 \u00b0C.<\/p>\n<p style=\"margin-bottom: 8px; margin-top: 0px; line-height: 1.6;\">Achtung! Nach der Verwendung in Verbindung mit Kunststoff- oder Kupferrohren muss das Dichtigkeitspr\u00fcfmittel grunds\u00e4tzlich mit Wasser abgesp\u00fclt werden.<\/p>\n<p style=\"margin-bottom: 10px; margin-top: 30px;\"><strong>Technische Daten:<\/strong><\/p>\n<p style=\"margin-bottom: 2px; margin-top: 0px; line-height: 1.4;\">Farbe: wei\u00df<\/p>\n<p style=\"margin-bottom: 2px; margin-top: 0px; line-height: 1.4;\">Geruch: typisch<\/p>\n<p style=\"margin-bottom: 2px; margin-top: 0px; line-height: 1.4;\">Lagertemperatur: +5 \u00b0C bis max. +25 \u00b0C<\/p>\n<p style=\"margin-bottom: 10px; margin-top: 30px;\"><strong>Verpackung:<\/strong><\/p>\n<p style=\"margin-bottom: 8px; margin-top: 0px; line-height: 1.6;\">&#8220;GRSW 130&#8221;\u00a0ist in 400 ml Aerosoldosen lieferbar. VPE = 12 St\u00fcck<\/p>\n<p style=\"margin-bottom: 8px; margin-top: 0px; line-height: 1.6;\">&#8220;GRSW 130&#8221;\u00a0ist auch in 1 L, 5 L, 10 L Kanister lieferbar.<\/p>\n","protected":false},"excerpt":{"rendered":"<p>LECKSUCHSPRAY &#8220;GRSW 130&#8221; ist ein DVGW gepr\u00fcftes Dichtigkeitspr\u00fcfmittel f\u00fcr Druckgas-, Heizgas- und Druckluftanlagen aller Art. Findet schnell und zuverl\u00e4ssig undichte Stellen an Brems- und Rohrleitungen, Ventilen, Armaturen, L\u00f6t- und Schwei\u00dfverbindungen, Verschraubungen etc. Eigenschaften: &#8211; zeigt selbst kleinste Leckstellen an &#8211; auch in Gasanlagen einsetzbar &#8211; DVGW gepr\u00fcft &#8211; \u00dcberkopfventil. Anwendung: &#8220;GRSW 130&#8221;\u00a0ist gebrauchsfertig abgef\u00fcllt. Druckf\u00fchrende&#8230;<\/p>\n","protected":false},"featured_media":3690,"template":"","meta":[],"product_brand":[319],"product_cat":[465,414,459],"product_tag":[],"class_list":{"0":"post-3689","1":"product","2":"type-product","3":"status-publish","4":"has-post-thumbnail","6":"product_brand-chemie-spezial","7":"product_cat-apkope-un-remonts-aizsardziba-pret-koroziju","8":"product_cat-chemie-spezial-produkti","9":"product_cat-tehniskie-aerosoli","11":"first","12":"instock","13":"shipping-taxable","14":"purchasable","15":"product-type-variable","16":"has-default-attributes"},"_links":{"self":[{"href":"https:\/\/e-flore.store\/lv\/wp-json\/wp\/v2\/product\/3689","targetHints":{"allow":["GET"]}}],"collection":[{"href":"https:\/\/e-flore.store\/lv\/wp-json\/wp\/v2\/product"}],"about":[{"href":"https:\/\/e-flore.store\/lv\/wp-json\/wp\/v2\/types\/product"}],"wp:featuredmedia":[{"embeddable":true,"href":"https:\/\/e-flore.store\/lv\/wp-json\/wp\/v2\/media\/3690"}],"wp:attachment":[{"href":"https:\/\/e-flore.store\/lv\/wp-json\/wp\/v2\/media?parent=3689"}],"wp:term":[{"taxonomy":"product_brand","embeddable":true,"href":"https:\/\/e-flore.store\/lv\/wp-json\/wp\/v2\/product_brand?post=3689"},{"taxonomy":"product_cat","embeddable":true,"href":"https:\/\/e-flore.store\/lv\/wp-json\/wp\/v2\/product_cat?post=3689"},{"taxonomy":"product_tag","embeddable":true,"href":"https:\/\/e-flore.store\/lv\/wp-json\/wp\/v2\/product_tag?post=3689"}],"curies":[{"name":"wp","href":"https:\/\/api.w.org\/{rel}","templated":true}]}}