{"id":3704,"date":"2026-02-03T16:01:29","date_gmt":"2026-02-03T14:01:29","guid":{"rendered":"https:\/\/demo8.izveide.id.lv\/?post_type=product&#038;p=3704"},"modified":"2026-03-26T15:11:08","modified_gmt":"2026-03-26T13:11:08","slug":"frbw-86","status":"publish","type":"product","link":"https:\/\/e-flore.store\/lv\/produkts\/frbw-86\/","title":{"rendered":"FRBW 86"},"content":{"rendered":"<p><img decoding=\"async\" style=\"width: 100%; height: auto; display: block;\" src=\"\/wp-content\/uploads\/2026\/01\/FRBW-86-PARENT_desc.jpg\" \/><\/p>\n<div id=\"eflore-spacer-v55\" style=\"height: 0px; clear: both; width: 100%; display: block;\"><\/div>\n<p style=\"margin-bottom: 10px; margin-top: 30px;\"><strong>EDELSTAHLFARBE<\/strong><\/p>\n<p style=\"margin-bottom: 10px; margin-top: 30px;\"><strong>&#8220;FRBW 86&#8221;<\/strong><\/p>\n<p style=\"margin-bottom: 8px; margin-top: 0px; line-height: 1.6;\">Zur optischen Aufwertung von Metallteilen, zum Schutz gegen Korrosion, zum Ausbessern besch\u00e4digter Edelstahlteile, LKW-Aufbauten, Silos, Rohrleitungen usw. &#8211; sichere Haftung auf allen Metallteilen und Metallkonstruktionen, Glas, den meisten Kunststoffen, Holz, Stein und Pappe. Kurzzeitig bis 300 \u00b0C hitzebest\u00e4ndig.<\/p>\n<p style=\"margin-bottom: 10px; margin-top: 30px;\"><strong>Eigenschaften:<\/strong><\/p>\n<p style=\"margin-bottom: 2px; margin-top: 0px; line-height: 1.4;\">&#8211; schnell trocknend<\/p>\n<p style=\"margin-bottom: 2px; margin-top: 0px; line-height: 1.4;\">&#8211; stark haftend<\/p>\n<p style=\"margin-bottom: 2px; margin-top: 0px; line-height: 1.4;\">&#8211; witterungsbest\u00e4ndig<\/p>\n<p style=\"margin-bottom: 2px; margin-top: 0px; line-height: 1.4;\">&#8211; kurzzeitig hitzebest\u00e4ndig bis +300 \u00b0C<\/p>\n<p style=\"margin-bottom: 2px; margin-top: 0px; line-height: 1.4;\">&#8211; enth\u00e4lt Edelstahlpigmente.<\/p>\n<p style=\"margin-bottom: 10px; margin-top: 30px;\"><strong>Anwendung:<\/strong><\/p>\n<p style=\"margin-bottom: 8px; margin-top: 0px; line-height: 1.6;\">&#8220;FRBW 86&#8221;\u00a0dient zur Veredelung von Werkstoffen wie: Metallteile, Glas, die meisten Kunststoffe, Holz, Stein und Pappe. Es ist abriebfest und bildet einen Langzeitkorrosionsschutz.<\/p>\n<p style=\"margin-bottom: 10px; margin-top: 30px;\"><strong>Arbeitsvorbereitung:<\/strong><\/p>\n<p style=\"margin-bottom: 8px; margin-top: 0px; line-height: 1.6;\">Untergrund gr\u00fcndlich reinigen und trocknen. Roststellen entfernen. Dose auf Raumtemperatur bringen (+15 \u00b0C bis +25 \u00b0C) und gut sch\u00fctteln. Wenn Kugel h\u00f6rbar anschl\u00e4gt, noch ca. 2 Minuten weitersch\u00fctteln. Mit einem Abstand von 25 &#8211; 30 cm, im Kreuzgang, d\u00fcnn aufspr\u00fchen.<\/p>\n<p style=\"margin-bottom: 10px; margin-top: 30px;\"><strong>Technische Daten:<\/strong><\/p>\n<p style=\"margin-bottom: 2px; margin-top: 0px; line-height: 1.4;\">Farbe: edelstahl<\/p>\n<p style=\"margin-bottom: 2px; margin-top: 0px; line-height: 1.4;\">Temperaturbest\u00e4ndigkeit: bis +300 \u00b0C<\/p>\n<p style=\"margin-bottom: 2px; margin-top: 0px; line-height: 1.4;\">Lagertemperatur: +5 \u00b0C bis max. +25 \u00b0C<\/p>\n","protected":false},"excerpt":{"rendered":"<p>EDELSTAHLFARBE &#8220;FRBW 86&#8221; Zur optischen Aufwertung von Metallteilen, zum Schutz gegen Korrosion, zum Ausbessern besch\u00e4digter Edelstahlteile, LKW-Aufbauten, Silos, Rohrleitungen usw. &#8211; sichere Haftung auf allen Metallteilen und Metallkonstruktionen, Glas, den meisten Kunststoffen, Holz, Stein und Pappe. Kurzzeitig bis 300 \u00b0C hitzebest\u00e4ndig. Eigenschaften: &#8211; schnell trocknend &#8211; stark haftend &#8211; witterungsbest\u00e4ndig &#8211; kurzzeitig hitzebest\u00e4ndig bis +300&#8230;<\/p>\n","protected":false},"featured_media":3705,"template":"","meta":[],"product_brand":[319],"product_cat":[465,414,459],"product_tag":[],"class_list":{"0":"post-3704","1":"product","2":"type-product","3":"status-publish","4":"has-post-thumbnail","6":"product_brand-chemie-spezial","7":"product_cat-apkope-un-remonts-aizsardziba-pret-koroziju","8":"product_cat-chemie-spezial-produkti","9":"product_cat-tehniskie-aerosoli","11":"first","12":"instock","13":"shipping-taxable","14":"purchasable","15":"product-type-variable","16":"has-default-attributes"},"_links":{"self":[{"href":"https:\/\/e-flore.store\/lv\/wp-json\/wp\/v2\/product\/3704","targetHints":{"allow":["GET"]}}],"collection":[{"href":"https:\/\/e-flore.store\/lv\/wp-json\/wp\/v2\/product"}],"about":[{"href":"https:\/\/e-flore.store\/lv\/wp-json\/wp\/v2\/types\/product"}],"wp:featuredmedia":[{"embeddable":true,"href":"https:\/\/e-flore.store\/lv\/wp-json\/wp\/v2\/media\/3705"}],"wp:attachment":[{"href":"https:\/\/e-flore.store\/lv\/wp-json\/wp\/v2\/media?parent=3704"}],"wp:term":[{"taxonomy":"product_brand","embeddable":true,"href":"https:\/\/e-flore.store\/lv\/wp-json\/wp\/v2\/product_brand?post=3704"},{"taxonomy":"product_cat","embeddable":true,"href":"https:\/\/e-flore.store\/lv\/wp-json\/wp\/v2\/product_cat?post=3704"},{"taxonomy":"product_tag","embeddable":true,"href":"https:\/\/e-flore.store\/lv\/wp-json\/wp\/v2\/product_tag?post=3704"}],"curies":[{"name":"wp","href":"https:\/\/api.w.org\/{rel}","templated":true}]}}