{"id":3708,"date":"2026-02-03T16:01:30","date_gmt":"2026-02-03T14:01:30","guid":{"rendered":"https:\/\/demo8.izveide.id.lv\/?post_type=product&#038;p=3708"},"modified":"2026-03-26T15:11:00","modified_gmt":"2026-03-26T13:11:00","slug":"grsw-440","status":"publish","type":"product","link":"https:\/\/e-flore.store\/lv\/produkts\/grsw-440\/","title":{"rendered":"GRSW 440"},"content":{"rendered":"<p><img decoding=\"async\" style=\"width: 100%; height: auto; display: block;\" src=\"\/wp-content\/uploads\/2026\/01\/GRSW-440-PARENT_desc.jpg\" \/><\/p>\n<p style=\"margin-bottom: 10px; margin-top: 30px;\"><strong>KORROSIONSSCHUTZWACHS<\/strong><\/p>\n<p style=\"margin-bottom: 8px; margin-top: 0px; line-height: 1.6;\"><strong>&#8220;GRSW 440&#8221;<\/strong><\/p>\n<p style=\"margin-bottom: 8px; margin-top: 0px; line-height: 1.6;\">ist ein hochwirksamer Korrosionsschutz basierend auf paraffinischen Mineral\u00f6len und speziell ausgew\u00e4hlten Korrosionsschutzadditiven. Das Schutzwachs bildet eine optimale Schutzschicht gegen Salz- und Seewasser, Korrosion und andere Umwelteinfl\u00fcsse.<\/p>\n<p style=\"margin-bottom: 10px; margin-top: 30px;\"><strong>Eigenschaften:<\/strong><\/p>\n<p style=\"margin-bottom: 2px; margin-top: 0px; line-height: 1.4;\">&#8211; hochwirksamer Korrosionsschutz<\/p>\n<p style=\"margin-bottom: 2px; margin-top: 0px; line-height: 1.4;\">&#8211; basierend auf paraffinischen Mineral\u00f6len<\/p>\n<p style=\"margin-bottom: 2px; margin-top: 0px; line-height: 1.4;\">&#8211; ausgew\u00e4hlte Korrosionsschutzadditive<\/p>\n<p style=\"margin-bottom: 2px; margin-top: 0px; line-height: 1.4;\">&#8211; optimale Schutzschicht gegen Salz- und Seewasser, Korrosion und andere Umwelteinfl\u00fcsse.<\/p>\n<p style=\"margin-bottom: 10px; margin-top: 30px;\"><strong>Anwendung:<\/strong><\/p>\n<p style=\"margin-bottom: 8px; margin-top: 0px; line-height: 1.6;\">Korrosionsschutzwachs ist eine besondere Schutzkonservierung f\u00fcr Transporte (insbesondere zur See). Dient als Langzeitkonservierung f\u00fcr Werkzeuge, Profile, Pr\u00e4zisionsteile und Maschinen.<\/p>\n<p style=\"margin-bottom: 10px; margin-top: 30px;\"><strong>Technische Daten:<\/strong><\/p>\n<p style=\"margin-bottom: 2px; margin-top: 0px; line-height: 1.4;\">Farbe: cremefarben \/ wei\u00df<\/p>\n<p style=\"margin-bottom: 2px; margin-top: 0px; line-height: 1.4;\">Temperaturbest\u00e4ndigkeit: -30 \u00b0C bis +160 \u00b0C<\/p>\n<p style=\"margin-bottom: 2px; margin-top: 0px; line-height: 1.4;\">Lagertemperatur: +5 \u00b0C bis max. +25 \u00b0C<\/p>\n<p style=\"margin-bottom: 10px; margin-top: 30px;\"><strong>Verpackung:<\/strong><\/p>\n<p style=\"margin-bottom: 8px; margin-top: 0px; line-height: 1.6;\">&#8220;GRSW 440&#8221;\u00a0ist in 400 ml Aerosoldosen lieferbar.<\/p>\n<p style=\"margin-bottom: 8px; margin-top: 0px; line-height: 1.6;\">&#8220;GRSW 440&#8221;\u00a0ist in 1 L, 5 L, 10 L Kanister lieferbar.<\/p>\n","protected":false},"excerpt":{"rendered":"<p>KORROSIONSSCHUTZWACHS &#8220;GRSW 440&#8221; ist ein hochwirksamer Korrosionsschutz basierend auf paraffinischen Mineral\u00f6len und speziell ausgew\u00e4hlten Korrosionsschutzadditiven. Das Schutzwachs bildet eine optimale Schutzschicht gegen Salz- und Seewasser, Korrosion und andere Umwelteinfl\u00fcsse. Eigenschaften: &#8211; hochwirksamer Korrosionsschutz &#8211; basierend auf paraffinischen Mineral\u00f6len &#8211; ausgew\u00e4hlte Korrosionsschutzadditive &#8211; optimale Schutzschicht gegen Salz- und Seewasser, Korrosion und andere Umwelteinfl\u00fcsse. Anwendung: Korrosionsschutzwachs ist&#8230;<\/p>\n","protected":false},"featured_media":3709,"template":"","meta":[],"product_brand":[319],"product_cat":[465,414,459],"product_tag":[],"class_list":{"0":"post-3708","1":"product","2":"type-product","3":"status-publish","4":"has-post-thumbnail","6":"product_brand-chemie-spezial","7":"product_cat-apkope-un-remonts-aizsardziba-pret-koroziju","8":"product_cat-chemie-spezial-produkti","9":"product_cat-tehniskie-aerosoli","11":"first","12":"instock","13":"shipping-taxable","14":"purchasable","15":"product-type-variable","16":"has-default-attributes"},"_links":{"self":[{"href":"https:\/\/e-flore.store\/lv\/wp-json\/wp\/v2\/product\/3708","targetHints":{"allow":["GET"]}}],"collection":[{"href":"https:\/\/e-flore.store\/lv\/wp-json\/wp\/v2\/product"}],"about":[{"href":"https:\/\/e-flore.store\/lv\/wp-json\/wp\/v2\/types\/product"}],"wp:featuredmedia":[{"embeddable":true,"href":"https:\/\/e-flore.store\/lv\/wp-json\/wp\/v2\/media\/3709"}],"wp:attachment":[{"href":"https:\/\/e-flore.store\/lv\/wp-json\/wp\/v2\/media?parent=3708"}],"wp:term":[{"taxonomy":"product_brand","embeddable":true,"href":"https:\/\/e-flore.store\/lv\/wp-json\/wp\/v2\/product_brand?post=3708"},{"taxonomy":"product_cat","embeddable":true,"href":"https:\/\/e-flore.store\/lv\/wp-json\/wp\/v2\/product_cat?post=3708"},{"taxonomy":"product_tag","embeddable":true,"href":"https:\/\/e-flore.store\/lv\/wp-json\/wp\/v2\/product_tag?post=3708"}],"curies":[{"name":"wp","href":"https:\/\/api.w.org\/{rel}","templated":true}]}}