{"id":3715,"date":"2026-02-03T16:01:31","date_gmt":"2026-02-03T14:01:31","guid":{"rendered":"https:\/\/demo8.izveide.id.lv\/?post_type=product&#038;p=3715"},"modified":"2026-03-26T15:10:54","modified_gmt":"2026-03-26T13:10:54","slug":"grsw-70","status":"publish","type":"product","link":"https:\/\/e-flore.store\/lv\/produkts\/grsw-70\/","title":{"rendered":"GRSW 70"},"content":{"rendered":"<p><img decoding=\"async\" style=\"width: 100%; height: auto; display: block;\" src=\"\/wp-content\/uploads\/2026\/01\/GRSW-70-PARENT_desc.jpg\" \/><\/p>\n<p style=\"margin-bottom: 10px; margin-top: 30px;\"><strong>BOHR- UND SCHNEID\u00d6<\/strong>L<\/p>\n<p style=\"margin-bottom: 8px; margin-top: 0px; line-height: 1.6;\"><strong>&#8220;GRSW 70&#8221;<\/strong><\/p>\n<p style=\"margin-bottom: 8px; margin-top: 0px; line-height: 1.6;\">ist eine Kombination nat\u00fcrlicher \u00d6le, die eine optimale K\u00fchlwirkung beim Bohren, Schneiden, Fr\u00e4sen und Drehen ergeben. Durch die lebensmittelechte Wirkstoffkombination ist das Produkt auch f\u00fcr Trinkwasserleitungen und andere Leitungen im Lebensmittelbereich geeignet. Es ist ein transparentes Bohr- und Schneid\u00f6l f\u00fcr die Bearbeitung von Eisen, VA-Stahl, Leicht- und Bundmetallen. Minimaler Verbrauch durch nicht ablaufende Kanten.<\/p>\n<p style=\"margin-bottom: 10px; margin-top: 30px;\"><strong>Eigenschaften:<\/strong><\/p>\n<p style=\"margin-bottom: 2px; margin-top: 0px; line-height: 1.4;\">&#8211; lebensmittelechte Wirkstoff-Kombination<\/p>\n<p style=\"margin-bottom: 2px; margin-top: 0px; line-height: 1.4;\">&#8211; gute K\u00fchleigenschaften<\/p>\n<p style=\"margin-bottom: 2px; margin-top: 0px; line-height: 1.4;\">&#8211; enth\u00e4lt keine agressiven Zus\u00e4tze<\/p>\n<p style=\"margin-bottom: 2px; margin-top: 0px; line-height: 1.4;\">&#8211; wirkt korrosionssch\u00fctzend<\/p>\n<p style=\"margin-bottom: 2px; margin-top: 0px; line-height: 1.4;\">&#8211; hochwirksam<\/p>\n<p style=\"margin-bottom: 2px; margin-top: 0px; line-height: 1.4;\">&#8211; hohe Schneidleistung<\/p>\n<p style=\"margin-bottom: 2px; margin-top: 0px; line-height: 1.4;\">&#8211; verl\u00e4ngert die Standzeiten<\/p>\n<p style=\"margin-bottom: 2px; margin-top: 0px; line-height: 1.4;\">&#8211; sehr ergiebig.<\/p>\n<p style=\"margin-bottom: 10px; margin-top: 30px;\"><strong>Anwendung:<\/strong><\/p>\n<p style=\"margin-bottom: 8px; margin-top: 0px; line-height: 1.6;\">&#8220;GRSW 70&#8221;\u00a0Gebrauchsfertig. Produkt auf die zu bearbeitende Fl\u00e4che auftragen. Vorgang gegebenenfalls wiederholen.<\/p>\n<p style=\"margin-bottom: 10px; margin-top: 30px;\"><strong>Technische Daten:<\/strong><\/p>\n<p style=\"margin-bottom: 2px; margin-top: 0px; line-height: 1.4;\">Geruch:\u00a0geruchlos<\/p>\n<p style=\"margin-bottom: 2px; margin-top: 0px; line-height: 1.4;\">Farbe:\u00a0gelblich \/ r\u00f6tlich<\/p>\n<p style=\"margin-bottom: 2px; margin-top: 0px; line-height: 1.4;\">Lagertemperatur: +5 \u00b0C bis max. +25 \u00b0C<\/p>\n<p style=\"margin-bottom: 10px; margin-top: 30px;\"><strong>Verpackung:<\/strong><\/p>\n<p style=\"margin-bottom: 8px; margin-top: 0px; line-height: 1.6;\">&#8220;GRSW 70&#8221;\u00a0ist in 400 ml Aerosoldosen lieferbar. VPE = 12 St\u00fcck<\/p>\n<p style=\"margin-bottom: 8px; margin-top: 0px; line-height: 1.6;\">&#8220;GRSW 70&#8221;\u00a0ist auch in 1 L, 5 L, 10 L Kanister lieferbar.<\/p>\n","protected":false},"excerpt":{"rendered":"<p>BOHR- UND SCHNEID\u00d6L &#8220;GRSW 70&#8221; ist eine Kombination nat\u00fcrlicher \u00d6le, die eine optimale K\u00fchlwirkung beim Bohren, Schneiden, Fr\u00e4sen und Drehen ergeben. Durch die lebensmittelechte Wirkstoffkombination ist das Produkt auch f\u00fcr Trinkwasserleitungen und andere Leitungen im Lebensmittelbereich geeignet. Es ist ein transparentes Bohr- und Schneid\u00f6l f\u00fcr die Bearbeitung von Eisen, VA-Stahl, Leicht- und Bundmetallen. Minimaler Verbrauch&#8230;<\/p>\n","protected":false},"featured_media":3716,"template":"","meta":[],"product_brand":[319],"product_cat":[465,414,459],"product_tag":[],"class_list":{"0":"post-3715","1":"product","2":"type-product","3":"status-publish","4":"has-post-thumbnail","6":"product_brand-chemie-spezial","7":"product_cat-apkope-un-remonts-aizsardziba-pret-koroziju","8":"product_cat-chemie-spezial-produkti","9":"product_cat-tehniskie-aerosoli","11":"first","12":"instock","13":"shipping-taxable","14":"purchasable","15":"product-type-variable","16":"has-default-attributes"},"_links":{"self":[{"href":"https:\/\/e-flore.store\/lv\/wp-json\/wp\/v2\/product\/3715","targetHints":{"allow":["GET"]}}],"collection":[{"href":"https:\/\/e-flore.store\/lv\/wp-json\/wp\/v2\/product"}],"about":[{"href":"https:\/\/e-flore.store\/lv\/wp-json\/wp\/v2\/types\/product"}],"wp:featuredmedia":[{"embeddable":true,"href":"https:\/\/e-flore.store\/lv\/wp-json\/wp\/v2\/media\/3716"}],"wp:attachment":[{"href":"https:\/\/e-flore.store\/lv\/wp-json\/wp\/v2\/media?parent=3715"}],"wp:term":[{"taxonomy":"product_brand","embeddable":true,"href":"https:\/\/e-flore.store\/lv\/wp-json\/wp\/v2\/product_brand?post=3715"},{"taxonomy":"product_cat","embeddable":true,"href":"https:\/\/e-flore.store\/lv\/wp-json\/wp\/v2\/product_cat?post=3715"},{"taxonomy":"product_tag","embeddable":true,"href":"https:\/\/e-flore.store\/lv\/wp-json\/wp\/v2\/product_tag?post=3715"}],"curies":[{"name":"wp","href":"https:\/\/api.w.org\/{rel}","templated":true}]}}