{"id":3722,"date":"2026-02-03T16:01:34","date_gmt":"2026-02-03T14:01:34","guid":{"rendered":"https:\/\/demo8.izveide.id.lv\/?post_type=product&#038;p=3722"},"modified":"2026-03-26T15:10:49","modified_gmt":"2026-03-26T13:10:49","slug":"frbw-81","status":"publish","type":"product","link":"https:\/\/e-flore.store\/lv\/produkts\/frbw-81\/","title":{"rendered":"FRBW 81"},"content":{"rendered":"<p><img decoding=\"async\" style=\"width: 100%; height: auto; display: block;\" src=\"\/wp-content\/uploads\/2026\/01\/FRBW-81-PARENT_desc.jpg\" \/><\/p>\n<p style=\"margin-bottom: 10px; margin-top: 30px;\"><strong>ZINK-ALU-MIX SPRAY<\/strong><\/p>\n<p style=\"margin-bottom: 8px; margin-top: 0px; line-height: 1.6;\"><strong>&#8220;FRBW 81&#8221;<\/strong><\/p>\n<p style=\"margin-bottom: 8px; margin-top: 0px; line-height: 1.6;\">dient zur Ausbesserung besch\u00e4digter Zinkschichten sowie f\u00fcr Bohr- und Schwei\u00dfstellen. Es bewirkt einen Langzeitschutz gegen Rost, Korrosion und Oxidation.<\/p>\n<p style=\"margin-bottom: 10px; margin-top: 30px;\"><strong>Eigenschaften:<\/strong><\/p>\n<p style=\"margin-bottom: 2px; margin-top: 0px; line-height: 1.4;\">&#8211; hell zinkfarben<\/p>\n<p style=\"margin-bottom: 2px; margin-top: 0px; line-height: 1.4;\">&#8211; hitzebest\u00e4ndig bis + 490 \u00b0C<\/p>\n<p style=\"margin-bottom: 2px; margin-top: 0px; line-height: 1.4;\">&#8211; spritzfrei beim Punktschwei\u00dfen.<\/p>\n<p style=\"margin-bottom: 10px; margin-top: 30px;\"><strong>Anwendung:<\/strong><\/p>\n<p style=\"margin-bottom: 8px; margin-top: 0px; line-height: 1.6;\">&#8220;FRBW 81&#8221;\u00a0dient zur Grundierung, Neubeschichtung und Ausbesserung an Fahrzeugen, Landmaschinen, Treibh\u00e4usern, Stahlkonstruktionen, besch\u00e4digten Zink\u00fcberz\u00fcgen und Beschichtungen. Durch einen einfach deckenden Film wird bereits eine Schutzschicht von 20 &#8211; 30 m\u03bc erreicht.<\/p>\n<p style=\"margin-bottom: 10px; margin-top: 30px;\"><strong>Arbeitsvorbereitung:<\/strong><\/p>\n<p style=\"margin-bottom: 8px; margin-top: 0px; line-height: 1.6;\">Untergrund gr\u00fcndlich reinigen und trocknen. Roststellen entfernen. Dose auf Raumtemperatur bringen (+15 \u00b0C bis +25 \u00b0C) und gut sch\u00fctteln. Wenn Kugel h\u00f6rbar anschl\u00e4gt, noch ca. 2 Minuten weitersch\u00fctteln. Mit einem Abstand von 25 &#8211; 30 cm, im Kreuzgang, d\u00fcnn aufspr\u00fchen.<\/p>\n<p style=\"margin-bottom: 10px; margin-top: 30px;\"><strong>Technische Daten:<\/strong><\/p>\n<p style=\"margin-bottom: 2px; margin-top: 0px; line-height: 1.4;\">Farbe: hell \/ Zinkfarben<\/p>\n<p style=\"margin-bottom: 2px; margin-top: 0px; line-height: 1.4;\">Temperaturbest\u00e4ndigkeit: bis +490 \u00b0C<\/p>\n<p style=\"margin-bottom: 2px; margin-top: 0px; line-height: 1.4;\">Lagerf\u00e4higkeit: +5 \u00b0C bis max. +25 \u00b0C<\/p>\n","protected":false},"excerpt":{"rendered":"<p>ZINK-ALU-MIX SPRAY &#8220;FRBW 81&#8221; dient zur Ausbesserung besch\u00e4digter Zinkschichten sowie f\u00fcr Bohr- und Schwei\u00dfstellen. Es bewirkt einen Langzeitschutz gegen Rost, Korrosion und Oxidation. Eigenschaften: &#8211; hell zinkfarben &#8211; hitzebest\u00e4ndig bis + 490 \u00b0C &#8211; spritzfrei beim Punktschwei\u00dfen. Anwendung: &#8220;FRBW 81&#8221;\u00a0dient zur Grundierung, Neubeschichtung und Ausbesserung an Fahrzeugen, Landmaschinen, Treibh\u00e4usern, Stahlkonstruktionen, besch\u00e4digten Zink\u00fcberz\u00fcgen und Beschichtungen. Durch&#8230;<\/p>\n","protected":false},"featured_media":3723,"template":"","meta":[],"product_brand":[319],"product_cat":[465,414,459],"product_tag":[],"class_list":{"0":"post-3722","1":"product","2":"type-product","3":"status-publish","4":"has-post-thumbnail","6":"product_brand-chemie-spezial","7":"product_cat-apkope-un-remonts-aizsardziba-pret-koroziju","8":"product_cat-chemie-spezial-produkti","9":"product_cat-tehniskie-aerosoli","11":"first","12":"instock","13":"shipping-taxable","14":"purchasable","15":"product-type-variable","16":"has-default-attributes"},"_links":{"self":[{"href":"https:\/\/e-flore.store\/lv\/wp-json\/wp\/v2\/product\/3722","targetHints":{"allow":["GET"]}}],"collection":[{"href":"https:\/\/e-flore.store\/lv\/wp-json\/wp\/v2\/product"}],"about":[{"href":"https:\/\/e-flore.store\/lv\/wp-json\/wp\/v2\/types\/product"}],"wp:featuredmedia":[{"embeddable":true,"href":"https:\/\/e-flore.store\/lv\/wp-json\/wp\/v2\/media\/3723"}],"wp:attachment":[{"href":"https:\/\/e-flore.store\/lv\/wp-json\/wp\/v2\/media?parent=3722"}],"wp:term":[{"taxonomy":"product_brand","embeddable":true,"href":"https:\/\/e-flore.store\/lv\/wp-json\/wp\/v2\/product_brand?post=3722"},{"taxonomy":"product_cat","embeddable":true,"href":"https:\/\/e-flore.store\/lv\/wp-json\/wp\/v2\/product_cat?post=3722"},{"taxonomy":"product_tag","embeddable":true,"href":"https:\/\/e-flore.store\/lv\/wp-json\/wp\/v2\/product_tag?post=3722"}],"curies":[{"name":"wp","href":"https:\/\/api.w.org\/{rel}","templated":true}]}}