{"id":3726,"date":"2026-02-03T16:01:35","date_gmt":"2026-02-03T14:01:35","guid":{"rendered":"https:\/\/demo8.izveide.id.lv\/?post_type=product&#038;p=3726"},"modified":"2026-03-26T15:10:41","modified_gmt":"2026-03-26T13:10:41","slug":"frbw-83","status":"publish","type":"product","link":"https:\/\/e-flore.store\/lv\/produkts\/frbw-83\/","title":{"rendered":"FRBW 83"},"content":{"rendered":"<p><img decoding=\"async\" style=\"width: 100%; height: auto; display: block;\" src=\"\/wp-content\/uploads\/2026\/01\/FRBW-83-PARENT_desc.jpg\" \/><\/p>\n<div id=\"eflore-spacer-v55\" style=\"height: 0px; clear: both; width: 100%; display: block;\"><\/div>\n<p style=\"margin-bottom: 10px; margin-top: 30px;\"><strong>CHROM-ALU-SPRAY<\/strong><\/p>\n<p style=\"margin-bottom: 8px; margin-top: 0px; line-height: 1.6;\"><strong>&#8220;FRBW 83&#8221;<\/strong> ist eine hochwertige Aluminiumbeschichtung f\u00fcr alle Metalloberfl\u00e4chen, die einen Chromglanzeffekt erhalten sollen. Hitzebest\u00e4ndig bis +600 \u00b0C. Durch Erhitzen wird das Produkt abriebfest. Schnell trocknend.<\/p>\n<p style=\"margin-bottom: 10px; margin-top: 30px;\"><strong>Eigenschaften:<\/strong><\/p>\n<p style=\"margin-bottom: 2px; margin-top: 0px; line-height: 1.4;\">&#8211; 99,5 % Reinaluminium<\/p>\n<p style=\"margin-bottom: 2px; margin-top: 0px; line-height: 1.4;\">&#8211; hitzebest\u00e4ndiger Korrosionsschutz.<\/p>\n<p style=\"margin-bottom: 10px; margin-top: 30px;\"><strong>Anwendung:<\/strong><\/p>\n<p style=\"margin-bottom: 8px; margin-top: 0px; line-height: 1.6;\"><strong>&#8220;FRBW 83&#8221;<\/strong>\u00a0ist ein Metall-Spray f\u00fcr Rohrleitungsbau, Klima- und L\u00fcftungstechnik, Beh\u00e4lter, Feuerungsanlagen, Turbinen, Auspuffanlagen.<\/p>\n<p style=\"margin-bottom: 10px; margin-top: 30px;\"><strong>Arbeitsvorbereitung:<\/strong><\/p>\n<p style=\"margin-bottom: 8px; margin-top: 0px; line-height: 1.6;\">Untergrund gr\u00fcndlich reinigen und trocknen. Roststellen entfernen. Dose auf Raumtemperatur bringen (+15 \u00b0C bis +25 \u00b0C) und gut sch\u00fctteln. Wenn Kugel h\u00f6rbar anschl\u00e4gt, noch ca. 2 Min. weitersch\u00fctteln. Mit Abstand von 25 &#8211; 30 cm im Kreuzgang aufspr\u00fchen.<\/p>\n<p style=\"margin-bottom: 10px; margin-top: 30px;\"><strong>Technische Daten:<\/strong><\/p>\n<p style=\"margin-bottom: 2px; margin-top: 0px; line-height: 1.4;\">Farbe: chrom, gl\u00e4nzend<\/p>\n<p style=\"margin-bottom: 2px; margin-top: 0px; line-height: 1.4;\">Temperaturbest\u00e4ndigkeit: bis +600 \u00b0C<\/p>\n<p style=\"margin-bottom: 2px; margin-top: 0px; line-height: 1.4;\">Lagerf\u00e4higkeit: +5 \u00b0C bis max. +25 \u00b0C<\/p>\n","protected":false},"excerpt":{"rendered":"<p>CHROM-ALU-SPRAY &#8220;FRBW 83&#8221; ist eine hochwertige Aluminiumbeschichtung f\u00fcr alle Metalloberfl\u00e4chen, die einen Chromglanzeffekt erhalten sollen. Hitzebest\u00e4ndig bis +600 \u00b0C. Durch Erhitzen wird das Produkt abriebfest. Schnell trocknend. Eigenschaften: &#8211; 99,5 % Reinaluminium &#8211; hitzebest\u00e4ndiger Korrosionsschutz. Anwendung: &#8220;FRBW 83&#8221;\u00a0ist ein Metall-Spray f\u00fcr Rohrleitungsbau, Klima- und L\u00fcftungstechnik, Beh\u00e4lter, Feuerungsanlagen, Turbinen, Auspuffanlagen. Arbeitsvorbereitung: Untergrund gr\u00fcndlich reinigen und trocknen&#8230;.<\/p>\n","protected":false},"featured_media":3727,"template":"","meta":[],"product_brand":[337],"product_cat":[465,414,459],"product_tag":[],"class_list":{"0":"post-3726","1":"product","2":"type-product","3":"status-publish","4":"has-post-thumbnail","6":"product_brand-flore-chemie","7":"product_cat-apkope-un-remonts-aizsardziba-pret-koroziju","8":"product_cat-chemie-spezial-produkti","9":"product_cat-tehniskie-aerosoli","11":"first","12":"instock","13":"shipping-taxable","14":"purchasable","15":"product-type-variable","16":"has-default-attributes"},"_links":{"self":[{"href":"https:\/\/e-flore.store\/lv\/wp-json\/wp\/v2\/product\/3726","targetHints":{"allow":["GET"]}}],"collection":[{"href":"https:\/\/e-flore.store\/lv\/wp-json\/wp\/v2\/product"}],"about":[{"href":"https:\/\/e-flore.store\/lv\/wp-json\/wp\/v2\/types\/product"}],"wp:featuredmedia":[{"embeddable":true,"href":"https:\/\/e-flore.store\/lv\/wp-json\/wp\/v2\/media\/3727"}],"wp:attachment":[{"href":"https:\/\/e-flore.store\/lv\/wp-json\/wp\/v2\/media?parent=3726"}],"wp:term":[{"taxonomy":"product_brand","embeddable":true,"href":"https:\/\/e-flore.store\/lv\/wp-json\/wp\/v2\/product_brand?post=3726"},{"taxonomy":"product_cat","embeddable":true,"href":"https:\/\/e-flore.store\/lv\/wp-json\/wp\/v2\/product_cat?post=3726"},{"taxonomy":"product_tag","embeddable":true,"href":"https:\/\/e-flore.store\/lv\/wp-json\/wp\/v2\/product_tag?post=3726"}],"curies":[{"name":"wp","href":"https:\/\/api.w.org\/{rel}","templated":true}]}}