{"id":3734,"date":"2026-02-03T16:01:36","date_gmt":"2026-02-03T14:01:36","guid":{"rendered":"https:\/\/demo8.izveide.id.lv\/?post_type=product&#038;p=3734"},"modified":"2026-03-26T15:10:33","modified_gmt":"2026-03-26T13:10:33","slug":"grsw-68","status":"publish","type":"product","link":"https:\/\/e-flore.store\/lv\/produkts\/grsw-68\/","title":{"rendered":"GRSW 68"},"content":{"rendered":"<p><img decoding=\"async\" style=\"width: 100%; height: auto; display: block;\" src=\"\/wp-content\/uploads\/2026\/01\/GRSW-68-PARENT_desc.jpg\" \/><\/p>\n<div id=\"eflore-spacer-v55\" style=\"height: 0px; clear: both; width: 100%; display: block;\"><\/div>\n<p style=\"margin-bottom: 10px; margin-top: 30px;\"><strong>KEIL- UND TREIBRIEMEN-SPRAY<\/strong><\/p>\n<p style=\"margin-bottom: 8px; margin-top: 0px; line-height: 1.6;\"><strong>&#8220;GRSW 68&#8221;<\/strong><\/p>\n<p style=\"margin-bottom: 8px; margin-top: 0px; line-height: 1.6;\">ist die aktive Zugkraftverst\u00e4rkung f\u00fcr Treibriemen und Scheibe. Zugkrafterh\u00f6hung bis zu 50%. Kein Austrocknen und Aush\u00e4rten des Keilriemens auch nach vielen Betriebsstunden. Sofort wirksam, gut haftend und spritzwasserfest. Sehr gute Haftung auch bei hohen Drehzahlen. Erh\u00f6ht die Standzeit durch porentiefes Eindringen.<\/p>\n<p style=\"margin-bottom: 10px; margin-top: 30px;\"><strong>Eigenschaften:<\/strong><\/p>\n<p style=\"margin-bottom: 8px; margin-top: 0px; line-height: 1.6;\">&#8211; bis zu 50 % erh\u00f6hte Zugkraft<\/p>\n<p style=\"margin-bottom: 8px; margin-top: 0px; line-height: 1.6;\">&#8211; sch\u00fctzt vor Austrocknung und Aush\u00e4rtung<\/p>\n<p style=\"margin-bottom: 8px; margin-top: 0px; line-height: 1.6;\">&#8211; sehr gute Haftung bei hohen Drehzahlen<\/p>\n<p style=\"margin-bottom: 8px; margin-top: 0px; line-height: 1.6;\">&#8211; spritzwasserfest<\/p>\n<p style=\"margin-bottom: 8px; margin-top: 0px; line-height: 1.6;\">&#8211; sofort wirksam.<\/p>\n<p style=\"margin-bottom: 10px; margin-top: 30px;\"><strong>Anwendung:<\/strong><\/p>\n<p style=\"margin-bottom: 8px; margin-top: 0px; line-height: 1.6;\">&#8220;GRSW 68&#8221;\u00a0ist an allen Treibriemen aus Gewebe, Leder und Gummi, auch in feuchter Umgebung einsetzbar. Ideal f\u00fcr im Freien stehende Maschinen und Aggregate. Sehr gut f\u00fcr Transmissionsriemen, verhindert Aush\u00e4rten oder Verbrennen.<\/p>\n<p style=\"margin-bottom: 10px; margin-top: 30px;\"><strong>Technische Daten:<\/strong><\/p>\n<p style=\"margin-bottom: 8px; margin-top: 0px; line-height: 1.6;\">Geruch: typisch<\/p>\n<p style=\"margin-bottom: 8px; margin-top: 0px; line-height: 1.6;\">Farbe: farblos<\/p>\n<p style=\"margin-bottom: 8px; margin-top: 0px; line-height: 1.6;\">Lagertemperatur: +5 \u00b0C bis max. +25 \u00b0C<\/p>\n","protected":false},"excerpt":{"rendered":"<p>KEIL- UND TREIBRIEMEN-SPRAY &#8220;GRSW 68&#8221; ist die aktive Zugkraftverst\u00e4rkung f\u00fcr Treibriemen und Scheibe. Zugkrafterh\u00f6hung bis zu 50%. Kein Austrocknen und Aush\u00e4rten des Keilriemens auch nach vielen Betriebsstunden. Sofort wirksam, gut haftend und spritzwasserfest. Sehr gute Haftung auch bei hohen Drehzahlen. Erh\u00f6ht die Standzeit durch porentiefes Eindringen. Eigenschaften: &#8211; bis zu 50 % erh\u00f6hte Zugkraft &#8211;&#8230;<\/p>\n","protected":false},"featured_media":3735,"template":"","meta":[],"product_brand":[],"product_cat":[465,414,459],"product_tag":[],"class_list":{"0":"post-3734","1":"product","2":"type-product","3":"status-publish","4":"has-post-thumbnail","6":"product_cat-apkope-un-remonts-aizsardziba-pret-koroziju","7":"product_cat-chemie-spezial-produkti","8":"product_cat-tehniskie-aerosoli","10":"first","11":"instock","12":"shipping-taxable","13":"purchasable","14":"product-type-variable","15":"has-default-attributes"},"_links":{"self":[{"href":"https:\/\/e-flore.store\/lv\/wp-json\/wp\/v2\/product\/3734","targetHints":{"allow":["GET"]}}],"collection":[{"href":"https:\/\/e-flore.store\/lv\/wp-json\/wp\/v2\/product"}],"about":[{"href":"https:\/\/e-flore.store\/lv\/wp-json\/wp\/v2\/types\/product"}],"wp:featuredmedia":[{"embeddable":true,"href":"https:\/\/e-flore.store\/lv\/wp-json\/wp\/v2\/media\/3735"}],"wp:attachment":[{"href":"https:\/\/e-flore.store\/lv\/wp-json\/wp\/v2\/media?parent=3734"}],"wp:term":[{"taxonomy":"product_brand","embeddable":true,"href":"https:\/\/e-flore.store\/lv\/wp-json\/wp\/v2\/product_brand?post=3734"},{"taxonomy":"product_cat","embeddable":true,"href":"https:\/\/e-flore.store\/lv\/wp-json\/wp\/v2\/product_cat?post=3734"},{"taxonomy":"product_tag","embeddable":true,"href":"https:\/\/e-flore.store\/lv\/wp-json\/wp\/v2\/product_tag?post=3734"}],"curies":[{"name":"wp","href":"https:\/\/api.w.org\/{rel}","templated":true}]}}