{"id":3749,"date":"2026-02-03T16:01:38","date_gmt":"2026-02-03T14:01:38","guid":{"rendered":"https:\/\/demo8.izveide.id.lv\/?post_type=product&#038;p=3749"},"modified":"2026-03-26T15:10:22","modified_gmt":"2026-03-26T13:10:22","slug":"grsw-72","status":"publish","type":"product","link":"https:\/\/e-flore.store\/lv\/produkts\/grsw-72\/","title":{"rendered":"GRSW 72"},"content":{"rendered":"<p><img decoding=\"async\" style=\"width: 100%; height: auto; display: block;\" src=\"\/wp-content\/uploads\/2026\/01\/GRSW-72-PARENT_desc.jpg\" \/><\/p>\n<p style=\"margin-bottom: 10px; margin-top: 30px;\"><strong>PTFE-SPRAY<\/strong><\/p>\n<p style=\"margin-bottom: 8px; margin-top: 0px; line-height: 1.6;\"><strong>&#8220;GRSW 72&#8221;<\/strong> ist vielseitig einsetzbar als nicht fettendes Gleit-, Schmier- und Trennmittel, z.B. an Gleitbahnen in der Kunststoffindustrie. Haftet auf Materialien wie Glas Gummi, Holz, Kunststoff und Metall (temperaturstabil von -180 \u00b0C bis +260 \u00b0C). Ist gleichzeitig wasserbest\u00e4ndig und korrosionssch\u00fctzend. Ideal zur Vermeidung von Knarr- und Quietschger\u00e4uschen bei unterschiedlichen Materialverbunden. Reduziert Reibung und Verschlei\u00df, verhindert Staubbildung. Besonders geeignet bei Entformungsvorg\u00e4ngen durch Antihaftverhalten, zur Beschichtung von Dichtungen, O-Ringen, f\u00fcr Schmierzwecke und als Antihaftmittel.<\/p>\n<p style=\"margin-bottom: 10px; margin-top: 30px;\"><strong>Eigenschaften:<\/strong><\/p>\n<p style=\"margin-bottom: 2px; margin-top: 0px; line-height: 1.4;\">&#8211; schnell trocknend<\/p>\n<p style=\"margin-bottom: 2px; margin-top: 0px; line-height: 1.4;\">&#8211; stark haftend<\/p>\n<p style=\"margin-bottom: 2px; margin-top: 0px; line-height: 1.4;\">&#8211; fettfrei<\/p>\n<p style=\"margin-bottom: 2px; margin-top: 0px; line-height: 1.4;\">&#8211; silikonfrei.<\/p>\n<p style=\"margin-bottom: 10px; margin-top: 30px;\"><strong>Anwendung:<\/strong><\/p>\n<p style=\"margin-bottom: 8px; margin-top: 0px; line-height: 1.6;\">Vor Gebrauch gut sch\u00fctteln. Die zu beschichtenden Fl\u00e4chen m\u00fcssen fettfrei und sauber sein. Es k\u00f6nnen mehrere Schichten aufgetragen werden, wobei jede Schicht in sich trocken sein muss.<\/p>\n<p style=\"margin-bottom: 10px; margin-top: 30px;\"><strong>Technische Daten:<\/strong><\/p>\n<p style=\"margin-bottom: 2px; margin-top: 0px; line-height: 1.4;\">Farbe: wei\u00df<\/p>\n<p style=\"margin-bottom: 2px; margin-top: 0px; line-height: 1.4;\">Temperaturbest\u00e4ndigkeit: -180 \u00b0C bis +260 \u00b0C<\/p>\n<p style=\"margin-bottom: 2px; margin-top: 0px; line-height: 1.4;\">Lagertemperatur: +5 \u00b0C bis max. +25 \u00b0C<\/p>\n","protected":false},"excerpt":{"rendered":"<p>PTFE-SPRAY &#8220;GRSW 72&#8221; ist vielseitig einsetzbar als nicht fettendes Gleit-, Schmier- und Trennmittel, z.B. an Gleitbahnen in der Kunststoffindustrie. Haftet auf Materialien wie Glas Gummi, Holz, Kunststoff und Metall (temperaturstabil von -180 \u00b0C bis +260 \u00b0C). Ist gleichzeitig wasserbest\u00e4ndig und korrosionssch\u00fctzend. Ideal zur Vermeidung von Knarr- und Quietschger\u00e4uschen bei unterschiedlichen Materialverbunden. Reduziert Reibung und Verschlei\u00df,&#8230;<\/p>\n","protected":false},"featured_media":3750,"template":"","meta":[],"product_brand":[],"product_cat":[465,414,459],"product_tag":[],"class_list":{"0":"post-3749","1":"product","2":"type-product","3":"status-publish","4":"has-post-thumbnail","6":"product_cat-apkope-un-remonts-aizsardziba-pret-koroziju","7":"product_cat-chemie-spezial-produkti","8":"product_cat-tehniskie-aerosoli","10":"first","11":"instock","12":"shipping-taxable","13":"purchasable","14":"product-type-variable","15":"has-default-attributes"},"_links":{"self":[{"href":"https:\/\/e-flore.store\/lv\/wp-json\/wp\/v2\/product\/3749","targetHints":{"allow":["GET"]}}],"collection":[{"href":"https:\/\/e-flore.store\/lv\/wp-json\/wp\/v2\/product"}],"about":[{"href":"https:\/\/e-flore.store\/lv\/wp-json\/wp\/v2\/types\/product"}],"wp:featuredmedia":[{"embeddable":true,"href":"https:\/\/e-flore.store\/lv\/wp-json\/wp\/v2\/media\/3750"}],"wp:attachment":[{"href":"https:\/\/e-flore.store\/lv\/wp-json\/wp\/v2\/media?parent=3749"}],"wp:term":[{"taxonomy":"product_brand","embeddable":true,"href":"https:\/\/e-flore.store\/lv\/wp-json\/wp\/v2\/product_brand?post=3749"},{"taxonomy":"product_cat","embeddable":true,"href":"https:\/\/e-flore.store\/lv\/wp-json\/wp\/v2\/product_cat?post=3749"},{"taxonomy":"product_tag","embeddable":true,"href":"https:\/\/e-flore.store\/lv\/wp-json\/wp\/v2\/product_tag?post=3749"}],"curies":[{"name":"wp","href":"https:\/\/api.w.org\/{rel}","templated":true}]}}