{"id":3761,"date":"2026-02-03T16:01:42","date_gmt":"2026-02-03T14:01:42","guid":{"rendered":"https:\/\/demo8.izveide.id.lv\/?post_type=product&#038;p=3761"},"modified":"2026-03-26T15:10:09","modified_gmt":"2026-03-26T13:10:09","slug":"grsw-74","status":"publish","type":"product","link":"https:\/\/e-flore.store\/lv\/produkts\/grsw-74\/","title":{"rendered":"GRSW 74"},"content":{"rendered":"<p><img decoding=\"async\" style=\"width: 100%; height: auto; display: block;\" src=\"\/wp-content\/uploads\/2026\/01\/GRSW-74-PARENT_desc.jpg\" \/><\/p>\n<p style=\"margin-bottom: 10px; margin-top: 30px;\"><strong>SILIKONSPRAY<\/strong><\/p>\n<p style=\"margin-bottom: 8px; margin-top: 0px; line-height: 1.6;\"><strong>&#8220;GRSW 74&#8221;<\/strong><\/p>\n<p style=\"margin-bottom: 8px; margin-top: 0px; line-height: 1.6;\">ist ein universelles Schmier-, Trenn-, Gleit-, Schutz- und Impr\u00e4gniermittel zur dauerhaften Pflege und Schutz von Metall, Gummi und Kunststoffen. Beseitigt Quietsch- und Laufger\u00e4usche, ist wasserfest und witterungsbest\u00e4ndig, antistatisch und staubabweisend. Ideal f\u00fcr Industrie, Handwerk, Auto, Sport etc., wirkt schnell und zuverl\u00e4ssig.<\/p>\n<p style=\"margin-bottom: 10px; margin-top: 30px;\"><strong>Eigenschaften:<\/strong><\/p>\n<p style=\"margin-bottom: 2px; margin-top: 0px; line-height: 1.4;\">&#8211; verhindert Oxidation und Korrosion an Metallteilen<\/p>\n<p style=\"margin-bottom: 2px; margin-top: 0px; line-height: 1.4;\">&#8211; sch\u00fctzt Kautschukteile gegen Austrocknen<\/p>\n<p style=\"margin-bottom: 2px; margin-top: 0px; line-height: 1.4;\">&#8211; sch\u00fctzt gegen Vereisen<\/p>\n<p style=\"margin-bottom: 2px; margin-top: 0px; line-height: 1.4;\">&#8211; wasserabsto\u00dfend<\/p>\n<p style=\"margin-bottom: 2px; margin-top: 0px; line-height: 1.4;\">&#8211; Kombination verschiedener hochwertiger Silikone<\/p>\n<p style=\"margin-bottom: 2px; margin-top: 0px; line-height: 1.4;\">&#8211; enth\u00e4lt umweltfreundliches Treibgas.<\/p>\n<p style=\"margin-bottom: 10px; margin-top: 30px;\"><strong>Anwendung:<\/strong><\/p>\n<p style=\"margin-bottom: 8px; margin-top: 0px; line-height: 1.6;\">Dose vor Gebrauch gut sch\u00fctteln. Zur besseren Haftung sollten die Formst\u00fccke fettfrei, sauber und trocken sein. Die St\u00e4rke des Silikonfilms l\u00e4sst sich durch die Dauer des Einspr\u00fchens regulieren, jedoch sollte nur kurze Zeit gespr\u00fcht werden. Je gr\u00f6\u00dfer der Spr\u00fchabstand desto feiner und gleichm\u00e4\u00dfiger wird der Silikonfilm.<\/p>\n<p style=\"margin-bottom: 10px; margin-top: 30px;\"><strong>Technische Daten:<\/strong><\/p>\n<p style=\"margin-bottom: 2px; margin-top: 0px; line-height: 1.4;\">Geruch: typisch nach L\u00f6semittel<\/p>\n<p style=\"margin-bottom: 2px; margin-top: 0px; line-height: 1.4;\">Farbe: farblos<\/p>\n<p style=\"margin-bottom: 2px; margin-top: 0px; line-height: 1.4;\">Lagertemperatur: +5 \u00b0C bis max. +25 \u00b0C<\/p>\n<p style=\"margin-bottom: 10px; margin-top: 30px;\"><strong>Verpackung:<\/strong><\/p>\n<p style=\"margin-bottom: 8px; margin-top: 0px; line-height: 1.6;\">&#8220;GRSW 74&#8221;\u00a0ist in 400 ml Aerosoldosen lieferbar. VPE = 12 St\u00fcck<\/p>\n<p style=\"margin-bottom: 8px; margin-top: 0px; line-height: 1.6;\">&#8220;GRSW 74&#8221;\u00a0ist auch in 1 L, 5 L, 10 L Kanister lieferbar.<\/p>\n","protected":false},"excerpt":{"rendered":"<p>SILIKONSPRAY &#8220;GRSW 74&#8221; ist ein universelles Schmier-, Trenn-, Gleit-, Schutz- und Impr\u00e4gniermittel zur dauerhaften Pflege und Schutz von Metall, Gummi und Kunststoffen. Beseitigt Quietsch- und Laufger\u00e4usche, ist wasserfest und witterungsbest\u00e4ndig, antistatisch und staubabweisend. Ideal f\u00fcr Industrie, Handwerk, Auto, Sport etc., wirkt schnell und zuverl\u00e4ssig. Eigenschaften: &#8211; verhindert Oxidation und Korrosion an Metallteilen &#8211; sch\u00fctzt Kautschukteile&#8230;<\/p>\n","protected":false},"featured_media":3762,"template":"","meta":[],"product_brand":[319],"product_cat":[465,414,459],"product_tag":[],"class_list":{"0":"post-3761","1":"product","2":"type-product","3":"status-publish","4":"has-post-thumbnail","6":"product_brand-chemie-spezial","7":"product_cat-apkope-un-remonts-aizsardziba-pret-koroziju","8":"product_cat-chemie-spezial-produkti","9":"product_cat-tehniskie-aerosoli","11":"first","12":"instock","13":"shipping-taxable","14":"purchasable","15":"product-type-variable","16":"has-default-attributes"},"_links":{"self":[{"href":"https:\/\/e-flore.store\/lv\/wp-json\/wp\/v2\/product\/3761","targetHints":{"allow":["GET"]}}],"collection":[{"href":"https:\/\/e-flore.store\/lv\/wp-json\/wp\/v2\/product"}],"about":[{"href":"https:\/\/e-flore.store\/lv\/wp-json\/wp\/v2\/types\/product"}],"wp:featuredmedia":[{"embeddable":true,"href":"https:\/\/e-flore.store\/lv\/wp-json\/wp\/v2\/media\/3762"}],"wp:attachment":[{"href":"https:\/\/e-flore.store\/lv\/wp-json\/wp\/v2\/media?parent=3761"}],"wp:term":[{"taxonomy":"product_brand","embeddable":true,"href":"https:\/\/e-flore.store\/lv\/wp-json\/wp\/v2\/product_brand?post=3761"},{"taxonomy":"product_cat","embeddable":true,"href":"https:\/\/e-flore.store\/lv\/wp-json\/wp\/v2\/product_cat?post=3761"},{"taxonomy":"product_tag","embeddable":true,"href":"https:\/\/e-flore.store\/lv\/wp-json\/wp\/v2\/product_tag?post=3761"}],"curies":[{"name":"wp","href":"https:\/\/api.w.org\/{rel}","templated":true}]}}