{"id":3775,"date":"2026-02-03T16:01:44","date_gmt":"2026-02-03T14:01:44","guid":{"rendered":"https:\/\/demo8.izveide.id.lv\/?post_type=product&#038;p=3775"},"modified":"2026-03-26T15:09:55","modified_gmt":"2026-03-26T13:09:55","slug":"grsw-640","status":"publish","type":"product","link":"https:\/\/e-flore.store\/lv\/produkts\/grsw-640\/","title":{"rendered":"GRSW 640"},"content":{"rendered":"<p><img decoding=\"async\" style=\"width: 100%; height: auto; display: block;\" src=\"\/wp-content\/uploads\/2026\/01\/GRSW-640-PARENT_desc.jpg\" \/><\/p>\n<p style=\"margin-bottom: 10px; margin-top: 30px;\"><strong>KUPFERPASTEN-SPRAY<\/strong><\/p>\n<p style=\"margin-bottom: 8px; margin-top: 0px; line-height: 1.6;\"><strong>&#8220;GRSW 640&#8221;<\/strong> ist eine Trenn- und Montagepaste, die Festfressen und Verschwei\u00dfen auch unter schwierigen Umgebungsbedingungen verhindert.\u00a0&#8220;GRSW 640&#8221;\u00a0sch\u00fctzt vor Oxidation und anderen Formen der Korrosion durch thermische, chemische und atmosph\u00e4rische Einfl\u00fcsse.<\/p>\n<p style=\"margin-bottom: 10px; margin-top: 30px;\"><strong>Eigenschaften<\/strong>:<\/p>\n<p style=\"margin-bottom: 2px; margin-top: 0px; line-height: 1.4;\">&#8211; k\u00e4ltebest\u00e4ndig: -25 \u00b0C<\/p>\n<p style=\"margin-bottom: 2px; margin-top: 0px; line-height: 1.4;\">&#8211; hitzebest\u00e4ndig: +1200 \u00b0C<\/p>\n<p style=\"margin-bottom: 2px; margin-top: 0px; line-height: 1.4;\">&#8211; druckfest: 225 N\/cm\u00b2<\/p>\n<p style=\"margin-bottom: 2px; margin-top: 0px; line-height: 1.4;\">&#8211; verhindert Korrosion, Fra\u00dfbildung und gibt ausgezeichnete Schmierung<\/p>\n<p style=\"margin-bottom: 2px; margin-top: 0px; line-height: 1.4;\">&#8211; hemmt S\u00e4uren, Laugen, Chemikalien, s\u00fc\u00df- und salzwasserfest<\/p>\n<p style=\"margin-bottom: 2px; margin-top: 0px; line-height: 1.4;\">&#8211; garantiert leichte Demontage behandelter Teile &#8211; auch nach Jahren<\/p>\n<p style=\"margin-bottom: 2px; margin-top: 0px; line-height: 1.4;\">&#8211; spart Kosten durch leichteres L\u00f6sen verbundener Teile, weniger Zeitaufwand und weniger Bruch<\/p>\n<p style=\"margin-bottom: 10px; margin-top: 30px;\"><strong>Anwendung<\/strong>:<strong>\u00a0<\/strong><\/p>\n<p style=\"margin-bottom: 2px; margin-top: 0px; line-height: 1.4;\"><strong>Industrie<\/strong>: Zur Schmierung hochbeanspruchter Lagerungen und Gleitfl\u00e4chen mit niedriger Gleitgeschwindigkeit. Schutz und leichte Demontage von Schrauben, Muttern, Bolzen, Ventilen, Flanschen, geschraubten Teilen und Armaturen, Rohr-, Leitungsoberfl\u00e4chen, Verschl\u00fcssen, Ventilsch\u00e4ften, Dichtungen, Pumpen, Kompressoren, Turbinen usw.<\/p>\n<p style=\"margin-bottom: 8px; margin-top: 0px; line-height: 1.6;\"><strong>Fahrzeuge und Erdbewegungsmaschinen<\/strong>: Schutz vor Korrosion und Festfressen, f\u00fcr leichte Montage und Demontage von: Radmuttern, Bremsnocken, Bremsstiften, Bremsseilen, Schiebest\u00fccken, Einstellexzentern, Kardanwellen, Nass- und Trockenbuchsen, Stehbolzen, Z\u00fcndkerzen, Zylinderkopfdichtungen, Auspuffverschraubungen und -dichtungen, Treibstoffd\u00fcsen, hydr. Rohrleitungsarmaturen usw.<\/p>\n<p style=\"margin-bottom: 8px; margin-top: 0px; line-height: 1.6;\"><strong>Schutz gegen \u00d6lkohleablagerung bei<\/strong>: Kolbenboden, Kolbenringen, Vorverbrennungskammern, Ein- und Auslasskan\u00e4len, Ein- und Auslassventilen. Zur Schmierung von Bolzen, Kettenspannvorrichtungen, Laufrollen usw.<\/p>\n<p style=\"margin-bottom: 8px; margin-top: 0px; line-height: 1.6;\"><strong>Allgemein<\/strong>: F\u00fcr mechanisch gehaltene Schrumpf- und Presssitze, Verschraubungen in Alu- oder Magnesiumg\u00fcssen, Verschraubungen aus rostfreiem Stahl, Schmierung von Gesenkschmiedewerkzeugen f\u00fcr Alu und andere Metalle. \u00dcberall dort, wo Festfressen, Abnutzung und Korrosion vermieden werden soll oder Wert auf leichte Montage und Demontage gelegt wird.<\/p>\n<p style=\"margin-bottom: 10px; margin-top: 30px;\"><strong>Technische Daten<\/strong>:<\/p>\n<p style=\"margin-bottom: 2px; margin-top: 0px; line-height: 1.4;\">Farbe: kupfer<\/p>\n<p style=\"margin-bottom: 2px; margin-top: 0px; line-height: 1.4;\">Reibwert gesamt: 0,12 m\u03bc<\/p>\n<p style=\"margin-bottom: 2px; margin-top: 0px; line-height: 1.4;\">Lagertemperatur: +5 \u00b0C bis max. +25 \u00b0C<\/p>\n<p style=\"margin-bottom: 10px; margin-top: 30px;\"><strong>Temperatureinsatzbereich<\/strong>:<\/p>\n<p style=\"margin-bottom: 2px; margin-top: 0px; line-height: 1.4;\">als Trennmittel: -25 \u00b0C bis +1200 \u00b0C<\/p>\n<p style=\"margin-bottom: 2px; margin-top: 0px; line-height: 1.4;\">als Schmiermittel: -25 \u00b0C bis +240 \u00b0C<\/p>\n<p style=\"margin-bottom: 10px; margin-top: 30px;\"><strong>Verpackung<\/strong>:<\/p>\n<p style=\"margin-bottom: 8px; margin-top: 0px; line-height: 1.6;\">&#8220;GRSW 640&#8221;\u00a0ist in 400 ml Aerosoldosen lieferbar. VPE = 12 St\u00fcck<\/p>\n<p style=\"margin-bottom: 8px; margin-top: 0px; line-height: 1.6;\">&#8220;GRSW 640&#8221;\u00a0ist in 1000 ml Weithalsflaschen lieferbar. VPE = 6 St\u00fcck<\/p>\n","protected":false},"excerpt":{"rendered":"<p>KUPFERPASTEN-SPRAY &#8220;GRSW 640&#8221; ist eine Trenn- und Montagepaste, die Festfressen und Verschwei\u00dfen auch unter schwierigen Umgebungsbedingungen verhindert.\u00a0&#8220;GRSW 640&#8221;\u00a0sch\u00fctzt vor Oxidation und anderen Formen der Korrosion durch thermische, chemische und atmosph\u00e4rische Einfl\u00fcsse. Eigenschaften: &#8211; k\u00e4ltebest\u00e4ndig: -25 \u00b0C &#8211; hitzebest\u00e4ndig: +1200 \u00b0C &#8211; druckfest: 225 N\/cm\u00b2 &#8211; verhindert Korrosion, Fra\u00dfbildung und gibt ausgezeichnete Schmierung &#8211; hemmt S\u00e4uren,&#8230;<\/p>\n","protected":false},"featured_media":3776,"template":"","meta":[],"product_brand":[319],"product_cat":[462,414,459],"product_tag":[],"class_list":{"0":"post-3775","1":"product","2":"type-product","3":"status-publish","4":"has-post-thumbnail","6":"product_brand-chemie-spezial","7":"product_cat-smervielas","8":"product_cat-chemie-spezial-produkti","9":"product_cat-tehniskie-aerosoli","11":"first","12":"instock","13":"shipping-taxable","14":"purchasable","15":"product-type-variable","16":"has-default-attributes"},"_links":{"self":[{"href":"https:\/\/e-flore.store\/lv\/wp-json\/wp\/v2\/product\/3775","targetHints":{"allow":["GET"]}}],"collection":[{"href":"https:\/\/e-flore.store\/lv\/wp-json\/wp\/v2\/product"}],"about":[{"href":"https:\/\/e-flore.store\/lv\/wp-json\/wp\/v2\/types\/product"}],"wp:featuredmedia":[{"embeddable":true,"href":"https:\/\/e-flore.store\/lv\/wp-json\/wp\/v2\/media\/3776"}],"wp:attachment":[{"href":"https:\/\/e-flore.store\/lv\/wp-json\/wp\/v2\/media?parent=3775"}],"wp:term":[{"taxonomy":"product_brand","embeddable":true,"href":"https:\/\/e-flore.store\/lv\/wp-json\/wp\/v2\/product_brand?post=3775"},{"taxonomy":"product_cat","embeddable":true,"href":"https:\/\/e-flore.store\/lv\/wp-json\/wp\/v2\/product_cat?post=3775"},{"taxonomy":"product_tag","embeddable":true,"href":"https:\/\/e-flore.store\/lv\/wp-json\/wp\/v2\/product_tag?post=3775"}],"curies":[{"name":"wp","href":"https:\/\/api.w.org\/{rel}","templated":true}]}}