{"id":3787,"date":"2026-02-03T16:01:45","date_gmt":"2026-02-03T14:01:45","guid":{"rendered":"https:\/\/demo8.izveide.id.lv\/?post_type=product&#038;p=3787"},"modified":"2026-03-26T15:09:51","modified_gmt":"2026-03-26T13:09:51","slug":"neu1548-lk","status":"publish","type":"product","link":"https:\/\/e-flore.store\/lv\/produkts\/neu1548-lk\/","title":{"rendered":"NEU1548 LK"},"content":{"rendered":"<p><img decoding=\"async\" style=\"width: 100%; height: auto; display: block;\" src=\"\/wp-content\/uploads\/2026\/01\/NEU1548-LK-PARENT_desc.jpg\" \/><\/p>\n<p style=\"margin-bottom: 10px; margin-top: 30px;\"><strong>FL\u00c4CHENDESINFEKTION<\/strong><\/p>\n<p style=\"margin-bottom: 10px; margin-top: 30px;\"><strong>Produkt beschreibung:<\/strong><\/p>\n<p style=\"margin-bottom: 8px; margin-top: 0px; line-height: 1.6;\">QAV- und alkoholfrei, Hepatitis B- und HIV- Virus wirksam Bakterizides und fungizides hochwirksames Pr\u00e4parat zur Desinfektion und Reinigung von abwaschbaren Fl\u00e4chen und Gebrauchsgegenst\u00e4nden im Lebensmittelbereich, Krankenhaus-, Pflegeheim- Praxen-, Schulen- und K\u00fcchensektor. Zur Behandlung von Fl\u00e4chen in Schwimmb\u00e4dern, Sportst\u00e4tten, Waschkauen, Kantinen, Kitas etc. Gepr\u00fcft nach Richtlinien der VAH unter Ber\u00fccksichtigung der Anforderungen f\u00fcr die Aufnahme in die aktuelle Listung der VAH.<\/p>\n<p style=\"margin-bottom: 10px; margin-top: 30px;\"><strong>Anwendung\/ Dosierung:<\/strong><\/p>\n<p style=\"margin-bottom: 10px; margin-top: 30px;\">Anwendungen nach VAH:<\/p>\n<p style=\"margin-bottom: 2px; margin-top: 0px; line-height: 1.4;\">&#8211; 4,0% &#8211; 15 min.<\/p>\n<p style=\"margin-bottom: 2px; margin-top: 0px; line-height: 1.4;\">&#8211; 2,0 % &#8211; 30 min.<\/p>\n<p style=\"margin-bottom: 2px; margin-top: 0px; line-height: 1.4;\">&#8211; 1,5 % &#8211; 60 min.<\/p>\n<p style=\"margin-bottom: 2px; margin-top: 0px; line-height: 1.4;\">Fl\u00e4chendesinfektion bei:<\/p>\n<p style=\"margin-bottom: 2px; margin-top: 0px; line-height: 1.4;\">&#8211; Grampositiven Erregern: Staphylokokken<\/p>\n<p style=\"margin-bottom: 2px; margin-top: 0px; line-height: 1.4;\">&#8211; Gramnegativen Erregern: Pseudomonas aeruginosa, Klebsiella pneumoniae, E. Coli, Proteus vulgaris, Salmonella<\/p>\n<p style=\"margin-bottom: 2px; margin-top: 0px; line-height: 1.4;\">&#8211; Pilzen: Candida albicans, rohes Holz und PVC<\/p>\n<p style=\"margin-bottom: 2px; margin-top: 0px; line-height: 1.4;\">&#8211; Viren: Rotaviren.<\/p>\n<p style=\"margin-bottom: 10px; margin-top: 30px;\"><strong>Hinweise:<\/strong><\/p>\n<p style=\"margin-bottom: 8px; margin-top: 0px; line-height: 1.6;\">Biozide sicher verwenden. Vor Gebrauch stets Kennzeichnung und Produktinformationenlesen.<\/p>\n<p style=\"margin-bottom: 2px; margin-top: 20px; line-height: 1.4;\">Enth\u00e4lt (gem\u00e4\u00df EG 648\/2004 VO Detergenzien): auf 100 g Konzentrat 3,75 g N-(3-Aminopropyl)-N-dodecylpropan-1,3-diamin.<\/p>\n<p style=\"margin-bottom: 10px; margin-top: 30px;\">Nur f\u00fcr den gewerblichen Gebrauch!<\/p>\n","protected":false},"excerpt":{"rendered":"<p>FL\u00c4CHENDESINFEKTION Produkt beschreibung: QAV- und alkoholfrei, Hepatitis B- und HIV- Virus wirksam Bakterizides und fungizides hochwirksames Pr\u00e4parat zur Desinfektion und Reinigung von abwaschbaren Fl\u00e4chen und Gebrauchsgegenst\u00e4nden im Lebensmittelbereich, Krankenhaus-, Pflegeheim- Praxen-, Schulen- und K\u00fcchensektor. Zur Behandlung von Fl\u00e4chen in Schwimmb\u00e4dern, Sportst\u00e4tten, Waschkauen, Kantinen, Kitas etc. Gepr\u00fcft nach Richtlinien der VAH unter Ber\u00fccksichtigung der Anforderungen f\u00fcr&#8230;<\/p>\n","protected":false},"featured_media":3788,"template":"","meta":[],"product_brand":[319],"product_cat":[414,444,456],"product_tag":[],"class_list":{"0":"post-3787","1":"product","2":"type-product","3":"status-publish","4":"has-post-thumbnail","6":"product_brand-chemie-spezial","7":"product_cat-chemie-spezial-produkti","8":"product_cat-gastronomija-un-partikas-razosana","9":"product_cat-dezinfekcijas-un-tirisanas-lidzekli","11":"first","12":"instock","13":"shipping-taxable","14":"purchasable","15":"product-type-variable","16":"has-default-attributes"},"_links":{"self":[{"href":"https:\/\/e-flore.store\/lv\/wp-json\/wp\/v2\/product\/3787","targetHints":{"allow":["GET"]}}],"collection":[{"href":"https:\/\/e-flore.store\/lv\/wp-json\/wp\/v2\/product"}],"about":[{"href":"https:\/\/e-flore.store\/lv\/wp-json\/wp\/v2\/types\/product"}],"wp:featuredmedia":[{"embeddable":true,"href":"https:\/\/e-flore.store\/lv\/wp-json\/wp\/v2\/media\/3788"}],"wp:attachment":[{"href":"https:\/\/e-flore.store\/lv\/wp-json\/wp\/v2\/media?parent=3787"}],"wp:term":[{"taxonomy":"product_brand","embeddable":true,"href":"https:\/\/e-flore.store\/lv\/wp-json\/wp\/v2\/product_brand?post=3787"},{"taxonomy":"product_cat","embeddable":true,"href":"https:\/\/e-flore.store\/lv\/wp-json\/wp\/v2\/product_cat?post=3787"},{"taxonomy":"product_tag","embeddable":true,"href":"https:\/\/e-flore.store\/lv\/wp-json\/wp\/v2\/product_tag?post=3787"}],"curies":[{"name":"wp","href":"https:\/\/api.w.org\/{rel}","templated":true}]}}