{"id":3817,"date":"2026-02-03T16:01:52","date_gmt":"2026-02-03T14:01:52","guid":{"rendered":"https:\/\/demo8.izveide.id.lv\/?post_type=product&#038;p=3817"},"modified":"2026-03-26T15:09:28","modified_gmt":"2026-03-26T13:09:28","slug":"neu91-lk","status":"publish","type":"product","link":"https:\/\/e-flore.store\/lv\/produkts\/neu91-lk\/","title":{"rendered":"NEU91 LK"},"content":{"rendered":"<p><img decoding=\"async\" style=\"width: 100%; height: auto; display: block;\" src=\"\/wp-content\/uploads\/2026\/01\/NEU91-LK-PARENT_desc.jpg\" \/><\/p>\n<p><b>ALKOHOLISCHES FL\u00c4CHENDEKONTAMINATIONS- UND H\u00c4NDDESINFEKTIONSMITTEL<\/b><\/p>\n<p><b>Anwendungsgebiete:<br \/>\n<\/b><\/p>\n<p style=\"text-align: justify;\">&#8220;NEU91 LK&#8221; ist ein schonendes Fl\u00e4chendesinfektionsmittel f\u00fcr die meisten Bereiche in denen eine partielle Dekontamination erforderlich ist.<\/p>\n<p style=\"text-align: justify;\"><span style=\"letter-spacing: normal;\">&#8220;NEU91 LK&#8221;<\/span> enth\u00e4lt neben hochwirksamen Dekontaminationskomponenten f\u00fcr die Fl\u00e4chenbehandlung Hautschutzstoffe, die ein Austrocknen der gereinigten Hautpartien verhindern.<\/p>\n<p style=\"text-align: justify;\"><span style=\"letter-spacing: normal;\">&#8220;NEU91 LK&#8221;<\/span> eignet sich hervorragend f\u00fcr die schnelle und sichere Dekontamination von Behandlungs- und Massageliegen, T\u00fcrgriffe, Arbeitsfl\u00e4chen etc.<\/p>\n<p style=\"text-align: justify;\"><span style=\"letter-spacing: normal;\">&#8220;NEU91 LK&#8221;<\/span> besitzt folgende biozide und fungizide Eigenschaften:<\/p>\n<p style=\"text-align: justify;\"><span style=\"text-decoration-line: underline;\">Bakterien<\/span>: Bacillus aereus &amp; subtilus, Brevibacterium ammoniagenes, Brucella abortus, Klebsiella pneumoniae, Lactobacillus casei, Proteus vulgaris, Listeria monocytogennes, Pseudomonas aeruginosa, Samonella gallinarium, Salmonella typhosa, Staphylococcus aureus, Streptococcus fecalis.<\/p>\n<p style=\"text-align: justify;\"><span style=\"text-decoration-line: underline;\">Pilze<\/span>: Trichophyton interdigitale, Chaetomium globosum, Aspergillus niger, Coniophora puteana.<\/p>\n<p style=\"text-align: justify;\"><span style=\"text-decoration-line: underline;\">Viren<\/span>: beh\u00fcllte Viren (Covid-19, Rotar etc.), unbeh\u00fcllte Viren mind. 2 Min. Einwirkzeit.<b><br \/>\n<\/b><\/p>\n<p><b>Verarbeitung:<\/b><\/p>\n<p style=\"text-align: justify;\"><span style=\"letter-spacing: normal;\">&#8220;NEU91 LK&#8221;<\/span> in die gr\u00fcndlich mit Wasser, Seife und B\u00fcrste gereinigten H\u00e4nde einreiben bis keine Feuchtigkeit mehr f\u00fchlbar ist und bei Bedarf mit klarem Wasser nachsp\u00fclen. Verunreinigungen werden somit sicher beseitigt.<\/p>\n<p style=\"text-align: justify;\">F\u00fcr die Fl\u00e4chendesinfektion <span style=\"letter-spacing: normal;\">&#8220;NEU91 LK&#8221;<\/span> auf die Fl\u00e4chen aufspr\u00fchen, 1 &#8211; 2 Minuten einwirken lassen und trockenwischen. Auch f\u00fcr die Verwendung mit Wipes gut geeignet.<b><br \/>\n<\/b><\/p>\n<p><b>Hinweise:<\/b><\/p>\n<p style=\"text-align: justify;\"><span style=\"letter-spacing: normal;\">&#8220;NEU91 LK&#8221;<\/span> enth\u00e4lt keine aldehydischen oder phenolhaltigen Verbindungen. Frei von PCP, PCB und Formaldehyd (Formalin) bzw. deren homologen Derivaten.<\/p>\n<p style=\"text-align: justify;\"><span style=\"letter-spacing: normal;\">&#8220;NEU91 LK&#8221;<\/span> ist entz\u00fcndbar, daher beider Lagerung von Z\u00fcndquellen fernhalten. Aufgebl\u00e4hte Embalagen sollten kurz entl\u00fcftet werden.<\/p>\n<p style=\"text-align: justify;\">Biozidprodukte vorsichtig verwenden. Vor Gebrauch stets Etikett und Produktinformation lesen.<b><br \/>\n<\/b><\/p>\n<p style=\"text-align: justify;\"><b>pH:<\/b> 7,0 (Konz.)<\/p>\n","protected":false},"excerpt":{"rendered":"<p>ALKOHOLISCHES FL\u00c4CHENDEKONTAMINATIONS- UND H\u00c4NDDESINFEKTIONSMITTEL Anwendungsgebiete: &#8220;NEU91 LK&#8221; ist ein schonendes Fl\u00e4chendesinfektionsmittel f\u00fcr die meisten Bereiche in denen eine partielle Dekontamination erforderlich ist. &#8220;NEU91 LK&#8221; enth\u00e4lt neben hochwirksamen Dekontaminationskomponenten f\u00fcr die Fl\u00e4chenbehandlung Hautschutzstoffe, die ein Austrocknen der gereinigten Hautpartien verhindern. &#8220;NEU91 LK&#8221; eignet sich hervorragend f\u00fcr die schnelle und sichere Dekontamination von Behandlungs- und Massageliegen, T\u00fcrgriffe,&#8230;<\/p>\n","protected":false},"featured_media":3818,"template":"","meta":[],"product_brand":[319],"product_cat":[414,456,444],"product_tag":[],"class_list":{"0":"post-3817","1":"product","2":"type-product","3":"status-publish","4":"has-post-thumbnail","6":"product_brand-chemie-spezial","7":"product_cat-chemie-spezial-produkti","8":"product_cat-dezinfekcijas-un-tirisanas-lidzekli","9":"product_cat-gastronomija-un-partikas-razosana","11":"first","12":"instock","13":"shipping-taxable","14":"purchasable","15":"product-type-variable","16":"has-default-attributes"},"_links":{"self":[{"href":"https:\/\/e-flore.store\/lv\/wp-json\/wp\/v2\/product\/3817","targetHints":{"allow":["GET"]}}],"collection":[{"href":"https:\/\/e-flore.store\/lv\/wp-json\/wp\/v2\/product"}],"about":[{"href":"https:\/\/e-flore.store\/lv\/wp-json\/wp\/v2\/types\/product"}],"wp:featuredmedia":[{"embeddable":true,"href":"https:\/\/e-flore.store\/lv\/wp-json\/wp\/v2\/media\/3818"}],"wp:attachment":[{"href":"https:\/\/e-flore.store\/lv\/wp-json\/wp\/v2\/media?parent=3817"}],"wp:term":[{"taxonomy":"product_brand","embeddable":true,"href":"https:\/\/e-flore.store\/lv\/wp-json\/wp\/v2\/product_brand?post=3817"},{"taxonomy":"product_cat","embeddable":true,"href":"https:\/\/e-flore.store\/lv\/wp-json\/wp\/v2\/product_cat?post=3817"},{"taxonomy":"product_tag","embeddable":true,"href":"https:\/\/e-flore.store\/lv\/wp-json\/wp\/v2\/product_tag?post=3817"}],"curies":[{"name":"wp","href":"https:\/\/api.w.org\/{rel}","templated":true}]}}