{"id":3835,"date":"2026-02-03T16:01:55","date_gmt":"2026-02-03T14:01:55","guid":{"rendered":"https:\/\/demo8.izveide.id.lv\/?post_type=product&#038;p=3835"},"modified":"2026-03-26T15:09:10","modified_gmt":"2026-03-26T13:09:10","slug":"alk1412-lk","status":"publish","type":"product","link":"https:\/\/e-flore.store\/lv\/produkts\/alk1412-lk\/","title":{"rendered":"ALK1412 LK"},"content":{"rendered":"<p><img decoding=\"async\" style=\"width: 100%; height: auto; display: block;\" src=\"\/wp-content\/uploads\/2026\/01\/ALK1412-LK-PARENT_desc.jpg\" \/><\/p>\n<p style=\"margin-bottom: 10px; margin-top: 30px;\"><strong>SICHERHEITSSANIT<\/strong>\u00c4<strong>RREINIGER<\/strong><\/p>\n<p style=\"margin-bottom: 10px; margin-top: 30px;\"><strong>Anwendungsgebiete:<\/strong><\/p>\n<p style=\"margin-bottom: 8px; margin-top: 0px; line-height: 1.6;\">&#8220;ALK1412 LK&#8221; ist ein universell einsetzbarer Sanit\u00e4r- Sicherheitsreiniger mit nahezu uneingeschr\u00e4nkten Einsatzbereichen, wie z. B. f\u00fcr Sanit\u00e4rbereiche, Gro\u00dfk\u00fcchen, Schwimmb\u00e4der, und zur Boden-, Industrie- und Fahrzeugreinigung.<\/p>\n<p style=\"margin-bottom: 8px; margin-top: 0px; line-height: 1.6;\">Er ist mild alkalisch eingestellt und kann somit bedenkenlos auf s\u00e4ureempfindlichen Fliesen, Glas, Stein- und PVC-B\u00f6den, Kunststoffen, Gummi, Emaille, Edelstahl- und Chromarmaturen, Fassaden und Planen verwendet werden.<\/p>\n<p style=\"margin-bottom: 8px; margin-top: 0px; line-height: 1.6;\">&#8220;ALK1412 LK&#8221; ist zus\u00e4tzlich ein gutes Emulgiermittel f\u00fcr Mineral\u00f6le, organische Fette, und \u00d6le.<\/p>\n<p style=\"margin-bottom: 8px; margin-top: 0px; line-height: 1.6;\">Die eingesetzten Tenside und Netzmittel erf\u00fcllen in ihrer Abbaubarkeit, nach OECD-Methode, die Anforderungen des deutschen Waschmittel gesetzes.<\/p>\n<p style=\"margin-bottom: 10px; margin-top: 30px;\"><strong>Verarbeitung:<\/strong><\/p>\n<p style=\"margin-bottom: 8px; margin-top: 0px; line-height: 1.6;\">&#8220;ALK1412 LK&#8221; sollte f\u00fcr die Unterhaltsreinigung, je nach Verschmutzung, 1:20 bis 1:200 (50-450 ml auf 10 Ltr.) mit Wasser verd\u00fcnnt werden.<\/p>\n<p style=\"margin-bottom: 8px; margin-top: 0px; line-height: 1.6;\">Bei starken Verschmutzungen und Verkrustungen konzentriert oder bis 1:20 verd\u00fcnnt verwenden und ca. 2 Minuten auf die Ablagerungen einwirken lassen.<\/p>\n<p style=\"margin-bottom: 8px; margin-top: 0px; line-height: 1.6;\">Bei einem nicht ausreichenden Reinigungsergebnis ist eine Grundreinigung mit dem auf &#8220;ALK1412 LK&#8221; abgestimmten Produkt &#8220;ALK037 LK&#8221; notwendig.<\/p>\n<p style=\"margin-bottom: 10px; margin-top: 30px;\"><strong>Hinweise:<\/strong><\/p>\n<p style=\"margin-bottom: 8px; margin-top: 0px; line-height: 1.6;\">&#8220;ALK1412 LK&#8221; ist frei von S\u00e4uren, harten Komplexbildnem, PCB, PCP, Formaldehyd (Formalin), Phenolverbindungen, chlorierten Kohlenwasserstoffen und deren homologen Derivaten.<\/p>\n<p style=\"margin-bottom: 8px; margin-top: 0px; line-height: 1.6;\">&#8220;ALK1412 LK&#8221; ist unter der Bezeichung Expressreiniger von der S\u00e4urefliesner- Vereinigung e. V. Gro\u00dfburgwedel gepr\u00fcft und wurde in die Liste RK &#8211; Reinigungsmittel f\u00fcr keramische Bel\u00e4ge aufgenommen.<\/p>\n<p style=\"margin-bottom: 10px; margin-top: 30px;\"><strong>pH:<\/strong>9<\/p>\n","protected":false},"excerpt":{"rendered":"<p>SICHERHEITSSANIT\u00c4RREINIGER Anwendungsgebiete: &#8220;ALK1412 LK&#8221; ist ein universell einsetzbarer Sanit\u00e4r- Sicherheitsreiniger mit nahezu uneingeschr\u00e4nkten Einsatzbereichen, wie z. B. f\u00fcr Sanit\u00e4rbereiche, Gro\u00dfk\u00fcchen, Schwimmb\u00e4der, und zur Boden-, Industrie- und Fahrzeugreinigung. Er ist mild alkalisch eingestellt und kann somit bedenkenlos auf s\u00e4ureempfindlichen Fliesen, Glas, Stein- und PVC-B\u00f6den, Kunststoffen, Gummi, Emaille, Edelstahl- und Chromarmaturen, Fassaden und Planen verwendet werden. &#8220;ALK1412&#8230;<\/p>\n","protected":false},"featured_media":3836,"template":"","meta":[],"product_brand":[319],"product_cat":[453,414,444],"product_tag":[],"class_list":{"0":"post-3835","1":"product","2":"type-product","3":"status-publish","4":"has-post-thumbnail","6":"product_brand-chemie-spezial","7":"product_cat-sanitarie-un-vannas-istabas-tirisanas-lidzekli","8":"product_cat-chemie-spezial-produkti","9":"product_cat-gastronomija-un-partikas-razosana","11":"first","12":"instock","13":"shipping-taxable","14":"purchasable","15":"product-type-variable","16":"has-default-attributes"},"_links":{"self":[{"href":"https:\/\/e-flore.store\/lv\/wp-json\/wp\/v2\/product\/3835","targetHints":{"allow":["GET"]}}],"collection":[{"href":"https:\/\/e-flore.store\/lv\/wp-json\/wp\/v2\/product"}],"about":[{"href":"https:\/\/e-flore.store\/lv\/wp-json\/wp\/v2\/types\/product"}],"wp:featuredmedia":[{"embeddable":true,"href":"https:\/\/e-flore.store\/lv\/wp-json\/wp\/v2\/media\/3836"}],"wp:attachment":[{"href":"https:\/\/e-flore.store\/lv\/wp-json\/wp\/v2\/media?parent=3835"}],"wp:term":[{"taxonomy":"product_brand","embeddable":true,"href":"https:\/\/e-flore.store\/lv\/wp-json\/wp\/v2\/product_brand?post=3835"},{"taxonomy":"product_cat","embeddable":true,"href":"https:\/\/e-flore.store\/lv\/wp-json\/wp\/v2\/product_cat?post=3835"},{"taxonomy":"product_tag","embeddable":true,"href":"https:\/\/e-flore.store\/lv\/wp-json\/wp\/v2\/product_tag?post=3835"}],"curies":[{"name":"wp","href":"https:\/\/api.w.org\/{rel}","templated":true}]}}