{"id":3841,"date":"2026-02-03T16:01:56","date_gmt":"2026-02-03T14:01:56","guid":{"rendered":"https:\/\/demo8.izveide.id.lv\/?post_type=product&#038;p=3841"},"modified":"2026-03-26T15:09:06","modified_gmt":"2026-03-26T13:09:06","slug":"acd075-lk","status":"publish","type":"product","link":"https:\/\/e-flore.store\/lv\/produkts\/acd075-lk\/","title":{"rendered":"ACD075 LK"},"content":{"rendered":"<p><img decoding=\"async\" style=\"width: 100%; height: auto; display: block;\" src=\"\/wp-content\/uploads\/2026\/01\/ACD075-LK-PARENT_desc.jpg\" \/><\/p>\n<p style=\"margin-bottom: 10px; margin-top: 30px;\"><strong>UNTERHALTSREINIGER F\u00dcR TOILETTEN- UND BADEBEREICH<\/strong><\/p>\n<p style=\"margin-bottom: 10px; margin-top: 30px;\"><strong>Produkt beschreibung:<\/strong><\/p>\n<p style=\"margin-bottom: 8px; margin-top: 0px; line-height: 1.6;\">&#8220;ACD075 LK&#8221; ist ein schonender Unterhaltsreiniger f\u00fcr alle Sanit\u00e4r-, K\u00fcchen- und B\u00e4derbereiche. Da das Produkt hochkonzentriert ist, gen\u00fcgt schon eine geringe Dosierung f\u00fcr die t\u00e4gliche Unterhaltsreinigung. Bei vorschriftsm\u00e4\u00dfiger Dosierung trocknet\u00a0&#8220;ACD075 LK&#8221;\u00a0ohne Schleierbildung auf Fliesen, Becken und Armaturen auf, woraus eine gro\u00dfe Kraft- und Arbeitsersparnis resultiert. Au\u00dferdem hinterl\u00e4sst das Erzeugnis in den gereinigten R\u00e4umen einen nachhaltigen Frischeduft. In einem Arbeitsgang werden bei der t\u00e4glichen Anwendung Kalk- und Wasserstein gel\u00f6st und fetthaltige Ablagerungen sowie Schweissr\u00fcckst\u00e4nde restlos beseitigt.<\/p>\n<p style=\"margin-bottom: 8px; margin-top: 0px; line-height: 1.6;\">&#8220;ACD075 LK&#8221;\u00a0enth\u00e4lt desodorierende und desinfizierende Zus\u00e4tze. Obwohl in diesem Produkt geringe Mengen an S\u00e4uren vorhanden sind, ist das Produkt ausgesprochen mild und nicht korrodierend.<\/p>\n<p style=\"margin-bottom: 8px; margin-top: 0px; line-height: 1.6;\">S\u00e4urefeste Fliesen, Tonkacheln, Wasch- und WC-Becken, glasiertes Porzellan, Edelstahl, verchromte Armaturen, Kunststoffe u.a. werden nicht angegriffen.\u00a0&#8220;ACD075 LK&#8221;\u00a0ist ungiftig und \u00f6kologisch leicht abbaubar, so dass es ohne Bedenken in die Abw\u00e4sser gelangen kann!<\/p>\n<p style=\"margin-bottom: 10px; margin-top: 30px;\"><strong>Verarbeitung:<\/strong><\/p>\n<p style=\"margin-bottom: 8px; margin-top: 0px; line-height: 1.6;\">Um den Klarsp\u00fcleffekt zu erreichen, nicht mehr als 1 &#8211; 2 Tassen (ca. 100 &#8211; 200 ccm) auf einen Eimer Wasser (8 ltr.) geben.<\/p>\n<p style=\"margin-bottom: 8px; margin-top: 0px; line-height: 1.6;\">Um alte Schmutzschichten zu beseitigen, ist es m\u00f6glich das Erzeugnis unverd\u00fcnnt anzuwenden. In diesem Fall jedoch an einer verdeckten Stelle einen Probeauftrag vornehmen, um das zu reinigende Material auf Vertr\u00e4glichkeit zu pr\u00fcfen.<\/p>\n<p style=\"margin-bottom: 10px; margin-top: 30px;\"><strong>Hinweise:<\/strong><\/p>\n<p style=\"margin-bottom: 8px; margin-top: 0px; line-height: 1.6;\">Die in\u00a0&#8220;ACD075 LK&#8221;\u00a0eingesetzten Tenside, Netzmittel und Hilfsstoffe erf\u00fcllen in ihrer Abbaubarkeit die Anforderungen des deutschen Waschmittelgesetzes.<\/p>\n<p style=\"margin-bottom: 10px; margin-top: 30px;\"><strong>pH (konz.):<\/strong>2 &#8211; 4<\/p>\n","protected":false},"excerpt":{"rendered":"<p>UNTERHALTSREINIGER F\u00dcR TOILETTEN- UND BADEBEREICH Produkt beschreibung: &#8220;ACD075 LK&#8221; ist ein schonender Unterhaltsreiniger f\u00fcr alle Sanit\u00e4r-, K\u00fcchen- und B\u00e4derbereiche. Da das Produkt hochkonzentriert ist, gen\u00fcgt schon eine geringe Dosierung f\u00fcr die t\u00e4gliche Unterhaltsreinigung. Bei vorschriftsm\u00e4\u00dfiger Dosierung trocknet\u00a0&#8220;ACD075 LK&#8221;\u00a0ohne Schleierbildung auf Fliesen, Becken und Armaturen auf, woraus eine gro\u00dfe Kraft- und Arbeitsersparnis resultiert. Au\u00dferdem hinterl\u00e4sst das&#8230;<\/p>\n","protected":false},"featured_media":3842,"template":"","meta":[],"product_brand":[319],"product_cat":[453,414,444],"product_tag":[],"class_list":{"0":"post-3841","1":"product","2":"type-product","3":"status-publish","4":"has-post-thumbnail","6":"product_brand-chemie-spezial","7":"product_cat-sanitarie-un-vannas-istabas-tirisanas-lidzekli","8":"product_cat-chemie-spezial-produkti","9":"product_cat-gastronomija-un-partikas-razosana","11":"first","12":"instock","13":"shipping-taxable","14":"purchasable","15":"product-type-variable","16":"has-default-attributes"},"_links":{"self":[{"href":"https:\/\/e-flore.store\/lv\/wp-json\/wp\/v2\/product\/3841","targetHints":{"allow":["GET"]}}],"collection":[{"href":"https:\/\/e-flore.store\/lv\/wp-json\/wp\/v2\/product"}],"about":[{"href":"https:\/\/e-flore.store\/lv\/wp-json\/wp\/v2\/types\/product"}],"wp:featuredmedia":[{"embeddable":true,"href":"https:\/\/e-flore.store\/lv\/wp-json\/wp\/v2\/media\/3842"}],"wp:attachment":[{"href":"https:\/\/e-flore.store\/lv\/wp-json\/wp\/v2\/media?parent=3841"}],"wp:term":[{"taxonomy":"product_brand","embeddable":true,"href":"https:\/\/e-flore.store\/lv\/wp-json\/wp\/v2\/product_brand?post=3841"},{"taxonomy":"product_cat","embeddable":true,"href":"https:\/\/e-flore.store\/lv\/wp-json\/wp\/v2\/product_cat?post=3841"},{"taxonomy":"product_tag","embeddable":true,"href":"https:\/\/e-flore.store\/lv\/wp-json\/wp\/v2\/product_tag?post=3841"}],"curies":[{"name":"wp","href":"https:\/\/api.w.org\/{rel}","templated":true}]}}