{"id":3859,"date":"2026-02-03T16:02:00","date_gmt":"2026-02-03T14:02:00","guid":{"rendered":"https:\/\/demo8.izveide.id.lv\/?post_type=product&#038;p=3859"},"modified":"2026-03-26T15:08:58","modified_gmt":"2026-03-26T13:08:58","slug":"acd064-lk","status":"publish","type":"product","link":"https:\/\/e-flore.store\/lv\/produkts\/acd064-lk\/","title":{"rendered":"ACD064 LK"},"content":{"rendered":"<p><img decoding=\"async\" style=\"width: 100%; height: auto; display: block;\" src=\"\/wp-content\/uploads\/2026\/01\/ACD064-LK-PARENT_desc.jpg\" \/><\/p>\n<p style=\"margin-bottom: 10px; margin-top: 30px;\"><strong>DICKFL<\/strong><strong>\u00dc<\/strong><strong>SSIG REINIGER<\/strong><\/p>\n<p style=\"margin-bottom: 10px; margin-top: 30px;\"><strong>Produkt beschreibung:<\/strong><\/p>\n<p style=\"margin-bottom: 8px; margin-top: 0px; line-height: 1.6;\">&#8220;ACD064 LK&#8221; ist ein Spezialprodukt, welches sich seit vielen Jahren bew\u00e4hrt hat. Die Verwendungsgebiete f\u00fcr dieses sauer eingestellte Erzeugnis sind Toiletten, B\u00e4deranlagen, Freib\u00e4der u.a.<\/p>\n<p style=\"margin-bottom: 8px; margin-top: 0px; line-height: 1.6;\">&#8220;ACD064 LK&#8221;\u00a0ist speziell f\u00fcr den laufenden Einsatz entwickelt worden und wird dort mit Erfolg verwendet, wo mit s\u00e4urehaltigen Produkten preisg\u00fcnstig eine optimale Reinigungswirkung erzielt werdensoll.<\/p>\n<p style=\"margin-bottom: 8px; margin-top: 0px; line-height: 1.6;\">&#8220;ACD064 LK&#8221;\u00a0ist dickfl\u00fcssig eingestellt, so dass er an senkrechten Fl\u00e4chen nicht abl\u00e4uft und sich die Reinigungs- und L\u00f6sungswirkung durch eine gew\u00fcnschte l\u00e4ngere Einwirkungszeit verst\u00e4rkt.<\/p>\n<p style=\"margin-bottom: 8px; margin-top: 0px; line-height: 1.6;\">&#8220;ACD064 LK&#8221;\u00a0enth\u00e4lt einen Duftstoff, derf\u00fcr \u00dcberdeckung unangenehmer Ger\u00fcche in Industrietoiletten sorgt.<\/p>\n<p style=\"margin-bottom: 10px; margin-top: 30px;\"><strong>Verarbeitung:<\/strong><\/p>\n<p style=\"margin-bottom: 2px; margin-top: 0px; line-height: 1.4;\">Die Standardverd\u00fcnnung ist 1:20.<\/p>\n<p style=\"margin-bottom: 8px; margin-top: 0px; line-height: 1.6;\">Diese Dosierung ist f\u00fcr die meisten Reinigungsarbeiten geeignet. F\u00fcr die t\u00e4gliche Unterhaltsreinigung kann der\u00a0&#8220;ACD064 LK&#8221;\u00a0bis 1:100 mit Wasser verd\u00fcnnt werden.<\/p>\n<p style=\"margin-bottom: 8px; margin-top: 0px; line-height: 1.6;\">Bei starken Verkrustungen und Rostablagerungen kann das Erzeugnis auch unverd\u00fcnnt verwendet werden.<\/p>\n<p style=\"margin-bottom: 8px; margin-top: 0px; line-height: 1.6;\">Eingesetzt wird\u00a0&#8220;ACD064 LK&#8221;\u00a0haupts\u00e4chlich zur Reinigung von glasierten Becken und Wannen, Fliesen, Bodenkacheln, in Toiletten- und Badeanlagen sowie in Freib\u00e4dern zur Schwimmbeckenreinigung.<\/p>\n<p style=\"margin-bottom: 10px; margin-top: 30px;\"><strong>Hinweise:<\/strong><\/p>\n<p style=\"margin-bottom: 8px; margin-top: 0px; line-height: 1.6;\">Da\u00a0&#8220;ACD064 LK&#8221;\u00a0S\u00e4uren enth\u00e4lt, Haut, Augen und Kleidung sch\u00fctzen.<\/p>\n<p style=\"margin-bottom: 8px; margin-top: 0px; line-height: 1.6;\">Spritzer mit viel Wasser abwaschen. Nur auf s\u00e4urefesten Materialien verwenden. Im Zweifelsfall Probeauftrag vornehmen, um das Material auf Vertr\u00e4glichkeit zu pr\u00fcfen. Nicht geeignet f\u00fcr Chrom und Edelstahl.<\/p>\n<p style=\"margin-bottom: 2px; margin-top: 20px; line-height: 1.4;\"><strong>pH (konz.)<\/strong>: 2 &#8211; 4<\/p>\n","protected":false},"excerpt":{"rendered":"<p>DICKFL\u00dcSSIG REINIGER Produkt beschreibung: &#8220;ACD064 LK&#8221; ist ein Spezialprodukt, welches sich seit vielen Jahren bew\u00e4hrt hat. Die Verwendungsgebiete f\u00fcr dieses sauer eingestellte Erzeugnis sind Toiletten, B\u00e4deranlagen, Freib\u00e4der u.a. &#8220;ACD064 LK&#8221;\u00a0ist speziell f\u00fcr den laufenden Einsatz entwickelt worden und wird dort mit Erfolg verwendet, wo mit s\u00e4urehaltigen Produkten preisg\u00fcnstig eine optimale Reinigungswirkung erzielt werdensoll. &#8220;ACD064 LK&#8221;\u00a0ist&#8230;<\/p>\n","protected":false},"featured_media":3860,"template":"","meta":[],"product_brand":[319],"product_cat":[453,414,444],"product_tag":[],"class_list":{"0":"post-3859","1":"product","2":"type-product","3":"status-publish","4":"has-post-thumbnail","6":"product_brand-chemie-spezial","7":"product_cat-sanitarie-un-vannas-istabas-tirisanas-lidzekli","8":"product_cat-chemie-spezial-produkti","9":"product_cat-gastronomija-un-partikas-razosana","11":"first","12":"instock","13":"shipping-taxable","14":"purchasable","15":"product-type-variable","16":"has-default-attributes"},"_links":{"self":[{"href":"https:\/\/e-flore.store\/lv\/wp-json\/wp\/v2\/product\/3859","targetHints":{"allow":["GET"]}}],"collection":[{"href":"https:\/\/e-flore.store\/lv\/wp-json\/wp\/v2\/product"}],"about":[{"href":"https:\/\/e-flore.store\/lv\/wp-json\/wp\/v2\/types\/product"}],"wp:featuredmedia":[{"embeddable":true,"href":"https:\/\/e-flore.store\/lv\/wp-json\/wp\/v2\/media\/3860"}],"wp:attachment":[{"href":"https:\/\/e-flore.store\/lv\/wp-json\/wp\/v2\/media?parent=3859"}],"wp:term":[{"taxonomy":"product_brand","embeddable":true,"href":"https:\/\/e-flore.store\/lv\/wp-json\/wp\/v2\/product_brand?post=3859"},{"taxonomy":"product_cat","embeddable":true,"href":"https:\/\/e-flore.store\/lv\/wp-json\/wp\/v2\/product_cat?post=3859"},{"taxonomy":"product_tag","embeddable":true,"href":"https:\/\/e-flore.store\/lv\/wp-json\/wp\/v2\/product_tag?post=3859"}],"curies":[{"name":"wp","href":"https:\/\/api.w.org\/{rel}","templated":true}]}}