{"id":3877,"date":"2026-02-03T16:02:03","date_gmt":"2026-02-03T14:02:03","guid":{"rendered":"https:\/\/demo8.izveide.id.lv\/?post_type=product&#038;p=3877"},"modified":"2026-03-26T15:08:42","modified_gmt":"2026-03-26T13:08:42","slug":"alk037-lk","status":"publish","type":"product","link":"https:\/\/e-flore.store\/lv\/produkts\/alk037-lk\/","title":{"rendered":"ALK037 LK"},"content":{"rendered":"<p><img decoding=\"async\" style=\"width: 100%; height: auto; display: block;\" src=\"\/wp-content\/uploads\/2026\/01\/ALK037-LK-PARENT_desc.jpg\" \/><\/p>\n<p style=\"margin-bottom: 10px; margin-top: 30px;\"><strong>HOCHDRUCKREINIGER, GRILLREINIGER, KONVEKTOMATENREINIGER, RAUCHHARZENTFERNER, GRUNDREINIGER<\/strong><\/p>\n<p style=\"margin-bottom: 10px; margin-top: 30px;\"><strong>Anwendungsgebiete:<\/strong><\/p>\n<p style=\"margin-bottom: 8px; margin-top: 0px; line-height: 1.6;\">&#8220;ALK037 LK&#8221; ist ein geruchsmildes, extra stark alkalisches Reinigungskonzentrat auf Basis von hoch aktiven Reinigungskomponenten und starken Laugen.<\/p>\n<p style=\"margin-bottom: 8px; margin-top: 0px; line-height: 1.6;\">Er ist einsetzbar als Emulgiermittel f\u00fcr Mineral\u00f6le, Verseifungsmittel von organischen \u00d6len und Fetten sowie als Neutralisationsmittel f\u00fcr starke S\u00e4uren.<\/p>\n<p style=\"margin-bottom: 8px; margin-top: 0px; line-height: 1.6;\">&#8220;ALK037 LK&#8221;\u00a0ist f\u00fcr den Einsatz in Hochdruckger\u00e4ten gut geeignet. Ebenfalls findet er Verwendung in der Grundreinigung von Sanit\u00e4ranlagen, Frei-und Hallenb\u00e4dern, K\u00fcchen-und Lebensmittelbereiche und als Hallen-und Grubenreiniger.<\/p>\n<p style=\"margin-bottom: 8px; margin-top: 0px; line-height: 1.6;\">&#8220;ALK037 LK&#8221;\u00a0ist verwendbar auf Fliesen, Glas, Stein- und PVC-B\u00f6den, Kunststoffteilen, Emaille, Rohren und Armaturen, Edelstahl, Fassaden, Planen etc., jedoch sollte an verdeckter Stelle ein Probeauftrag durchgef\u00fchrt werden.<\/p>\n<p style=\"margin-bottom: 10px; margin-top: 30px;\"><strong>Verarbeitung:<\/strong><\/p>\n<p style=\"margin-bottom: 10px; margin-top: 30px;\">Unterhaltsreinigung:<\/p>\n<p style=\"margin-bottom: 8px; margin-top: 0px; line-height: 1.6;\">100 bis 350 ml (1 &#8211; 3 Tassen) auf einen Eimer Wasser (8 Ltr.) geben. Bei st\u00e4rkeren Verschmutzungen kann die Konzentration beliebig erh\u00f6ht werden.<\/p>\n<p style=\"margin-bottom: 8px; margin-top: 0px; line-height: 1.6;\">Grillreinigung:<\/p>\n<p style=\"margin-bottom: 2px; margin-top: 0px; line-height: 1.4;\">Konzentriert oder bis 1:10 mit Wasser verd\u00fcnnen.<\/p>\n<p style=\"margin-bottom: 2px; margin-top: 0px; line-height: 1.4;\">Hochdruckreinigung:<\/p>\n<p style=\"margin-bottom: 8px; margin-top: 0px; line-height: 1.6;\">F\u00fcr Hochdruckger\u00e4te sollte eine 25%ige Stamml\u00f6sung hergestellt werden. Konzentration im austretenden Strahl max 1-2%.<\/p>\n<p style=\"margin-bottom: 10px; margin-top: 30px;\"><strong>Hinweise:<\/strong><\/p>\n<p style=\"margin-bottom: 10px; margin-top: 30px;\">Material vor der Anwendung auf Vertr\u00e4glichkeit pr\u00fcfen!<\/p>\n<p style=\"margin-bottom: 10px; margin-top: 30px;\"><strong>pH:<\/strong>14,0 (Konz.)<\/p>\n","protected":false},"excerpt":{"rendered":"<p>HOCHDRUCKREINIGER, GRILLREINIGER, KONVEKTOMATENREINIGER, RAUCHHARZENTFERNER, GRUNDREINIGER Anwendungsgebiete: &#8220;ALK037 LK&#8221; ist ein geruchsmildes, extra stark alkalisches Reinigungskonzentrat auf Basis von hoch aktiven Reinigungskomponenten und starken Laugen. Er ist einsetzbar als Emulgiermittel f\u00fcr Mineral\u00f6le, Verseifungsmittel von organischen \u00d6len und Fetten sowie als Neutralisationsmittel f\u00fcr starke S\u00e4uren. &#8220;ALK037 LK&#8221;\u00a0ist f\u00fcr den Einsatz in Hochdruckger\u00e4ten gut geeignet. Ebenfalls findet er&#8230;<\/p>\n","protected":false},"featured_media":3878,"template":"","meta":[],"product_brand":[319],"product_cat":[450,414,453,444],"product_tag":[],"class_list":{"0":"post-3877","1":"product","2":"type-product","3":"status-publish","4":"has-post-thumbnail","6":"product_brand-chemie-spezial","7":"product_cat-grilu-cepeskrasnu-un-konvekcijas-krasnu-tirisanas-lidzekli","8":"product_cat-chemie-spezial-produkti","9":"product_cat-sanitarie-un-vannas-istabas-tirisanas-lidzekli","10":"product_cat-gastronomija-un-partikas-razosana","12":"first","13":"instock","14":"shipping-taxable","15":"purchasable","16":"product-type-variable","17":"has-default-attributes"},"_links":{"self":[{"href":"https:\/\/e-flore.store\/lv\/wp-json\/wp\/v2\/product\/3877","targetHints":{"allow":["GET"]}}],"collection":[{"href":"https:\/\/e-flore.store\/lv\/wp-json\/wp\/v2\/product"}],"about":[{"href":"https:\/\/e-flore.store\/lv\/wp-json\/wp\/v2\/types\/product"}],"wp:featuredmedia":[{"embeddable":true,"href":"https:\/\/e-flore.store\/lv\/wp-json\/wp\/v2\/media\/3878"}],"wp:attachment":[{"href":"https:\/\/e-flore.store\/lv\/wp-json\/wp\/v2\/media?parent=3877"}],"wp:term":[{"taxonomy":"product_brand","embeddable":true,"href":"https:\/\/e-flore.store\/lv\/wp-json\/wp\/v2\/product_brand?post=3877"},{"taxonomy":"product_cat","embeddable":true,"href":"https:\/\/e-flore.store\/lv\/wp-json\/wp\/v2\/product_cat?post=3877"},{"taxonomy":"product_tag","embeddable":true,"href":"https:\/\/e-flore.store\/lv\/wp-json\/wp\/v2\/product_tag?post=3877"}],"curies":[{"name":"wp","href":"https:\/\/api.w.org\/{rel}","templated":true}]}}