{"id":3889,"date":"2026-02-03T16:02:07","date_gmt":"2026-02-03T14:02:07","guid":{"rendered":"https:\/\/demo8.izveide.id.lv\/?post_type=product&#038;p=3889"},"modified":"2026-03-26T15:08:34","modified_gmt":"2026-03-26T13:08:34","slug":"alk1054-lk","status":"publish","type":"product","link":"https:\/\/e-flore.store\/lv\/produkts\/alk1054-lk\/","title":{"rendered":"ALK1054 LK"},"content":{"rendered":"<p><img decoding=\"async\" style=\"width: 100%; height: auto; display: block;\" src=\"\/wp-content\/uploads\/2026\/01\/ALK1054-LK-PARENT_desc.jpg\" \/><\/p>\n<p style=\"margin-bottom: 10px; margin-top: 30px;\"><strong>LEICHT ALKALISCHER REINIGER F\u00dcR DIE ENTFERNUNG VON ORGANISCHEN UND ANORGANISCHEN VERSCHMUTZUNGEN. ENTSCH\u00c4UMT<\/strong><\/p>\n<p style=\"margin-bottom: 10px; margin-top: 30px;\"><strong>Anwendungsgebiete:<\/strong><\/p>\n<p style=\"margin-bottom: 8px; margin-top: 0px; line-height: 1.6;\">&#8220;ALK1054 LK&#8221; ist ein leicht alkalischer Reiniger f\u00fcr die Entfernung von organischen und anorganischen Verschmutzungen. Er enth\u00e4lt keine stark \u00e4tzenden Alkalien.<\/p>\n<p style=\"margin-bottom: 8px; margin-top: 0px; line-height: 1.6;\">&#8220;ALK1054 LK&#8221;\u00a0ist ideal f\u00fcr die Verarbeitung in lebensmittelverarbeitenden Betrieben, (wie z. B. Schlachth\u00f6fen, Metzgereien, Melkbetrieben, B\u00e4ckereien etc.), f\u00fcr die PKW-Oberw\u00e4schen, Schwimmb\u00e4dern, Sanit\u00e4rr\u00e4umen, Textilien, Kunststofffl\u00e4chen, Werkstattb\u00f6den und zur Motorenw\u00e4sche geeignet. Glas, Aluminium, lackierte Fl\u00e4chen, Stein, Edelstahl, Kunststoffe, Nirosta, Keramik werden, bei sachgem\u00e4\u00dfer Anwendung, nicht angegriffen.<\/p>\n<p style=\"margin-bottom: 10px; margin-top: 30px;\"><strong>Verarbeitung:<\/strong><\/p>\n<p style=\"margin-bottom: 8px; margin-top: 0px; line-height: 1.6;\">&#8220;ALK1054 LK&#8221;\u00a0wird je nach Grad der Verschmutzung 1:50 &#8211; 1:200 mit Wasser verd\u00fcnnt, auf die Verschmutzungen aufgebracht und mit klarem Wasser aufgenommen oder mit einer Flitsche abgezogen bzw. bei senkrechten Fl\u00e4chen mit einem Tuch trockengerieben. Dieser Reiniger ist schaumreguliert und kann ohne Entsch\u00e4umerzusatz in Reinigungsautomaten eingesetzt werden. Vor der Erstanwendung einen Probeauftrag an verdeckter Stelle vornehmen. Bei der Verwendung Schutzhandschuhe und Schutzbrille tragen.<\/p>\n<p style=\"margin-bottom: 10px; margin-top: 30px;\"><strong>Hinweise:<\/strong><\/p>\n<p style=\"margin-bottom: 8px; margin-top: 0px; line-height: 1.6;\">&#8220;ALK1054 LK&#8221;\u00a0wirkt trotz seiner hohen Reinigungskraft nicht aggressiv. Aufgrund spezieller Schutzinhibitoren kann\u00a0&#8220;ALK1054 LK&#8221;\u00a0auf nahezu allen Materialien verwendet werden. Die Inhaltsstoffe \u00fcbertreffen in ihrer Abbaubarkeit die Anforderungen des deutschen Waschmittelgesetzes. Frei von L\u00f6sungsmitteln, Alkalien, Konservierungsstoffen und Aldehyden.<\/p>\n<p style=\"margin-bottom: 10px; margin-top: 30px;\"><strong>pH:<\/strong>11,0 (Konz.)<\/p>\n","protected":false},"excerpt":{"rendered":"<p>LEICHT ALKALISCHER REINIGER F\u00dcR DIE ENTFERNUNG VON ORGANISCHEN UND ANORGANISCHEN VERSCHMUTZUNGEN. ENTSCH\u00c4UMT Anwendungsgebiete: &#8220;ALK1054 LK&#8221; ist ein leicht alkalischer Reiniger f\u00fcr die Entfernung von organischen und anorganischen Verschmutzungen. Er enth\u00e4lt keine stark \u00e4tzenden Alkalien. &#8220;ALK1054 LK&#8221;\u00a0ist ideal f\u00fcr die Verarbeitung in lebensmittelverarbeitenden Betrieben, (wie z. B. Schlachth\u00f6fen, Metzgereien, Melkbetrieben, B\u00e4ckereien etc.), f\u00fcr die PKW-Oberw\u00e4schen, Schwimmb\u00e4dern,&#8230;<\/p>\n","protected":false},"featured_media":3890,"template":"","meta":[],"product_brand":[319],"product_cat":[447,414,444],"product_tag":[],"class_list":{"0":"post-3889","1":"product","2":"type-product","3":"status-publish","4":"has-post-thumbnail","6":"product_brand-chemie-spezial","7":"product_cat-tirisanas-un-attaukosanas-lidzekli-komercialam-virtuvem","8":"product_cat-chemie-spezial-produkti","9":"product_cat-gastronomija-un-partikas-razosana","11":"first","12":"instock","13":"shipping-taxable","14":"purchasable","15":"product-type-variable","16":"has-default-attributes"},"_links":{"self":[{"href":"https:\/\/e-flore.store\/lv\/wp-json\/wp\/v2\/product\/3889","targetHints":{"allow":["GET"]}}],"collection":[{"href":"https:\/\/e-flore.store\/lv\/wp-json\/wp\/v2\/product"}],"about":[{"href":"https:\/\/e-flore.store\/lv\/wp-json\/wp\/v2\/types\/product"}],"wp:featuredmedia":[{"embeddable":true,"href":"https:\/\/e-flore.store\/lv\/wp-json\/wp\/v2\/media\/3890"}],"wp:attachment":[{"href":"https:\/\/e-flore.store\/lv\/wp-json\/wp\/v2\/media?parent=3889"}],"wp:term":[{"taxonomy":"product_brand","embeddable":true,"href":"https:\/\/e-flore.store\/lv\/wp-json\/wp\/v2\/product_brand?post=3889"},{"taxonomy":"product_cat","embeddable":true,"href":"https:\/\/e-flore.store\/lv\/wp-json\/wp\/v2\/product_cat?post=3889"},{"taxonomy":"product_tag","embeddable":true,"href":"https:\/\/e-flore.store\/lv\/wp-json\/wp\/v2\/product_tag?post=3889"}],"curies":[{"name":"wp","href":"https:\/\/api.w.org\/{rel}","templated":true}]}}