{"id":3901,"date":"2026-02-03T16:02:09","date_gmt":"2026-02-03T14:02:09","guid":{"rendered":"https:\/\/demo8.izveide.id.lv\/?post_type=product&#038;p=3901"},"modified":"2026-03-26T15:08:26","modified_gmt":"2026-03-26T13:08:26","slug":"alk101-lk","status":"publish","type":"product","link":"https:\/\/e-flore.store\/lv\/produkts\/alk101-lk\/","title":{"rendered":"ALK101 LK"},"content":{"rendered":"<p><img decoding=\"async\" style=\"width: 100%; height: auto; display: block;\" src=\"\/wp-content\/uploads\/2026\/01\/ALK101-LK-PARENT_desc.jpg\" \/><\/p>\n<p style=\"margin-bottom: 10px; margin-top: 30px;\"><strong>REINIGER F\u00dcR DIE LEBENSMITTELINDUSTRIE<\/strong><\/p>\n<p style=\"margin-bottom: 10px; margin-top: 30px;\"><strong>Produkt beschreibung:<\/strong><\/p>\n<p style=\"margin-bottom: 8px; margin-top: 0px; line-height: 1.6;\">&#8220;ALK101 LK&#8221; ist ein speziell auf die Entfernung von Eiwei\u00df-, St\u00e4rke- und Fettverschmutzungen abgestimmter Reiniger. Ideal f\u00fcr die Reinigung in lebensmittelverarbeitenden Betrieben, wie z. B. in Schlachth\u00f6fen, Metzgereien, Melkbetrieben uva. Spezielle Eiwei\u00df- und Fettl\u00f6ser spalten diese Bausteine und bringen sie so in eine leicht l\u00f6sliche Form.<\/p>\n<p style=\"margin-bottom: 10px; margin-top: 30px;\"><strong>Verarbeitung:<\/strong><\/p>\n<p style=\"margin-bottom: 2px; margin-top: 0px; line-height: 1.4;\">&#8220;ALK101 LK&#8221;\u00a01:10 &#8211; 1:50 mit Wasser verd\u00fcnnen, auf die Verschmutzungen aufbringen, 1 &#8211; 5 Minuten einwirken lassen und mit klarem Wasser aufnehmen oder abziehen.<\/p>\n<p style=\"margin-bottom: 8px; margin-top: 0px; line-height: 1.6;\">&#8220;ALK101 LK&#8221;\u00a0kann auch unter Zusatz von Entsch\u00e4umer in Reinigungsautomaten eingesetzt werden. Hierf\u00fcr\u00a0&#8220;ALK101 LK&#8221;\u00a01:50 &#8211; 1:75 mit Wasser verd\u00fcnnen und der hergestellten Reinigungsflotte ca. 0,5 &#8211; 1,0 % Entsch\u00e4umer zusetzen.<\/p>\n<p style=\"margin-bottom: 10px; margin-top: 30px;\"><strong>Hinweise:<\/strong><\/p>\n<p style=\"margin-bottom: 8px; margin-top: 0px; line-height: 1.6;\">&#8220;ALK101 LK&#8221;\u00a0wirkt trotz seiner hohen Reinigungskraft nicht aggressiv. Da der pH-Wert bei 9,5 liegt, kann\u00a0&#8220;ALK101 LK&#8221;\u00a0auf nahezu allen Materialien verwendet werden. Die Inhaltsstoffe \u00fcbertreffen in ihrer Abbaubarkeit die Anforderungen des deutschen Waschmittelgesetzes. Frei von L\u00f6sungsmitteln, Alkalien, Konservierungsstoffen und Aldehyden.<\/p>\n<p style=\"margin-bottom: 10px; margin-top: 30px;\"><strong>pH (konz.):<\/strong>8 &#8211; 10<\/p>\n","protected":false},"excerpt":{"rendered":"<p>REINIGER F\u00dcR DIE LEBENSMITTELINDUSTRIE Produkt beschreibung: &#8220;ALK101 LK&#8221; ist ein speziell auf die Entfernung von Eiwei\u00df-, St\u00e4rke- und Fettverschmutzungen abgestimmter Reiniger. Ideal f\u00fcr die Reinigung in lebensmittelverarbeitenden Betrieben, wie z. B. in Schlachth\u00f6fen, Metzgereien, Melkbetrieben uva. Spezielle Eiwei\u00df- und Fettl\u00f6ser spalten diese Bausteine und bringen sie so in eine leicht l\u00f6sliche Form. Verarbeitung: &#8220;ALK101 LK&#8221;\u00a01:10&#8230;<\/p>\n","protected":false},"featured_media":3902,"template":"","meta":[],"product_brand":[319],"product_cat":[447,414,444],"product_tag":[],"class_list":{"0":"post-3901","1":"product","2":"type-product","3":"status-publish","4":"has-post-thumbnail","6":"product_brand-chemie-spezial","7":"product_cat-tirisanas-un-attaukosanas-lidzekli-komercialam-virtuvem","8":"product_cat-chemie-spezial-produkti","9":"product_cat-gastronomija-un-partikas-razosana","11":"first","12":"instock","13":"shipping-taxable","14":"purchasable","15":"product-type-variable","16":"has-default-attributes"},"_links":{"self":[{"href":"https:\/\/e-flore.store\/lv\/wp-json\/wp\/v2\/product\/3901","targetHints":{"allow":["GET"]}}],"collection":[{"href":"https:\/\/e-flore.store\/lv\/wp-json\/wp\/v2\/product"}],"about":[{"href":"https:\/\/e-flore.store\/lv\/wp-json\/wp\/v2\/types\/product"}],"wp:featuredmedia":[{"embeddable":true,"href":"https:\/\/e-flore.store\/lv\/wp-json\/wp\/v2\/media\/3902"}],"wp:attachment":[{"href":"https:\/\/e-flore.store\/lv\/wp-json\/wp\/v2\/media?parent=3901"}],"wp:term":[{"taxonomy":"product_brand","embeddable":true,"href":"https:\/\/e-flore.store\/lv\/wp-json\/wp\/v2\/product_brand?post=3901"},{"taxonomy":"product_cat","embeddable":true,"href":"https:\/\/e-flore.store\/lv\/wp-json\/wp\/v2\/product_cat?post=3901"},{"taxonomy":"product_tag","embeddable":true,"href":"https:\/\/e-flore.store\/lv\/wp-json\/wp\/v2\/product_tag?post=3901"}],"curies":[{"name":"wp","href":"https:\/\/api.w.org\/{rel}","templated":true}]}}