{"id":3907,"date":"2026-02-03T16:02:10","date_gmt":"2026-02-03T14:02:10","guid":{"rendered":"https:\/\/demo8.izveide.id.lv\/?post_type=product&#038;p=3907"},"modified":"2026-03-26T15:08:22","modified_gmt":"2026-03-26T13:08:22","slug":"acd204-lk","status":"publish","type":"product","link":"https:\/\/e-flore.store\/lv\/produkts\/acd204-lk\/","title":{"rendered":"ACD204 LK"},"content":{"rendered":"<p><img decoding=\"async\" style=\"width: 100%; height: auto; display: block;\" src=\"\/wp-content\/uploads\/2026\/01\/ACD204-LK-PARENT_desc.jpg\" \/><\/p>\n<p style=\"margin-bottom: 10px; margin-top: 30px;\"><strong>HOCHKONZENTRIERTER, BIOLOGISCH VOLL ABBAUBARER NEUTRALREINIGER<\/strong><\/p>\n<p style=\"margin-bottom: 10px; margin-top: 30px;\"><strong>Produkt beschreibung:<\/strong><\/p>\n<p style=\"margin-bottom: 8px; margin-top: 0px; line-height: 1.6;\">&#8220;ACD204 LK&#8221; enth\u00e4lt nat\u00fcrliche Citrusterpene und hat hervorragende Reinigungs- und Fettl\u00f6sekraft. Es beseitigt m\u00fchelos alle Arten von t\u00e4glich anfallenden Verschmutzungen.\u00a0&#8220;ACD204 LK&#8221;\u00a0ist anwendbar auf allen abwaschbaren Fl\u00e4chen. Auch f\u00fcr die Fleckenentfernung aus Textilien geeignet.<\/p>\n<p style=\"margin-bottom: 10px; margin-top: 30px;\"><strong>Verarbeitung:<\/strong><\/p>\n<p style=\"margin-bottom: 2px; margin-top: 0px; line-height: 1.4;\">&#8220;ACD204 LK&#8221;\u00a0je nach Grad der Verschmutzungen 1:50 &#8211; 1:200 mit Wasser verd\u00fcnnen.\u00a0&#8220;ACD204 LK&#8221;\u00a0greift kein Glas, Zink, Aluminium, lackierte Fl\u00e4chen, Stein oder Kunststoffe an. Auf Textilien Probeauftrag zur \u00dcberpr\u00fcfung der Farbechtheit durchf\u00fchren.<\/p>\n<p style=\"margin-bottom: 10px; margin-top: 30px;\"><strong>Hinweise:<\/strong><\/p>\n<p style=\"margin-bottom: 8px; margin-top: 0px; line-height: 1.6;\">&#8220;ACD204 LK&#8221;\u00a0enth\u00e4lt &lt;5 % nichtionische Tenside, &lt;5 % anionischen Tenside, Alkohole, Orangen\u00f6le und Duftstoffe.<\/p>\n<p style=\"margin-bottom: 10px; margin-top: 30px;\"><strong>pH:<\/strong>1,0 (Konz.)<\/p>\n","protected":false},"excerpt":{"rendered":"<p>HOCHKONZENTRIERTER, BIOLOGISCH VOLL ABBAUBARER NEUTRALREINIGER Produkt beschreibung: &#8220;ACD204 LK&#8221; enth\u00e4lt nat\u00fcrliche Citrusterpene und hat hervorragende Reinigungs- und Fettl\u00f6sekraft. Es beseitigt m\u00fchelos alle Arten von t\u00e4glich anfallenden Verschmutzungen.\u00a0&#8220;ACD204 LK&#8221;\u00a0ist anwendbar auf allen abwaschbaren Fl\u00e4chen. Auch f\u00fcr die Fleckenentfernung aus Textilien geeignet. Verarbeitung: &#8220;ACD204 LK&#8221;\u00a0je nach Grad der Verschmutzungen 1:50 &#8211; 1:200 mit Wasser verd\u00fcnnen.\u00a0&#8220;ACD204 LK&#8221;\u00a0greift kein&#8230;<\/p>\n","protected":false},"featured_media":3908,"template":"","meta":[],"product_brand":[319],"product_cat":[447,414,444],"product_tag":[],"class_list":{"0":"post-3907","1":"product","2":"type-product","3":"status-publish","4":"has-post-thumbnail","6":"product_brand-chemie-spezial","7":"product_cat-tirisanas-un-attaukosanas-lidzekli-komercialam-virtuvem","8":"product_cat-chemie-spezial-produkti","9":"product_cat-gastronomija-un-partikas-razosana","11":"first","12":"instock","13":"shipping-taxable","14":"purchasable","15":"product-type-variable","16":"has-default-attributes"},"_links":{"self":[{"href":"https:\/\/e-flore.store\/lv\/wp-json\/wp\/v2\/product\/3907","targetHints":{"allow":["GET"]}}],"collection":[{"href":"https:\/\/e-flore.store\/lv\/wp-json\/wp\/v2\/product"}],"about":[{"href":"https:\/\/e-flore.store\/lv\/wp-json\/wp\/v2\/types\/product"}],"wp:featuredmedia":[{"embeddable":true,"href":"https:\/\/e-flore.store\/lv\/wp-json\/wp\/v2\/media\/3908"}],"wp:attachment":[{"href":"https:\/\/e-flore.store\/lv\/wp-json\/wp\/v2\/media?parent=3907"}],"wp:term":[{"taxonomy":"product_brand","embeddable":true,"href":"https:\/\/e-flore.store\/lv\/wp-json\/wp\/v2\/product_brand?post=3907"},{"taxonomy":"product_cat","embeddable":true,"href":"https:\/\/e-flore.store\/lv\/wp-json\/wp\/v2\/product_cat?post=3907"},{"taxonomy":"product_tag","embeddable":true,"href":"https:\/\/e-flore.store\/lv\/wp-json\/wp\/v2\/product_tag?post=3907"}],"curies":[{"name":"wp","href":"https:\/\/api.w.org\/{rel}","templated":true}]}}