{"id":3919,"date":"2026-02-03T16:02:11","date_gmt":"2026-02-03T14:02:11","guid":{"rendered":"https:\/\/demo8.izveide.id.lv\/?post_type=product&#038;p=3919"},"modified":"2026-03-26T15:08:17","modified_gmt":"2026-03-26T13:08:17","slug":"alk1367-lk","status":"publish","type":"product","link":"https:\/\/e-flore.store\/lv\/produkts\/alk1367-lk\/","title":{"rendered":"ALK1367 LK"},"content":{"rendered":"<p><img decoding=\"async\" style=\"width: 100%; height: auto; display: block;\" src=\"\/wp-content\/uploads\/2026\/01\/ALK1367-LK-PARENT_desc.jpg\" \/><\/p>\n<p style=\"margin-bottom: 10px; margin-top: 30px;\"><strong>ALKALISCHER SCHAUMAKTIVER REINIGER<\/strong><\/p>\n<p style=\"margin-bottom: 10px; margin-top: 30px;\"><strong>Anwendungsgebiete:<\/strong><\/p>\n<p style=\"margin-bottom: 8px; margin-top: 0px; line-height: 1.6;\">&#8220;ALK1367 LK&#8221; ist ein stark sch\u00e4umender Reiniger f\u00fcr den Lebensmittel- und Industriebereich. Er reinigt hygienisch rein. &#8220;ALK1367 LK&#8221;\u00a0spaltet Eiwei\u00df\/ Proteine, Fett und andere organische Verschmutzungen.<\/p>\n<p style=\"margin-bottom: 10px; margin-top: 30px;\"><strong>Verarbeitung:<\/strong><\/p>\n<p style=\"margin-bottom: 8px; margin-top: 0px; line-height: 1.6;\">&#8220;ALK1367 LK&#8221;\u00a0wird je nach Grad der Verschmutzung in einer Konzentration von 5 bis 10% mittels Schaumkanone (Schaumlanze) auf die Verschmutzung aufgetragen. Anschlie\u00dfend wird mit klarem Wasser gr\u00fcndlich nachgesp\u00fclt.<\/p>\n<p style=\"margin-bottom: 10px; margin-top: 30px;\"><strong>pH:<\/strong>12,7 (Konz.)<\/p>\n","protected":false},"excerpt":{"rendered":"<p>ALKALISCHER SCHAUMAKTIVER REINIGER Anwendungsgebiete: &#8220;ALK1367 LK&#8221; ist ein stark sch\u00e4umender Reiniger f\u00fcr den Lebensmittel- und Industriebereich. Er reinigt hygienisch rein. &#8220;ALK1367 LK&#8221;\u00a0spaltet Eiwei\u00df\/ Proteine, Fett und andere organische Verschmutzungen. Verarbeitung: &#8220;ALK1367 LK&#8221;\u00a0wird je nach Grad der Verschmutzung in einer Konzentration von 5 bis 10% mittels Schaumkanone (Schaumlanze) auf die Verschmutzung aufgetragen. Anschlie\u00dfend wird mit klarem&#8230;<\/p>\n","protected":false},"featured_media":3920,"template":"","meta":[],"product_brand":[319],"product_cat":[447,414,444],"product_tag":[],"class_list":{"0":"post-3919","1":"product","2":"type-product","3":"status-publish","4":"has-post-thumbnail","6":"product_brand-chemie-spezial","7":"product_cat-tirisanas-un-attaukosanas-lidzekli-komercialam-virtuvem","8":"product_cat-chemie-spezial-produkti","9":"product_cat-gastronomija-un-partikas-razosana","11":"first","12":"instock","13":"shipping-taxable","14":"purchasable","15":"product-type-variable","16":"has-default-attributes"},"_links":{"self":[{"href":"https:\/\/e-flore.store\/lv\/wp-json\/wp\/v2\/product\/3919","targetHints":{"allow":["GET"]}}],"collection":[{"href":"https:\/\/e-flore.store\/lv\/wp-json\/wp\/v2\/product"}],"about":[{"href":"https:\/\/e-flore.store\/lv\/wp-json\/wp\/v2\/types\/product"}],"wp:featuredmedia":[{"embeddable":true,"href":"https:\/\/e-flore.store\/lv\/wp-json\/wp\/v2\/media\/3920"}],"wp:attachment":[{"href":"https:\/\/e-flore.store\/lv\/wp-json\/wp\/v2\/media?parent=3919"}],"wp:term":[{"taxonomy":"product_brand","embeddable":true,"href":"https:\/\/e-flore.store\/lv\/wp-json\/wp\/v2\/product_brand?post=3919"},{"taxonomy":"product_cat","embeddable":true,"href":"https:\/\/e-flore.store\/lv\/wp-json\/wp\/v2\/product_cat?post=3919"},{"taxonomy":"product_tag","embeddable":true,"href":"https:\/\/e-flore.store\/lv\/wp-json\/wp\/v2\/product_tag?post=3919"}],"curies":[{"name":"wp","href":"https:\/\/api.w.org\/{rel}","templated":true}]}}