{"id":3925,"date":"2026-02-03T16:02:12","date_gmt":"2026-02-03T14:02:12","guid":{"rendered":"https:\/\/demo8.izveide.id.lv\/?post_type=product&#038;p=3925"},"modified":"2026-03-26T15:08:07","modified_gmt":"2026-03-26T13:08:07","slug":"alk065-lk","status":"publish","type":"product","link":"https:\/\/e-flore.store\/lv\/produkts\/alk065-lk\/","title":{"rendered":"ALK065 LK"},"content":{"rendered":"<p><img decoding=\"async\" style=\"width: 100%; height: auto; display: block;\" src=\"\/wp-content\/uploads\/2026\/01\/ALK065-LK-PARENT_desc.jpg\" \/><\/p>\n<p style=\"margin-bottom: 10px; margin-top: 30px;\"><strong>MOTORENW<\/strong>\u00c4<strong>SCHE UND DIE UNTERBODENW<\/strong>\u00c4<strong>SCHE<\/strong><\/p>\n<p style=\"margin-bottom: 10px; margin-top: 30px;\"><strong>Produkt beschreibung:<\/strong><\/p>\n<p style=\"margin-bottom: 8px; margin-top: 0px; line-height: 1.6;\">&#8220;ALK065 LK&#8221; wurde speziell f\u00fcr den industriellen Einsatz entwickelt und soll an Stelle der Reinigungsmittel treten, die chlorierte Kohlenwasserstoffe als L\u00f6sungsmittel enthalten. Mit\u00a0&#8220;ALK065 LK&#8221;\u00a0k\u00f6nnen problemlos alle bisher verwendeten l\u00f6sungsmittelhaltigen Reinigungsmittel ersetzt werden. Das Produkt enth\u00e4lt einen Korrosionsschutz, der gegen Rostbildung nach der Reinigung und Entfettung der Fl\u00e4chen wirksam ist.<\/p>\n<p style=\"margin-bottom: 8px; margin-top: 0px; line-height: 1.6;\">&#8220;ALK065 LK&#8221;\u00a0ist trotz seiner Alkalit\u00e4t bedingt aluminiumvertr\u00e4glich.<\/p>\n<p style=\"margin-bottom: 10px; margin-top: 30px;\"><strong>Verarbeitung:<\/strong><\/p>\n<p style=\"margin-bottom: 2px; margin-top: 0px; line-height: 1.4;\">&#8220;ALK065 LK&#8221;\u00a0je nach Verschmutzung 1:1 bis 1:100 mit Wasser verd\u00fcnnen.<\/p>\n<p style=\"margin-bottom: 2px; margin-top: 0px; line-height: 1.4;\">Bei der Behandlung von Aluminiumfl\u00e4chen minimal 1:10 verd\u00fcnnen.<\/p>\n<p style=\"margin-bottom: 8px; margin-top: 0px; line-height: 1.6;\">Das Haupteinsatzgebiet liegt in der S\u00e4uberung von Maschinen, Motoren, Industrieanlagen, Felgen und stark verschmutzten Bau- und Speditionsfahrzeugen.<\/p>\n<p style=\"margin-bottom: 8px; margin-top: 0px; line-height: 1.6;\">&#8220;ALK065 LK&#8221;\u00a0ist ein ausgezeichnetes Entfettungsmittel f\u00fcr die metallverarbeitende Industrie.<\/p>\n<p style=\"margin-bottom: 8px; margin-top: 0px; line-height: 1.6;\">Stahl, Gusseisen, Kupfer, Messing, Aluminium (in angegebener Dosierung), Beton, Stein und Glas werden von\u00a0&#8220;ALK065 LK&#8221;\u00a0nicht angegriffen.<\/p>\n<p style=\"margin-bottom: 10px; margin-top: 30px;\"><strong>Hinweise:<\/strong><\/p>\n<p style=\"margin-bottom: 8px; margin-top: 0px; line-height: 1.6;\">&#8220;ALK065 LK&#8221;\u00a0ist frei von S\u00e4uren, Aldehyden, freien Halogenen, Phenolverbindungen, chlorierten Kohlenwasserstoffen, PCB, PCP und anderen, die Umwelt besonders belastenden, Stoffen.<\/p>\n<p style=\"margin-bottom: 8px; margin-top: 0px; line-height: 1.6;\">&#8220;ALK065 LK&#8221;\u00a0erf\u00fcllt in seiner Abbaubarkeit, nach OECD-Methode, die Anforderungen des deutschen Waschmittelgesetzes.<\/p>\n<p style=\"margin-bottom: 10px; margin-top: 30px;\"><strong>pH (konz.):<\/strong>10 &#8211; 12<\/p>\n","protected":false},"excerpt":{"rendered":"<p>MOTORENW\u00c4SCHE UND DIE UNTERBODENW\u00c4SCHE Produkt beschreibung: &#8220;ALK065 LK&#8221; wurde speziell f\u00fcr den industriellen Einsatz entwickelt und soll an Stelle der Reinigungsmittel treten, die chlorierte Kohlenwasserstoffe als L\u00f6sungsmittel enthalten. Mit\u00a0&#8220;ALK065 LK&#8221;\u00a0k\u00f6nnen problemlos alle bisher verwendeten l\u00f6sungsmittelhaltigen Reinigungsmittel ersetzt werden. Das Produkt enth\u00e4lt einen Korrosionsschutz, der gegen Rostbildung nach der Reinigung und Entfettung der Fl\u00e4chen wirksam ist&#8230;.<\/p>\n","protected":false},"featured_media":3926,"template":"","meta":[],"product_brand":[],"product_cat":[417,420,414,432,441],"product_tag":[],"class_list":{"0":"post-3925","1":"product","2":"type-product","3":"status-publish","4":"has-post-thumbnail","6":"product_cat-industrija","7":"product_cat-tirisana-un-attaukosana","8":"product_cat-chemie-spezial-produkti","9":"product_cat-automasinu-motociklu-un-kravas-automasinu-tirisana","10":"product_cat-specialie-un-disku-tirisanas-lidzekli","12":"first","13":"instock","14":"shipping-taxable","15":"purchasable","16":"product-type-variable","17":"has-default-attributes"},"_links":{"self":[{"href":"https:\/\/e-flore.store\/lv\/wp-json\/wp\/v2\/product\/3925","targetHints":{"allow":["GET"]}}],"collection":[{"href":"https:\/\/e-flore.store\/lv\/wp-json\/wp\/v2\/product"}],"about":[{"href":"https:\/\/e-flore.store\/lv\/wp-json\/wp\/v2\/types\/product"}],"wp:featuredmedia":[{"embeddable":true,"href":"https:\/\/e-flore.store\/lv\/wp-json\/wp\/v2\/media\/3926"}],"wp:attachment":[{"href":"https:\/\/e-flore.store\/lv\/wp-json\/wp\/v2\/media?parent=3925"}],"wp:term":[{"taxonomy":"product_brand","embeddable":true,"href":"https:\/\/e-flore.store\/lv\/wp-json\/wp\/v2\/product_brand?post=3925"},{"taxonomy":"product_cat","embeddable":true,"href":"https:\/\/e-flore.store\/lv\/wp-json\/wp\/v2\/product_cat?post=3925"},{"taxonomy":"product_tag","embeddable":true,"href":"https:\/\/e-flore.store\/lv\/wp-json\/wp\/v2\/product_tag?post=3925"}],"curies":[{"name":"wp","href":"https:\/\/api.w.org\/{rel}","templated":true}]}}