{"id":3936,"date":"2026-02-03T16:02:17","date_gmt":"2026-02-03T14:02:17","guid":{"rendered":"https:\/\/demo8.izveide.id.lv\/?post_type=product&#038;p=3936"},"modified":"2026-03-26T15:07:55","modified_gmt":"2026-03-26T13:07:55","slug":"neu001-lk","status":"publish","type":"product","link":"https:\/\/e-flore.store\/lv\/produkts\/neu001-lk\/","title":{"rendered":"NEU001 LK"},"content":{"rendered":"<p><img decoding=\"async\" style=\"width: 100%; height: auto; display: block;\" src=\"\/wp-content\/uploads\/2026\/01\/NEU001-LK-PARENT_desc.jpg\" \/><\/p>\n<p style=\"margin-bottom: 10px; margin-top: 30px;\"><strong>AKTIV DUFT\u00d6L<\/strong><\/p>\n<p style=\"margin-bottom: 10px; margin-top: 30px;\"><strong>Anwendungsgebiete:<\/strong><\/p>\n<p style=\"margin-bottom: 8px; margin-top: 0px; line-height: 1.6;\">\u00c4u\u00dferst wirksammes Duft\u00f6l, welches bestens im Innenraum eingesetzt werden kann, damit \u00fcble Ger\u00fcche von z.B. nassen Hunden, Rauch oder versch\u00fctteten Essensreste \u00fcberdeckt werden.<\/p>\n<p style=\"margin-bottom: 8px; margin-top: 0px; line-height: 1.6;\">&#8220;NEU001 LK&#8221; ist ein Raumduftdesodorant f\u00fcr stark geruchsbelastete Bereiche. Es wird bevorzugt in \u00f6ffentliche Toiletten, B\u00e4der, Schlachtereien und vielen anderen Bereichen eingesetzt. Speziell ausgew\u00e4hlte Komponenten \u00fcberdecken und binden starke Ger\u00fcche schnell und zuverl\u00e4ssig.<\/p>\n<p style=\"margin-bottom: 10px; margin-top: 30px;\"><strong>Verarbeitung:<\/strong><\/p>\n<p style=\"margin-bottom: 2px; margin-top: 0px; line-height: 1.4;\">&#8220;NEU001 LK&#8221;\u00a0konzentriert oder bis 1:20 mit Wasser verd\u00fcnnt in den belasteten Bereichen verspr\u00fchen oder einfach an einer verdeckten Stelle verteilen.<\/p>\n<p style=\"margin-bottom: 8px; margin-top: 0px; line-height: 1.6;\">Es kann zus\u00e4tzlich herk\u00f6mmlichen Reinigungsprodukten zugemischt werden.<\/p>\n<p style=\"margin-bottom: 8px; margin-top: 0px; line-height: 1.6;\">Tipp:\u00a0&#8220;NEU001 LK&#8221;\u00a0kann problemlos in den Auffangtank einer WC-B\u00fcrste zugegeben werden, damit die starken Ger\u00fcche im ganzen Raum neutralisiert werden.<\/p>\n<p style=\"margin-bottom: 10px; margin-top: 30px;\"><strong>Hinweise:<\/strong><\/p>\n<p style=\"margin-bottom: 8px; margin-top: 0px; line-height: 1.6;\">&#8220;NEU001 LK&#8221;\u00a0ist laut Gefahrstoffverordnung kein gef\u00e4hrlicher Arbeitsstoff und deshalb nicht kennzeichnungspflichtig. Erzeugnis nur auf wasserfesten Fl\u00e4chen und Materialien verwenden. Bei der Erstanwendung an einer verdeckten Stelle Probeauftrag vornehmen.\u00a0&#8220;NEU001 LK&#8221;\u00a0erf\u00fcllt in seiner Abbaubarkeit die Anforderungen des Deutschen Waschmittelgesetzes.<\/p>\n<p style=\"margin-bottom: 10px; margin-top: 30px;\"><strong>pH: <\/strong>7,0 (bei 20 \u00b0C)<\/p>\n","protected":false},"excerpt":{"rendered":"<p>AKTIV DUFT\u00d6L Anwendungsgebiete: \u00c4u\u00dferst wirksammes Duft\u00f6l, welches bestens im Innenraum eingesetzt werden kann, damit \u00fcble Ger\u00fcche von z.B. nassen Hunden, Rauch oder versch\u00fctteten Essensreste \u00fcberdeckt werden. &#8220;NEU001 LK&#8221; ist ein Raumduftdesodorant f\u00fcr stark geruchsbelastete Bereiche. Es wird bevorzugt in \u00f6ffentliche Toiletten, B\u00e4der, Schlachtereien und vielen anderen Bereichen eingesetzt. Speziell ausgew\u00e4hlte Komponenten \u00fcberdecken und binden starke&#8230;<\/p>\n","protected":false},"featured_media":3937,"template":"","meta":[],"product_brand":[319],"product_cat":[441,414,432],"product_tag":[],"class_list":{"0":"post-3936","1":"product","2":"type-product","3":"status-publish","4":"has-post-thumbnail","6":"product_brand-chemie-spezial","7":"product_cat-specialie-un-disku-tirisanas-lidzekli","8":"product_cat-chemie-spezial-produkti","9":"product_cat-automasinu-motociklu-un-kravas-automasinu-tirisana","11":"first","12":"instock","13":"shipping-taxable","14":"purchasable","15":"product-type-variable","16":"has-default-attributes"},"_links":{"self":[{"href":"https:\/\/e-flore.store\/lv\/wp-json\/wp\/v2\/product\/3936","targetHints":{"allow":["GET"]}}],"collection":[{"href":"https:\/\/e-flore.store\/lv\/wp-json\/wp\/v2\/product"}],"about":[{"href":"https:\/\/e-flore.store\/lv\/wp-json\/wp\/v2\/types\/product"}],"wp:featuredmedia":[{"embeddable":true,"href":"https:\/\/e-flore.store\/lv\/wp-json\/wp\/v2\/media\/3937"}],"wp:attachment":[{"href":"https:\/\/e-flore.store\/lv\/wp-json\/wp\/v2\/media?parent=3936"}],"wp:term":[{"taxonomy":"product_brand","embeddable":true,"href":"https:\/\/e-flore.store\/lv\/wp-json\/wp\/v2\/product_brand?post=3936"},{"taxonomy":"product_cat","embeddable":true,"href":"https:\/\/e-flore.store\/lv\/wp-json\/wp\/v2\/product_cat?post=3936"},{"taxonomy":"product_tag","embeddable":true,"href":"https:\/\/e-flore.store\/lv\/wp-json\/wp\/v2\/product_tag?post=3936"}],"curies":[{"name":"wp","href":"https:\/\/api.w.org\/{rel}","templated":true}]}}