{"id":3966,"date":"2026-02-03T16:02:21","date_gmt":"2026-02-03T14:02:21","guid":{"rendered":"https:\/\/demo8.izveide.id.lv\/?post_type=product&#038;p=3966"},"modified":"2026-03-26T15:07:04","modified_gmt":"2026-03-26T13:07:04","slug":"acd532-lk","status":"publish","type":"product","link":"https:\/\/e-flore.store\/lv\/produkts\/acd532-lk\/","title":{"rendered":"ACD532 LK"},"content":{"rendered":"<p><img decoding=\"async\" style=\"width: 100%; height: auto; display: block;\" src=\"\/wp-content\/uploads\/2026\/01\/ACD532-LK-PARENT_desc.jpg\" \/><\/p>\n<p>&nbsp;<\/p>\n<p><strong>ZUR GR<span style=\"font-family: Arial, Helvetica, sans-serif; letter-spacing: normal; background-color: rgba(255, 255, 255, 0.8);\">\u00dc<\/span>NDLICHEN REINIGUNG VON PKW<span style=\"font-size: 11pt;\">&#8216; <\/span>S UND LKW<span style=\"font-size: 11pt;\">&#8216; <\/span>S<\/strong><\/p>\n<p><b>Anwendungsgebiete:<br \/>\n<\/b><\/p>\n<p style=\"text-align: justify;\">&#8220;ACD532 LK&#8221; ist eine leicht saure Fl\u00fcssigkeit. Das Produkt ist laut den Bestimmungen des Bundesdetergentiengesetzes abbauf\u00e4hig und unterliegt nicht den Verordnungen \u00fcber gef\u00e4hrliche Arbeitsstoffe. Durch ausgewogene Zusammensetzung der Bestandteile wird eine synergistische Wirkung erreicht. Das Produkt besitzt deshalb eine hohe Reinigungs- und Netzkraft. Die Oberfl\u00e4chenspannung des in der Reinigungsl\u00f6sung enthaltenen Wassers wird herabgesetzt und so eine hervorragende Schmutzunterwanderung erreicht. Au\u00dferdem werden alte \u00d6l- und Fettablagerungen emulgiert, die dann leicht absp\u00fclbar sind. Auf allen Arten von wasserfesten Materialien kann das Erzeugnis unbedenklich angewendet werden. Bereitet in der Waschanlage die Trocknung vor.<b><br \/>\n<\/b><\/p>\n<p style=\"text-align: justify;\"><b>Verarbeitung:<\/b><\/p>\n<p style=\"text-align: justify;\">Das Produkt ist hoch konzentriert, eine Verd\u00fcnnung von 1:100 &#8211; 1:300 ist ausreichend. Bei den Dosierpumpen in der Waschanlage liegt die Einstellung bei ca. 8 &#8211; 15 %. Das Mittel kann sowohl manuell, als auch maschinell verarbeitet werden.<b><br \/>\n<\/b><\/p>\n<p style=\"text-align: justify;\"><b>Hinweise:<\/b><\/p>\n<p style=\"text-align: justify;\">Lagerzeit: mind. 24 Monate<b><br \/>\n<\/b><\/p>\n<p style=\"text-align: justify;\"><b>pH:<\/b> 4-6 (Konz.)<\/p>\n","protected":false},"excerpt":{"rendered":"<p>&nbsp; ZUR GR\u00dcNDLICHEN REINIGUNG VON PKW&#8216; S UND LKW&#8216; S Anwendungsgebiete: &#8220;ACD532 LK&#8221; ist eine leicht saure Fl\u00fcssigkeit. Das Produkt ist laut den Bestimmungen des Bundesdetergentiengesetzes abbauf\u00e4hig und unterliegt nicht den Verordnungen \u00fcber gef\u00e4hrliche Arbeitsstoffe. Durch ausgewogene Zusammensetzung der Bestandteile wird eine synergistische Wirkung erreicht. Das Produkt besitzt deshalb eine hohe Reinigungs- und Netzkraft. Die&#8230;<\/p>\n","protected":false},"featured_media":3967,"template":"","meta":[],"product_brand":[319],"product_cat":[438,414,432],"product_tag":[],"class_list":{"0":"post-3966","1":"product","2":"type-product","3":"status-publish","4":"has-post-thumbnail","6":"product_brand-chemie-spezial","7":"product_cat-automasinu-sampuni-vaski-un-zavetaji","8":"product_cat-chemie-spezial-produkti","9":"product_cat-automasinu-motociklu-un-kravas-automasinu-tirisana","11":"first","12":"instock","13":"shipping-taxable","14":"purchasable","15":"product-type-variable","16":"has-default-attributes"},"_links":{"self":[{"href":"https:\/\/e-flore.store\/lv\/wp-json\/wp\/v2\/product\/3966","targetHints":{"allow":["GET"]}}],"collection":[{"href":"https:\/\/e-flore.store\/lv\/wp-json\/wp\/v2\/product"}],"about":[{"href":"https:\/\/e-flore.store\/lv\/wp-json\/wp\/v2\/types\/product"}],"wp:featuredmedia":[{"embeddable":true,"href":"https:\/\/e-flore.store\/lv\/wp-json\/wp\/v2\/media\/3967"}],"wp:attachment":[{"href":"https:\/\/e-flore.store\/lv\/wp-json\/wp\/v2\/media?parent=3966"}],"wp:term":[{"taxonomy":"product_brand","embeddable":true,"href":"https:\/\/e-flore.store\/lv\/wp-json\/wp\/v2\/product_brand?post=3966"},{"taxonomy":"product_cat","embeddable":true,"href":"https:\/\/e-flore.store\/lv\/wp-json\/wp\/v2\/product_cat?post=3966"},{"taxonomy":"product_tag","embeddable":true,"href":"https:\/\/e-flore.store\/lv\/wp-json\/wp\/v2\/product_tag?post=3966"}],"curies":[{"name":"wp","href":"https:\/\/api.w.org\/{rel}","templated":true}]}}