{"id":3972,"date":"2026-02-03T16:02:31","date_gmt":"2026-02-03T14:02:31","guid":{"rendered":"https:\/\/demo8.izveide.id.lv\/?post_type=product&#038;p=3972"},"modified":"2026-03-26T15:06:58","modified_gmt":"2026-03-26T13:06:58","slug":"neu010-lk","status":"publish","type":"product","link":"https:\/\/e-flore.store\/lv\/produkts\/neu010-lk\/","title":{"rendered":"NEU010 LK"},"content":{"rendered":"<p><img decoding=\"async\" style=\"width: 100%; height: auto; display: block;\" src=\"\/wp-content\/uploads\/2026\/01\/NEU010-LK-PARENT_desc.jpg\" \/><\/p>\n<p style=\"margin-bottom: 10px; margin-top: 30px;\"><strong>AUTOSHAMPOO F\u00dcR WASCHSTRASSEN UND ZUR MANUELLEN REINIGUNG<\/strong><\/p>\n<p style=\"margin-bottom: 10px; margin-top: 30px;\"><strong>Produkt beschreibung:<\/strong><\/p>\n<p style=\"margin-bottom: 8px; margin-top: 0px; line-height: 1.6;\">Mittelviskose, transparente Fl\u00fcssigkeit, neutral eingestellt. Das Produkt ist laut den Bestimmungen des Bundesdetergentiengesetzes abbauf\u00e4hig und unterliegt nicht den Verordnungen \u00fcber gef\u00e4hrliche Arbeitsstoffe. Durch ausgewogene Zusammensetzung der Bestandteile wird eine synergistische Wirkung erreicht. Das Produkt besitzt deshalb eine hohe Reinigungs- und Netzkraft. Die Oberfl\u00e4chenspannung des in der Reinigungsl\u00f6sung enthaltenen Wassers wird herabgesetzt und so eine hervorragende Schmutzunterwanderung erreicht. Au\u00dferdem werden alte \u00d6lund Fettablagerungen emulgiert, die dann leicht absp\u00fclbar sind. Auf allen Arten von wasserfesten Materialien kann das Erzeugnis unbedenklich angewendetwerden. Die gereinigten Fl\u00e4chen zeigen, bei vorgeschriebener Dosierung, nach dem Auftrocknen einen streifenfreien Glanz auf. Wasserperlenr\u00fcckst\u00e4nde werde auch ohne Abledern vermieden.<\/p>\n<p style=\"margin-bottom: 10px; margin-top: 30px;\"><strong>Verarbeitung:<\/strong><\/p>\n<p style=\"margin-bottom: 8px; margin-top: 0px; line-height: 1.6;\">Die normale Dosierung des in jedem Verh\u00e4ltnis mit Wasser mischbaren Produktes liegt bei 25 bis 50 ccm auf einen Eimer Wasser (8 Ltr.). Bei starken Schmutzablagerungen z. B. an Nutzfahrzeugen, Waggons u.a. kann die Dosierung auf 200 ccm pro Eimer Wasser (8 Ltr.) erh\u00f6ht werden.<\/p>\n<p style=\"margin-bottom: 10px; margin-top: 30px;\"><strong>Hinweise:<\/strong><\/p>\n<p style=\"margin-bottom: 8px; margin-top: 0px; line-height: 1.6;\">Das Mittel kann sowohl manuell, als auch maschinell verarbeitet werden. Bei der manuellen Verarbeitung tritt eine mittlere Schaumentwicklung auf, die bei einer hei\u00dfen Anwendung in Hochdruckger\u00e4ten merklich zur\u00fcckgeht.<\/p>\n<p style=\"margin-bottom: 2px; margin-top: 20px; line-height: 1.4;\">In B\u00fcrstenanlagen je nach Wasserh\u00e4rte 1:100 &#8211; 1:200 verd\u00fcnnen.<\/p>\n<p style=\"margin-bottom: 10px; margin-top: 30px;\"><strong>pH (konz.):\u00a0<\/strong>7<\/p>\n","protected":false},"excerpt":{"rendered":"<p>AUTOSHAMPOO F\u00dcR WASCHSTRASSEN UND ZUR MANUELLEN REINIGUNG Produkt beschreibung: Mittelviskose, transparente Fl\u00fcssigkeit, neutral eingestellt. Das Produkt ist laut den Bestimmungen des Bundesdetergentiengesetzes abbauf\u00e4hig und unterliegt nicht den Verordnungen \u00fcber gef\u00e4hrliche Arbeitsstoffe. Durch ausgewogene Zusammensetzung der Bestandteile wird eine synergistische Wirkung erreicht. Das Produkt besitzt deshalb eine hohe Reinigungs- und Netzkraft. Die Oberfl\u00e4chenspannung des in der&#8230;<\/p>\n","protected":false},"featured_media":3973,"template":"","meta":[],"product_brand":[319],"product_cat":[438,414,432],"product_tag":[],"class_list":{"0":"post-3972","1":"product","2":"type-product","3":"status-publish","4":"has-post-thumbnail","6":"product_brand-chemie-spezial","7":"product_cat-automasinu-sampuni-vaski-un-zavetaji","8":"product_cat-chemie-spezial-produkti","9":"product_cat-automasinu-motociklu-un-kravas-automasinu-tirisana","11":"first","12":"instock","13":"shipping-taxable","14":"purchasable","15":"product-type-variable","16":"has-default-attributes"},"_links":{"self":[{"href":"https:\/\/e-flore.store\/lv\/wp-json\/wp\/v2\/product\/3972","targetHints":{"allow":["GET"]}}],"collection":[{"href":"https:\/\/e-flore.store\/lv\/wp-json\/wp\/v2\/product"}],"about":[{"href":"https:\/\/e-flore.store\/lv\/wp-json\/wp\/v2\/types\/product"}],"wp:featuredmedia":[{"embeddable":true,"href":"https:\/\/e-flore.store\/lv\/wp-json\/wp\/v2\/media\/3973"}],"wp:attachment":[{"href":"https:\/\/e-flore.store\/lv\/wp-json\/wp\/v2\/media?parent=3972"}],"wp:term":[{"taxonomy":"product_brand","embeddable":true,"href":"https:\/\/e-flore.store\/lv\/wp-json\/wp\/v2\/product_brand?post=3972"},{"taxonomy":"product_cat","embeddable":true,"href":"https:\/\/e-flore.store\/lv\/wp-json\/wp\/v2\/product_cat?post=3972"},{"taxonomy":"product_tag","embeddable":true,"href":"https:\/\/e-flore.store\/lv\/wp-json\/wp\/v2\/product_tag?post=3972"}],"curies":[{"name":"wp","href":"https:\/\/api.w.org\/{rel}","templated":true}]}}